{"id":761125,"date":"2025-08-28T09:27:59","date_gmt":"2025-08-28T06:27:59","guid":{"rendered":"https:\/\/roveyayinevi.com.tr\/index.php\/urun\/kisa-israil-filistin-tarihi\/"},"modified":"2026-04-16T03:14:43","modified_gmt":"2026-04-16T00:14:43","slug":"kisa-israil-filistin-tarihi","status":"publish","type":"product","link":"https:\/\/roveyayinevi.com.tr\/index.php\/urun\/kisa-israil-filistin-tarihi\/","title":{"rendered":"K\u0131sa \u0130srail &#8211; Filistin Tarihi"},"content":{"rendered":"<p>\u0130srail ve Filistin aras\u0131nda devam eden m\u00fccadele derin k\u00fcresel sonu\u00e7lar\u0131 olan, tarihin en ac\u0131 \u00e7at\u0131\u015fmalar\u0131ndan biridir. Orta Do\u011fu uzman\u0131 Michael Scott-Baumann \u00e7at\u0131\u015fman\u0131n k\u00f6kenlerini k\u0131sa ve \u00f6z bir \u015fekilde a\u00e7\u0131klarken bir yandan da i\u00e7 sava\u015ftan g\u00fcn\u00fcm\u00fcze dek m\u00fccadelenin evrimini g\u00f6zler \u00f6n\u00fcne seriyor. Her b\u00f6l\u00fcm anla\u015fmazl\u0131ktan etkilenen Filistin ve \u0130sraillilerin ki\u015fisel ifadeleriyle sona eriyor. Yirminci y\u00fczy\u0131l\u0131n ba\u015f\u0131nda \u0130ngilizlerin rol\u00fc, 1948\u2019de \u0130srail devletinin kurulu\u015fu, 1967\u2019deki Alt\u0131 G\u00fcn Sava\u015f\u0131 ve Trump y\u00f6netiminin bar\u0131\u015f plan\u0131 da dahil olmak \u00fczere \u0130srail-Filistin \u00e7at\u0131\u015fmas\u0131n\u0131n d\u00f6neme\u00e7 noktalar\u0131n\u0131 okuyarak \u0130srail\u2019in Filistin topraklar\u0131ndaki kontrol\u00fcn\u00fcn ve Filistin direni\u015finin niteli\u011fi hakk\u0131nda bilgi edineceksiniz. Filistinliler ve \u0130srailliler her zaman birbirlerine kom\u015fu olacaklar. Dolay\u0131s\u0131yla, e\u015fitlik ve adalete dayal\u0131 bir uzla\u015fma her iki halk\u0131n bar\u0131\u015f ve g\u00fcven i\u00e7inde ya\u015famas\u0131n\u0131 sa\u011flayabilir. Ne var ki mevcut durumda bu epey uzak bir ihtimalmi\u015f gibi g\u00f6r\u00fcn\u00fcyor. <\/p>\n","protected":false},"excerpt":{"rendered":"<p>\u0130srail ve Filistin aras\u0131nda devam eden m\u00fccadele derin k\u00fcresel sonu\u00e7lar\u0131 olan, tarihin en ac\u0131 \u00e7at\u0131\u015fmalar\u0131ndan biridir. Orta Do\u011fu uzman\u0131 Michael Scott-Baumann \u00e7at\u0131\u015fman\u0131n k\u00f6kenlerini k\u0131sa ve \u00f6z<span class=\"excerpt-hellip\"> [\u2026]<\/span><\/p>\n","protected":false},"featured_media":0,"template":"","meta":{"_monsterinsights_skip_tracking":false,"_monsterinsights_sitenote_active":false,"_monsterinsights_sitenote_note":"","_monsterinsights_sitenote_category":0},"product_brand":[],"product_cat":[12304],"product_tag":[],"class_list":{"0":"post-761125","1":"product","2":"type-product","3":"status-publish","5":"product_cat-tarih","6":"pa_cilt-ciltsiz","7":"pa_tur-kitap","8":"pa_yayinevi-say-yayinlari","9":"pa_yazar-michael-scott-baumann","11":"first","12":"instock","13":"sale","14":"shipping-taxable","15":"purchasable","16":"product-type-simple"},"_links":{"self":[{"href":"https:\/\/roveyayinevi.com.tr\/index.php\/wp-json\/wp\/v2\/product\/761125","targetHints":{"allow":["GET"]}}],"collection":[{"href":"https:\/\/roveyayinevi.com.tr\/index.php\/wp-json\/wp\/v2\/product"}],"about":[{"href":"https:\/\/roveyayinevi.com.tr\/index.php\/wp-json\/wp\/v2\/types\/product"}],"wp:attachment":[{"href":"https:\/\/roveyayinevi.com.tr\/index.php\/wp-json\/wp\/v2\/media?parent=761125"}],"wp:term":[{"taxonomy":"product_brand","embeddable":true,"href":"https:\/\/roveyayinevi.com.tr\/index.php\/wp-json\/wp\/v2\/product_brand?post=761125"},{"taxonomy":"product_cat","embeddable":true,"href":"https:\/\/roveyayinevi.com.tr\/index.php\/wp-json\/wp\/v2\/product_cat?post=761125"},{"taxonomy":"product_tag","embeddable":true,"href":"https:\/\/roveyayinevi.com.tr\/index.php\/wp-json\/wp\/v2\/product_tag?post=761125"}],"curies":[{"name":"wp","href":"https:\/\/api.w.org\/{rel}","templated":true}]}}