{"id":761123,"date":"2025-08-28T09:27:55","date_gmt":"2025-08-28T06:27:55","guid":{"rendered":"https:\/\/roveyayinevi.com.tr\/index.php\/urun\/kal-bizimle-daphne\/"},"modified":"2026-04-16T03:14:43","modified_gmt":"2026-04-16T00:14:43","slug":"kal-bizimle-daphne","status":"publish","type":"product","link":"https:\/\/roveyayinevi.com.tr\/index.php\/urun\/kal-bizimle-daphne\/","title":{"rendered":"Kal Bizimle Daphne"},"content":{"rendered":"<p>\u0130stanbullu doktor bir baban\u0131n sevgili k\u00fc\u00e7\u00fck k\u0131z\u0131 Defne\u2026 Yalova Termal\u2019in \u00d6mer\u2019i ve Nergis\u2019i\u2026 Marmara Depremi\u2026 Yitirilen canlar\u2026 Mucizenin ad\u0131 Defne\u2026 On bir ya\u015f\u0131nda e\u011fitim i\u00e7in Londra\u2019 ya, yat\u0131l\u0131 okula g\u00f6nderilir. \u0130yi insanlarla kesi\u015fir yolu. Do\u011fdu\u011fu ama yabanc\u0131s\u0131 oldu\u011fu bu \u015fehirde mutluluk ve \u00f6zg\u00fcrl\u00fck aray\u0131\u015f\u0131yla ya\u015fama s\u0131ms\u0131k\u0131 sar\u0131l\u0131r. Ad\u0131 Daphne olur ve bize, bir anlamda aidiyet aray\u0131\u015f\u0131ndaki g\u00f6\u00e7menli\u011finin hik\u00e2yesini anlat\u0131r. Kal Bizimle Daphne gidenlerin roman\u0131\u2026 Bitti denildi\u011finde bitmeyen, bizi biz yapan unsurlara katk\u0131 sa\u011flayan d\u00f6n\u00fc\u015f\u00fcmlere \u0131\u015f\u0131k tutuyor. \u00c7aban\u0131n, sevginin, umudun, \u015fifan\u0131n, \u015fifac\u0131n\u0131n, gen\u00e7 olman\u0131n \u00f6yk\u00fcs\u00fcn\u00fc anlat\u0131yor\u2026 \u201c\u00c7it olarak budanm\u0131\u015f maz\u0131lar\u0131n yan\u0131ndaki banka oturdu\u011fumda, \u00f6n\u00fcmde g\u00f6z alabildi\u011fine uzanan \u00e7imenlik hem d\u00fcnyan\u0131n merkezinde hem de farkl\u0131 bir gezegendeymi\u015fim hissi verirdi. \u0130yi de oluyordu. \u00dczerinde iki g\u00fcl a\u011fac\u0131ndan ba\u015fka tek bir \u00e7al\u0131 dahi bulunmayan bu yemye\u015fil d\u00fczl\u00fck, \u00f6yle yal\u0131n ve \u00f6yle berrakt\u0131 ki insan\u0131n d\u00fc\u015f\u00fcncelerini ve hedeflerini de \u00f6yle berrak ye\u015fertiyordu. D\u00fc\u015f\u00fcn\u00fcr, sorgulard\u0131m kendimce. \u2018Nereden geldim, nereye gidiyorum?\u2019 \u2018Neyin pe\u015findeyim? Neden hayat\u0131m di\u011fer tan\u0131d\u0131klar\u0131m\u0131nki gibi olmad\u0131?\u2019 \u2018Ne yapacakt\u0131m bundan sonra? \u0130ki ad\u0131m \u00f6temi nas\u0131l planlamal\u0131yd\u0131m?\u2019 Belki de g\u00f6z alabildi\u011fine uzanan bu \u00e7imenlik alandaki iki g\u00fcl a\u011fac\u0131, sadelikleriyle b\u00fct\u00fcn bu sorular\u0131n cevab\u0131yd\u0131\u2026\u201d <\/p>\n","protected":false},"excerpt":{"rendered":"<p>\u0130stanbullu doktor bir baban\u0131n sevgili k\u00fc\u00e7\u00fck k\u0131z\u0131 Defne\u2026 Yalova Termal\u2019in \u00d6mer\u2019i ve Nergis\u2019i\u2026 Marmara Depremi\u2026 Yitirilen canlar\u2026 Mucizenin ad\u0131 Defne\u2026 On bir ya\u015f\u0131nda e\u011fitim i\u00e7in Londra\u2019<span class=\"excerpt-hellip\"> [\u2026]<\/span><\/p>\n","protected":false},"featured_media":0,"template":"","meta":{"_monsterinsights_skip_tracking":false,"_monsterinsights_sitenote_active":false,"_monsterinsights_sitenote_note":"","_monsterinsights_sitenote_category":0},"product_brand":[],"product_cat":[12291,12711],"product_tag":[],"class_list":{"0":"post-761123","1":"product","2":"type-product","3":"status-publish","5":"product_cat-edebiyat","6":"product_cat-roman-oyku","7":"pa_cilt-ciltsiz","8":"pa_tur-kitap","9":"pa_yayinevi-altin-kitaplar","10":"pa_yazar-yelgin-arkoc-mesci","12":"first","13":"instock","14":"sale","15":"shipping-taxable","16":"purchasable","17":"product-type-simple"},"_links":{"self":[{"href":"https:\/\/roveyayinevi.com.tr\/index.php\/wp-json\/wp\/v2\/product\/761123","targetHints":{"allow":["GET"]}}],"collection":[{"href":"https:\/\/roveyayinevi.com.tr\/index.php\/wp-json\/wp\/v2\/product"}],"about":[{"href":"https:\/\/roveyayinevi.com.tr\/index.php\/wp-json\/wp\/v2\/types\/product"}],"wp:attachment":[{"href":"https:\/\/roveyayinevi.com.tr\/index.php\/wp-json\/wp\/v2\/media?parent=761123"}],"wp:term":[{"taxonomy":"product_brand","embeddable":true,"href":"https:\/\/roveyayinevi.com.tr\/index.php\/wp-json\/wp\/v2\/product_brand?post=761123"},{"taxonomy":"product_cat","embeddable":true,"href":"https:\/\/roveyayinevi.com.tr\/index.php\/wp-json\/wp\/v2\/product_cat?post=761123"},{"taxonomy":"product_tag","embeddable":true,"href":"https:\/\/roveyayinevi.com.tr\/index.php\/wp-json\/wp\/v2\/product_tag?post=761123"}],"curies":[{"name":"wp","href":"https:\/\/api.w.org\/{rel}","templated":true}]}}