{"id":761122,"date":"2025-08-28T09:27:53","date_gmt":"2025-08-28T06:27:53","guid":{"rendered":"https:\/\/roveyayinevi.com.tr\/index.php\/urun\/felsefi-dusun-sayi22-ahlak-felsefesi\/"},"modified":"2026-04-16T03:14:43","modified_gmt":"2026-04-16T00:14:43","slug":"felsefi-dusun-sayi22-ahlak-felsefesi","status":"publish","type":"product","link":"https:\/\/roveyayinevi.com.tr\/index.php\/urun\/felsefi-dusun-sayi22-ahlak-felsefesi\/","title":{"rendered":"Felsefi D\u00fc\u015f\u00fcn Say\u0131:22 Ahlak Felsefesi"},"content":{"rendered":"<p>DERG\u0130 HAKKINDA       Mehmet G\u00dcNEN\u00c7 SUNU\u015e   MAKALELER   M\u00fcmine BERK Emmanuel Levinas\u2019ta Kendilik ve Ba\u015fkas\u0131: Etik Bir Soru\u015fturma * Rabia CAN PAMUK Arthur Schopenhauer\u2019in Ahlak Metafizi\u011fi: Ahlak Felsefesinin Temel \u0130lkesi Ba\u011flam\u0131nda Merhamet Eti\u011fi * Umut DA\u011e Michael Sandel\u2019in Meritokratik Etik Ele\u015ftirisi ve E\u011fitimde Sosyal Adalet * G\u00f6khan MURTEZA John Locke\u2019un Ahlak D\u00fc\u015f\u00fcncesinin Epistemolojik Temelleri * Alber Erol NAHUM Ahlaki Bir Sorun Olarak Ateizm: Bayle\u2019in Spinoza Okumas\u0131 *   Fatma T\u00dcT\u00dcNC\u00dc Patriyotik Yan\u0131lg\u0131lar ve Patriyotik Ba\u011fl\u0131l\u0131klar \u00dczerine Ele\u015ftirel Bir De\u011ferlendirme * Ahmet Kadir USLU Ahlak\u0131n Ahlaks\u0131zl\u0131\u011f\u0131: Marquis de Sade ve Nietzsche * Necip UYANIK Nazi \u0130deolojisinin Engelli \u00c7ocuk Politikas\u0131: Platoncu K\u00f6kenler \u00dczerine Bir De\u011ferlendirme   K\u0130TAP \u0130NCELEME Saadet YED\u0130\u00c7 Mehmet G\u00dcNEN\u00c7 &#8211; Ahl\u00e2k\u0131n Felsef\u00ee D\u00f6n\u00fc\u015f\u00fcm\u00fc <\/p>\n","protected":false},"excerpt":{"rendered":"<p>DERG\u0130 HAKKINDA Mehmet G\u00dcNEN\u00c7 SUNU\u015e MAKALELER M\u00fcmine BERK Emmanuel Levinas\u2019ta Kendilik ve Ba\u015fkas\u0131: Etik Bir Soru\u015fturma * Rabia CAN PAMUK Arthur Schopenhauer\u2019in Ahlak Metafizi\u011fi: Ahlak Felsefesinin<span class=\"excerpt-hellip\"> [\u2026]<\/span><\/p>\n","protected":false},"featured_media":0,"template":"","meta":{"_monsterinsights_skip_tracking":false,"_monsterinsights_sitenote_active":false,"_monsterinsights_sitenote_note":"","_monsterinsights_sitenote_category":0},"product_brand":[],"product_cat":[13527],"product_tag":[],"class_list":{"0":"post-761122","1":"product","2":"type-product","3":"status-publish","5":"product_cat-sureli-yayinlar","6":"pa_cilt-ciltsiz","7":"pa_tur-dergi","8":"pa_yayinevi-pinhan-yayincilik","9":"pa_yazar-kolektif","11":"first","12":"instock","13":"sale","14":"shipping-taxable","15":"purchasable","16":"product-type-simple"},"_links":{"self":[{"href":"https:\/\/roveyayinevi.com.tr\/index.php\/wp-json\/wp\/v2\/product\/761122","targetHints":{"allow":["GET"]}}],"collection":[{"href":"https:\/\/roveyayinevi.com.tr\/index.php\/wp-json\/wp\/v2\/product"}],"about":[{"href":"https:\/\/roveyayinevi.com.tr\/index.php\/wp-json\/wp\/v2\/types\/product"}],"wp:attachment":[{"href":"https:\/\/roveyayinevi.com.tr\/index.php\/wp-json\/wp\/v2\/media?parent=761122"}],"wp:term":[{"taxonomy":"product_brand","embeddable":true,"href":"https:\/\/roveyayinevi.com.tr\/index.php\/wp-json\/wp\/v2\/product_brand?post=761122"},{"taxonomy":"product_cat","embeddable":true,"href":"https:\/\/roveyayinevi.com.tr\/index.php\/wp-json\/wp\/v2\/product_cat?post=761122"},{"taxonomy":"product_tag","embeddable":true,"href":"https:\/\/roveyayinevi.com.tr\/index.php\/wp-json\/wp\/v2\/product_tag?post=761122"}],"curies":[{"name":"wp","href":"https:\/\/api.w.org\/{rel}","templated":true}]}}