{"id":761119,"date":"2025-08-28T09:27:48","date_gmt":"2025-08-28T06:27:48","guid":{"rendered":"https:\/\/roveyayinevi.com.tr\/index.php\/urun\/kolay-ayurveda\/"},"modified":"2026-04-12T03:17:37","modified_gmt":"2026-04-12T00:17:37","slug":"kolay-ayurveda","status":"publish","type":"product","link":"https:\/\/roveyayinevi.com.tr\/index.php\/urun\/kolay-ayurveda\/","title":{"rendered":"Kolay Ayurveda"},"content":{"rendered":"<p>BEDEN HER ZAMAN \u0130Y\u0130 KALMAK \u0130STER, ONA DESTEK OLMAK EL\u0130N\u0130ZDE.   Sa\u011fl\u0131kl\u0131 ve i\u015ftahla yemek yiyebilmenin, k\u00fc\u00e7\u00fck rahats\u0131zl\u0131klar\u0131 \u00f6nleyerek ve bedeninizi tan\u0131yarak hareket edebilmenin \u00f6zg\u00fcrl\u00fc\u011f\u00fcn\u00fc d\u00fc\u015f\u00fcn\u00fcn; okurken bile hafiflediniz de\u011fil mi?   Kendi bedeninizi tan\u0131maya ba\u015flayaca\u011f\u0131n\u0131z e\u015fsiz bir yolculuk i\u00e7in ipu\u00e7lar\u0131 ve bilgiler sunan bu kitap, kendisini Ayurveda ile iyile\u015ftirmi\u015f olan yazar\u0131 taraf\u0131ndan, y\u0131llard\u0131r biriktirdi\u011fi, dan\u0131\u015fanlar\u0131ndan \u00f6\u011frendi\u011fi bilgilerin harmanlanmas\u0131yla mutfak dolab\u0131n\u0131zda var olan deva ile tan\u0131\u015fman\u0131z i\u00e7in haz\u0131rlanm\u0131\u015ft\u0131r.   Kolayl\u0131kla g\u00fcnl\u00fck hayata ge\u00e7irebilece\u011finiz bilgiler ve ipu\u00e7lar\u0131 ile donanm\u0131\u015f Kolay Ayurveda, herkese uygun ve kendi i\u00e7 pusulan\u0131z ile ileti\u015fime ge\u00e7meniz i\u00e7in kullan\u0131c\u0131 dostu bir rehber.   Bedenin miza\u00e7lar\u0131n\u0131 tan\u0131yarak, hangi mizaca nelerin iyi gelebilece\u011fini \u00f6\u011frenerek, beden ve ruh halimizin g\u00fcnl\u00fck de\u011fi\u015fimlerini fark edip g\u00fcndelik minik de\u011fi\u015fiklikler yaparak din\u00e7 ve sa\u011fl\u0131kl\u0131 kalabiliriz. Hasta olmaktan korkmadan ya\u015fayabiliriz\u2026   Beden her zaman iyi kalmak ister, ona destek olmak elinizde. <\/p>\n","protected":false},"excerpt":{"rendered":"<p>BEDEN HER ZAMAN \u0130Y\u0130 KALMAK \u0130STER, ONA DESTEK OLMAK EL\u0130N\u0130ZDE. Sa\u011fl\u0131kl\u0131 ve i\u015ftahla yemek yiyebilmenin, k\u00fc\u00e7\u00fck rahats\u0131zl\u0131klar\u0131 \u00f6nleyerek ve bedeninizi tan\u0131yarak hareket edebilmenin \u00f6zg\u00fcrl\u00fc\u011f\u00fcn\u00fc d\u00fc\u015f\u00fcn\u00fcn; okurken<span class=\"excerpt-hellip\"> [\u2026]<\/span><\/p>\n","protected":false},"featured_media":0,"template":"","meta":{"_monsterinsights_skip_tracking":false,"_monsterinsights_sitenote_active":false,"_monsterinsights_sitenote_note":"","_monsterinsights_sitenote_category":0},"product_brand":[],"product_cat":[12364,12376],"product_tag":[],"class_list":{"0":"post-761119","1":"product","2":"type-product","3":"status-publish","5":"product_cat-genel-konular","6":"product_cat-kisisel-gelisim","7":"pa_cilt-ciltsiz","8":"pa_tur-kitap","9":"pa_yayinevi-destek-yayinlari","10":"pa_yazar-n-sine-ozsoy","12":"first","13":"instock","14":"sale","15":"shipping-taxable","16":"purchasable","17":"product-type-simple"},"_links":{"self":[{"href":"https:\/\/roveyayinevi.com.tr\/index.php\/wp-json\/wp\/v2\/product\/761119","targetHints":{"allow":["GET"]}}],"collection":[{"href":"https:\/\/roveyayinevi.com.tr\/index.php\/wp-json\/wp\/v2\/product"}],"about":[{"href":"https:\/\/roveyayinevi.com.tr\/index.php\/wp-json\/wp\/v2\/types\/product"}],"wp:attachment":[{"href":"https:\/\/roveyayinevi.com.tr\/index.php\/wp-json\/wp\/v2\/media?parent=761119"}],"wp:term":[{"taxonomy":"product_brand","embeddable":true,"href":"https:\/\/roveyayinevi.com.tr\/index.php\/wp-json\/wp\/v2\/product_brand?post=761119"},{"taxonomy":"product_cat","embeddable":true,"href":"https:\/\/roveyayinevi.com.tr\/index.php\/wp-json\/wp\/v2\/product_cat?post=761119"},{"taxonomy":"product_tag","embeddable":true,"href":"https:\/\/roveyayinevi.com.tr\/index.php\/wp-json\/wp\/v2\/product_tag?post=761119"}],"curies":[{"name":"wp","href":"https:\/\/api.w.org\/{rel}","templated":true}]}}