{"id":761118,"date":"2025-08-28T09:27:45","date_gmt":"2025-08-28T06:27:45","guid":{"rendered":"https:\/\/roveyayinevi.com.tr\/index.php\/urun\/ataturkun-gizli-kalmis-anilari\/"},"modified":"2026-04-16T03:14:43","modified_gmt":"2026-04-16T00:14:43","slug":"ataturkun-gizli-kalmis-anilari","status":"publish","type":"product","link":"https:\/\/roveyayinevi.com.tr\/index.php\/urun\/ataturkun-gizli-kalmis-anilari\/","title":{"rendered":"Atat\u00fcrk\u2019\u00fcn Gizli Kalm\u0131\u015f An\u0131lar\u0131"},"content":{"rendered":"<p>&#8220;DEHA \u0130\u00c7\u0130N GEREKL\u0130 \u0130LK VE SON \u015eEY, GER\u00c7E\u011eE DUYULAN A\u015eKTIR&#8230;&#8221;   -GOETHE   Elinizdeki bu kitap, y\u00fczden fazla Atat\u00fcrk an\u0131s\u0131n\u0131 i\u00e7ermektedir.   An\u0131lar\u0131n \u00e7o\u011funlu\u011fu, tarih sayfalar\u0131n\u0131n tozlu yapraklar\u0131 aras\u0131nda bir s\u0131r olarak kalm\u0131\u015ft\u0131r. Bunun nedeni, an\u0131lar\u0131n ya\u015fand\u0131\u011f\u0131 d\u00f6nemde Atat\u00fcrk\u2019e yak\u0131n olan ki\u015filerin ya\u015fad\u0131klar\u0131n\u0131 sonraki y\u0131llarda yazmalar\u0131 ve yine h\u0131zl\u0131ca haf\u0131zalardan silinmeleridir&#8230;   Oysa Atat\u00fcrk\u2019e ve ileri g\u00f6r\u00fc\u015fl\u00fcl\u00fc\u011f\u00fcne acilen ihtiya\u00e7 duydu\u011fumuz zamanlardan ge\u00e7erken, d\u00fcnya askeri ve siyasi tarihine ad\u0131n\u0131 alt\u0131n harflerle yazd\u0131rm\u0131\u015f bir \u00f6nderin bu an\u0131lar\u0131n\u0131n mutlaka bilinmesi gerekmektedir.   Ya\u015fan\u0131lanlar\u0131n g\u00fcn \u0131\u015f\u0131\u011f\u0131na \u00e7\u0131kmas\u0131 a\u00e7\u0131s\u0131ndan d\u00fczenlenen bu ara\u015ft\u0131rma, gelece\u011fi emanet etti\u011fimiz \u00e7ocuk ve gen\u00e7lere ilham kayna\u011f\u0131 olacakt\u0131r.   Okuyacaklar\u0131n\u0131z ve tan\u0131k olacaklar\u0131n\u0131za \u015fa\u015f\u0131rmaman\u0131z dile\u011fiyle&#8230; <\/p>\n","protected":false},"excerpt":{"rendered":"<p>&#8220;DEHA \u0130\u00c7\u0130N GEREKL\u0130 \u0130LK VE SON \u015eEY, GER\u00c7E\u011eE DUYULAN A\u015eKTIR&#8230;&#8221; -GOETHE Elinizdeki bu kitap, y\u00fczden fazla Atat\u00fcrk an\u0131s\u0131n\u0131 i\u00e7ermektedir. An\u0131lar\u0131n \u00e7o\u011funlu\u011fu, tarih sayfalar\u0131n\u0131n tozlu yapraklar\u0131 aras\u0131nda<span class=\"excerpt-hellip\"> [\u2026]<\/span><\/p>\n","protected":false},"featured_media":0,"template":"","meta":{"_monsterinsights_skip_tracking":false,"_monsterinsights_sitenote_active":false,"_monsterinsights_sitenote_note":"","_monsterinsights_sitenote_category":0},"product_brand":[],"product_cat":[13701,12291],"product_tag":[],"class_list":{"0":"post-761118","1":"product","2":"type-product","3":"status-publish","5":"product_cat-ani-mektup-gunluk","6":"product_cat-edebiyat","7":"pa_cilt-ciltsiz","8":"pa_tur-kitap","9":"pa_yayinevi-destek-yayinlari","10":"pa_yazar-yasar-gursoy","12":"first","13":"instock","14":"sale","15":"shipping-taxable","16":"purchasable","17":"product-type-simple"},"_links":{"self":[{"href":"https:\/\/roveyayinevi.com.tr\/index.php\/wp-json\/wp\/v2\/product\/761118","targetHints":{"allow":["GET"]}}],"collection":[{"href":"https:\/\/roveyayinevi.com.tr\/index.php\/wp-json\/wp\/v2\/product"}],"about":[{"href":"https:\/\/roveyayinevi.com.tr\/index.php\/wp-json\/wp\/v2\/types\/product"}],"wp:attachment":[{"href":"https:\/\/roveyayinevi.com.tr\/index.php\/wp-json\/wp\/v2\/media?parent=761118"}],"wp:term":[{"taxonomy":"product_brand","embeddable":true,"href":"https:\/\/roveyayinevi.com.tr\/index.php\/wp-json\/wp\/v2\/product_brand?post=761118"},{"taxonomy":"product_cat","embeddable":true,"href":"https:\/\/roveyayinevi.com.tr\/index.php\/wp-json\/wp\/v2\/product_cat?post=761118"},{"taxonomy":"product_tag","embeddable":true,"href":"https:\/\/roveyayinevi.com.tr\/index.php\/wp-json\/wp\/v2\/product_tag?post=761118"}],"curies":[{"name":"wp","href":"https:\/\/api.w.org\/{rel}","templated":true}]}}