{"id":761117,"date":"2025-08-28T09:27:43","date_gmt":"2025-08-28T06:27:43","guid":{"rendered":"https:\/\/roveyayinevi.com.tr\/index.php\/urun\/postmodern-cadilar\/"},"modified":"2026-04-16T03:14:43","modified_gmt":"2026-04-16T00:14:43","slug":"postmodern-cadilar","status":"publish","type":"product","link":"https:\/\/roveyayinevi.com.tr\/index.php\/urun\/postmodern-cadilar\/","title":{"rendered":"Postmodern Cad\u0131lar"},"content":{"rendered":"<p>Yoksa ger\u00e7ek a\u015fk\u0131n cesur y\u00fcrekli prensleri o g\u00fczel atlar\u0131na atlay\u0131p gittiler mi?   G\u00fc\u00e7l\u00fc kad\u0131nlar\u0131 iyi tan\u0131d\u0131\u011f\u0131n\u0131zdan emin misiniz?   G\u00fc\u00e7l\u00fc kad\u0131nlar a\u011flamaz, incinmez, etkilenmez, sars\u0131lmaz san\u0131yorsan\u0131z yan\u0131l\u0131yorsunuz. G\u00fc\u00e7l\u00fc kad\u0131nlar a\u011flarlar ama geri ad\u0131m atmazlar, incinirler ama sald\u0131rmazlar, etkilenirler ama teslim olmazlar, sars\u0131l\u0131rlar ama y\u0131k\u0131lmazlar. Onlar\u0131n dik duru\u015flar\u0131n\u0131n ard\u0131nda ne \u00e7ok g\u00f6zya\u015f\u0131, hayal k\u0131r\u0131kl\u0131\u011f\u0131 ve yenilgi vard\u0131r bilemezsiniz. G\u00fc\u00e7l\u00fc kad\u0131nlar i\u00e7lerine a\u011flarlar, \u00f6yle bir vazge\u00e7erler ki gittikleri bile duyulmaz. G\u00fc\u00e7l\u00fc kad\u0131nlar g\u00fcr\u00fclt\u00fcs\u00fczd\u00fcr. Ba\u011f\u0131ra \u00e7a\u011f\u0131ra gitmezler, y\u0131k\u0131p d\u00f6kmezler, parmak u\u00e7lar\u0131nda hafif ad\u0131mlarla \u00e7\u0131k\u0131p giderler, buhar olup u\u00e7arlar, aramakla bulunmazlar bir daha.   Onlar ger\u00e7ek a\u015fk\u0131n kahramanlar\u0131, samimi insanlar\u0131n yolda\u015f\u0131 olmaya raz\u0131d\u0131rlar sadece. \u0130dare etmezler, kand\u0131rmazlar, aptala yatmazlar, rol kesmezler. G\u00fc\u00e7l\u00fc kad\u0131nlar, zor insanlar de\u011fildir, zor olan ger\u00e7ek ve samimi olmakt\u0131r. \u00c7\u00fcnk\u00fc g\u00fc\u00e7l\u00fc kad\u0131nlar ger\u00e7ek olmayan\u0131 g\u00f6r\u00fcrler, yapmac\u0131k olana m\u00fcsamaha g\u00f6stermezler, yalan\u0131 sevmezler, aptal yerine konmaya izin vermezler. <\/p>\n","protected":false},"excerpt":{"rendered":"<p>Yoksa ger\u00e7ek a\u015fk\u0131n cesur y\u00fcrekli prensleri o g\u00fczel atlar\u0131na atlay\u0131p gittiler mi? G\u00fc\u00e7l\u00fc kad\u0131nlar\u0131 iyi tan\u0131d\u0131\u011f\u0131n\u0131zdan emin misiniz? G\u00fc\u00e7l\u00fc kad\u0131nlar a\u011flamaz, incinmez, etkilenmez, sars\u0131lmaz san\u0131yorsan\u0131z yan\u0131l\u0131yorsunuz.<span class=\"excerpt-hellip\"> [\u2026]<\/span><\/p>\n","protected":false},"featured_media":0,"template":"","meta":{"_monsterinsights_skip_tracking":false,"_monsterinsights_sitenote_active":false,"_monsterinsights_sitenote_note":"","_monsterinsights_sitenote_category":0},"product_brand":[],"product_cat":[18545,12291],"product_tag":[],"class_list":{"0":"post-761117","1":"product","2":"type-product","3":"status-publish","5":"product_cat-anlati","6":"product_cat-edebiyat","7":"pa_cilt-ciltsiz","8":"pa_tur-kitap","9":"pa_yayinevi-destek-yayinlari","10":"pa_yazar-balcicek-ilter","12":"first","13":"instock","14":"sale","15":"shipping-taxable","16":"purchasable","17":"product-type-simple"},"_links":{"self":[{"href":"https:\/\/roveyayinevi.com.tr\/index.php\/wp-json\/wp\/v2\/product\/761117","targetHints":{"allow":["GET"]}}],"collection":[{"href":"https:\/\/roveyayinevi.com.tr\/index.php\/wp-json\/wp\/v2\/product"}],"about":[{"href":"https:\/\/roveyayinevi.com.tr\/index.php\/wp-json\/wp\/v2\/types\/product"}],"wp:attachment":[{"href":"https:\/\/roveyayinevi.com.tr\/index.php\/wp-json\/wp\/v2\/media?parent=761117"}],"wp:term":[{"taxonomy":"product_brand","embeddable":true,"href":"https:\/\/roveyayinevi.com.tr\/index.php\/wp-json\/wp\/v2\/product_brand?post=761117"},{"taxonomy":"product_cat","embeddable":true,"href":"https:\/\/roveyayinevi.com.tr\/index.php\/wp-json\/wp\/v2\/product_cat?post=761117"},{"taxonomy":"product_tag","embeddable":true,"href":"https:\/\/roveyayinevi.com.tr\/index.php\/wp-json\/wp\/v2\/product_tag?post=761117"}],"curies":[{"name":"wp","href":"https:\/\/api.w.org\/{rel}","templated":true}]}}