{"id":761115,"date":"2025-08-28T09:27:38","date_gmt":"2025-08-28T06:27:38","guid":{"rendered":"https:\/\/roveyayinevi.com.tr\/index.php\/urun\/baris-icin-savas\/"},"modified":"2026-04-16T03:14:43","modified_gmt":"2026-04-16T00:14:43","slug":"baris-icin-savas","status":"publish","type":"product","link":"https:\/\/roveyayinevi.com.tr\/index.php\/urun\/baris-icin-savas\/","title":{"rendered":"Bar\u0131\u015f \u0130\u00e7in Sava\u015f"},"content":{"rendered":"<p>Bar\u0131s\u0327 sorunlu bir idealdir. I\u0307nsan Haklar\u0131 Evrensel Bildirgesi\u2019nde yer alan gu\u0308venlik, adalet, es\u0327itlik ve o\u0308zgu\u0308rlu\u0308k gibi dig\u0306er fikirlerin yan\u0131 s\u0131ra su\u0308rekli arzu edilen evrensel bir ahlaki ideal olarak onun da ad\u0131n\u0131n an\u0131ld\u0131g\u0306\u0131n\u0131 duyar\u0131z. Bugu\u0308n insan olman\u0131n, medeni ve iyi olman\u0131n bar\u0131s\u0327a deg\u0306er vermek, bar\u0131s\u0327\u0131 arzulamak demek oldug\u0306una dair yayg\u0131n bir inan\u0131s\u0327 vard\u0131r, sadece insanl\u0131ktan nasibini almam\u0131s\u0327 canavarlar bar\u0131s\u0327\u0131 sevmez.   Bu kitap, bar\u0131s\u0327\u0131 sorunlu k\u0131lan s\u0327eylerin u\u0308stu\u0308nu\u0308 o\u0308rtmek yerine onlar\u0131 gu\u0308n yu\u0308zu\u0308ne c\u0327\u0131kararak bar\u0131s\u0327\u0131 yeniden ins\u0327a etme giris\u0327imidir. En yal\u0131n bic\u0327imiyle, bar\u0131s\u0327 ad\u0131na konus\u0327tug\u0306unu iddia edenlere, go\u0308ru\u0308nu\u0308s\u0327te evrensel bar\u0131s\u0327 arzusuna ve bar\u0131s\u0327\u0131n bask\u0131n so\u0308ylemine \u2013yani bar\u0131s\u0327\u0131 bir sorun olarak go\u0308rmeye\u2013 daha eles\u0327tirel bakmaya bir davettir. En iddial\u0131 ha\u0302liyle bu kitap, bar\u0131s\u0327 ahlak\u0131n\u0131n bir soyag\u0306ac\u0131d\u0131r. Bu soyag\u0306ac\u0131, bar\u0131s\u0327 ad\u0131na o\u0308n plana c\u0327\u0131kar\u0131lan sorunlardan ziyade, bar\u0131s\u0327 sorununa ve onun sapt\u0131rd\u0131g\u0306\u0131 ve yok sayd\u0131g\u0306\u0131 dig\u0306er sorunlara odaklanmaktad\u0131r. Mesele sadece savas\u0327\u0131n bir c\u0327o\u0308zu\u0308m olmamas\u0131 deg\u0306ildir \u2013bar\u0131s\u0327 da bir c\u0327o\u0308zu\u0308m deg\u0306ildir; c\u0327o\u0308zu\u0308m olmad\u0131g\u0306\u0131 gibi hem soru hem de sorundur.   O ha\u0302lde \u201cbar\u0131s\u0327 sorunu\u201d, iktidar ve savas\u0327\u0131n talepleri go\u0308z o\u0308nu\u0308nde bulunduruldug\u0306unda bar\u0131s\u0327\u0131n nas\u0131l elde edileceg\u0306i ve korunacag\u0306\u0131 deg\u0306ildir; bar\u0131s\u0327\u0131n iktidar ve savas\u0327 yoluyla ya da onlarla bag\u0306lar\u0131n\u0131 kopararak elde edilebilecek saf bir ideal olarak nas\u0131l korundug\u0306udur.<\/p>\n","protected":false},"excerpt":{"rendered":"<p>Bar\u0131s\u0327 sorunlu bir idealdir. I\u0307nsan Haklar\u0131 Evrensel Bildirgesi\u2019nde yer alan gu\u0308venlik, adalet, es\u0327itlik ve o\u0308zgu\u0308rlu\u0308k gibi dig\u0306er fikirlerin yan\u0131 s\u0131ra su\u0308rekli arzu edilen evrensel bir ahlaki<span class=\"excerpt-hellip\"> [\u2026]<\/span><\/p>\n","protected":false},"featured_media":0,"template":"","meta":{"_monsterinsights_skip_tracking":false,"_monsterinsights_sitenote_active":false,"_monsterinsights_sitenote_note":"","_monsterinsights_sitenote_category":0},"product_brand":[],"product_cat":[12291,12711],"product_tag":[],"class_list":{"0":"post-761115","1":"product","2":"type-product","3":"status-publish","5":"product_cat-edebiyat","6":"product_cat-roman-oyku","7":"pa_cilt-ciltsiz","8":"pa_tur-kitap","9":"pa_yayinevi-albaraka-yayinlari","10":"pa_yazar-murad-idris","12":"first","13":"instock","14":"sale","15":"shipping-taxable","16":"purchasable","17":"product-type-simple"},"_links":{"self":[{"href":"https:\/\/roveyayinevi.com.tr\/index.php\/wp-json\/wp\/v2\/product\/761115","targetHints":{"allow":["GET"]}}],"collection":[{"href":"https:\/\/roveyayinevi.com.tr\/index.php\/wp-json\/wp\/v2\/product"}],"about":[{"href":"https:\/\/roveyayinevi.com.tr\/index.php\/wp-json\/wp\/v2\/types\/product"}],"wp:attachment":[{"href":"https:\/\/roveyayinevi.com.tr\/index.php\/wp-json\/wp\/v2\/media?parent=761115"}],"wp:term":[{"taxonomy":"product_brand","embeddable":true,"href":"https:\/\/roveyayinevi.com.tr\/index.php\/wp-json\/wp\/v2\/product_brand?post=761115"},{"taxonomy":"product_cat","embeddable":true,"href":"https:\/\/roveyayinevi.com.tr\/index.php\/wp-json\/wp\/v2\/product_cat?post=761115"},{"taxonomy":"product_tag","embeddable":true,"href":"https:\/\/roveyayinevi.com.tr\/index.php\/wp-json\/wp\/v2\/product_tag?post=761115"}],"curies":[{"name":"wp","href":"https:\/\/api.w.org\/{rel}","templated":true}]}}