{"id":761114,"date":"2025-08-28T09:27:36","date_gmt":"2025-08-28T06:27:36","guid":{"rendered":"https:\/\/roveyayinevi.com.tr\/index.php\/urun\/imparatorun-kizi-4\/"},"modified":"2026-04-16T03:14:43","modified_gmt":"2026-04-16T00:14:43","slug":"imparatorun-kizi-4","status":"publish","type":"product","link":"https:\/\/roveyayinevi.com.tr\/index.php\/urun\/imparatorun-kizi-4\/","title":{"rendered":"\u0130mparatorun K\u0131z\u0131 4"},"content":{"rendered":"<p>\u201cMEMNUN OLDUM LEYD\u0130M.\u201d \u201cSANA G\u00dcVEN\u0130YORUM ASS\u0130S\u0130!\u201d   KORUYUCU \u015e\u00d6VALYE\u2026 BEN\u0130M G\u0130B\u0130 SIRADAN B\u0130R\u0130 \u0130\u00c7\u0130N \u00c7OK L\u00dcKS B\u0130R KEL\u0130ME!   PRENSES OLDU\u011eUMU H\u0130SSETT\u0130\u011e\u0130M NAD\u0130R ANLAR VARDIR. \u015eU AN DA ONLARDAN B\u0130R\u0130.   ARTIK G\u00dcZEL G\u00dcNLER GE\u00c7\u0130RECE\u011e\u0130M\u0130 D\u00dc\u015e\u00dcN\u00dcYORDUM AMA BU ADAMIN Y\u00dcZ\u00dcN\u00dc G\u00d6RMEK NEDEN BU KADAR ZOR?   G\u00dcNAYDIN DED\u0130KTEN SONRA ORTALIKTAN KAYBOLUYOR! BU B\u00d6YLE OLMAMALI!   \u00c7EVREMDE \u00c7OK FAZLA ERKEK VAR AMA B\u0130R\u0130 KA\u00c7INIYOR, B\u0130R\u0130 FAZLA \u0130LG\u0130LEN\u0130YOR, B\u0130R\u0130 \u0130SE \u00c7OK YORGUN G\u0130B\u0130 DAVRANIYOR&#8230;   L\u00dcTFEN B\u0130R\u0130 BANA ERKEKLER\u0130N KALB\u0130NDEN NELER GE\u00c7T\u0130\u011e\u0130N\u0130 \u00d6\u011eRETS\u0130N!   ROMANDA \u00c7\u00d6Z\u00dcLEMEYEN H\u0130K\u00c2YE \u015e\u0130MD\u0130 BURADA \u00c7\u00d6Z\u00dcL\u00dcYOR! <\/p>\n","protected":false},"excerpt":{"rendered":"<p>\u201cMEMNUN OLDUM LEYD\u0130M.\u201d \u201cSANA G\u00dcVEN\u0130YORUM ASS\u0130S\u0130!\u201d KORUYUCU \u015e\u00d6VALYE\u2026 BEN\u0130M G\u0130B\u0130 SIRADAN B\u0130R\u0130 \u0130\u00c7\u0130N \u00c7OK L\u00dcKS B\u0130R KEL\u0130ME! PRENSES OLDU\u011eUMU H\u0130SSETT\u0130\u011e\u0130M NAD\u0130R ANLAR VARDIR. \u015eU AN DA<span class=\"excerpt-hellip\"> [\u2026]<\/span><\/p>\n","protected":false},"featured_media":0,"template":"","meta":{"_monsterinsights_skip_tracking":false,"_monsterinsights_sitenote_active":false,"_monsterinsights_sitenote_note":"","_monsterinsights_sitenote_category":0},"product_brand":[],"product_cat":[12416,12291],"product_tag":[],"class_list":{"0":"post-761114","1":"product","2":"type-product","3":"status-publish","5":"product_cat-cizgi-roman","6":"product_cat-edebiyat","7":"pa_cilt-ciltsiz","8":"pa_tur-kitap","9":"pa_yayinevi-athica-yayinlari","10":"pa_yazar-rino","12":"first","13":"instock","14":"sale","15":"shipping-taxable","16":"purchasable","17":"product-type-simple"},"_links":{"self":[{"href":"https:\/\/roveyayinevi.com.tr\/index.php\/wp-json\/wp\/v2\/product\/761114","targetHints":{"allow":["GET"]}}],"collection":[{"href":"https:\/\/roveyayinevi.com.tr\/index.php\/wp-json\/wp\/v2\/product"}],"about":[{"href":"https:\/\/roveyayinevi.com.tr\/index.php\/wp-json\/wp\/v2\/types\/product"}],"wp:attachment":[{"href":"https:\/\/roveyayinevi.com.tr\/index.php\/wp-json\/wp\/v2\/media?parent=761114"}],"wp:term":[{"taxonomy":"product_brand","embeddable":true,"href":"https:\/\/roveyayinevi.com.tr\/index.php\/wp-json\/wp\/v2\/product_brand?post=761114"},{"taxonomy":"product_cat","embeddable":true,"href":"https:\/\/roveyayinevi.com.tr\/index.php\/wp-json\/wp\/v2\/product_cat?post=761114"},{"taxonomy":"product_tag","embeddable":true,"href":"https:\/\/roveyayinevi.com.tr\/index.php\/wp-json\/wp\/v2\/product_tag?post=761114"}],"curies":[{"name":"wp","href":"https:\/\/api.w.org\/{rel}","templated":true}]}}