{"id":761112,"date":"2025-08-28T09:27:32","date_gmt":"2025-08-28T06:27:32","guid":{"rendered":"https:\/\/roveyayinevi.com.tr\/index.php\/urun\/is-olsun\/"},"modified":"2026-04-16T03:14:43","modified_gmt":"2026-04-16T00:14:43","slug":"is-olsun","status":"publish","type":"product","link":"https:\/\/roveyayinevi.com.tr\/index.php\/urun\/is-olsun\/","title":{"rendered":"\u0130\u015f Olsun"},"content":{"rendered":"<p>\u201c\u015eiirdeki k\u00f6\u015fe ba\u015flar\u0131 tutuldu\u011fu i\u00e7in nesirde kendimi ifade etmek istedim.\u201d mealinde bir s\u00f6z hat\u0131rl\u0131yorum. Benim hi\u00e7bir zaman k\u00f6\u015fe ba\u015flar\u0131n\u0131 tutmak gibi hevesim olmad\u0131. Ancak kendimi anlatmak ve anla\u015f\u0131lmak arzusu her f\u00e2ni gibi bende de var. On be\u015f ya\u015f\u0131mdan beri bu arzunun \u00e7ekim dairesinde d\u00f6n\u00fcp duruyorum. Kolay de\u011fil, yakla\u015f\u0131k k\u0131rk y\u0131l\u2026 Haliyle maniden gazele, ko\u015fmadan serbest nazma, aruzdan heceye, heceden serbest \u00f6l\u00e7\u00fcye; ortaya bu \u015fiirler \u00e7\u0131kt\u0131. B\u00fct\u00fcn bunlar\u0131n defter sayfalar\u0131nda kalmas\u0131na da g\u00f6nl\u00fcm raz\u0131 olmad\u0131. Evet, yine Cemil Meri\u00e7\u2019in dedi\u011fi gibi \u201c\u015eiirde belki \u2018orta\u2019 yoktur.\u201d Fakat \u2018ilham Rabban\u00ee bir mazhariyet oldu\u011funa g\u00f6re bu mevhibeden nasibd\u00e2r olan herkes nas\u0131l k\u0131yamete kadar \u015fiire iltifat edecekse\u2019 benim g\u00f6nl\u00fcm de \u015fiir bah\u00e7esine daima birka\u00e7 tohum serpmekle mesut olacakt\u0131r. Mesele, \u201c\u0130\u015f\u201d olsun. <\/p>\n","protected":false},"excerpt":{"rendered":"<p>\u201c\u015eiirdeki k\u00f6\u015fe ba\u015flar\u0131 tutuldu\u011fu i\u00e7in nesirde kendimi ifade etmek istedim.\u201d mealinde bir s\u00f6z hat\u0131rl\u0131yorum. Benim hi\u00e7bir zaman k\u00f6\u015fe ba\u015flar\u0131n\u0131 tutmak gibi hevesim olmad\u0131. Ancak kendimi anlatmak<span class=\"excerpt-hellip\"> [\u2026]<\/span><\/p>\n","protected":false},"featured_media":0,"template":"","meta":{"_monsterinsights_skip_tracking":false,"_monsterinsights_sitenote_active":false,"_monsterinsights_sitenote_note":"","_monsterinsights_sitenote_category":0},"product_brand":[],"product_cat":[12291,12509],"product_tag":[],"class_list":{"0":"post-761112","1":"product","2":"type-product","3":"status-publish","5":"product_cat-edebiyat","6":"product_cat-siir","7":"pa_cilt-ciltsiz","8":"pa_tur-kitap","9":"pa_yayinevi-cinaralti-yayinlari","10":"pa_yazar-fethi-arslaner","12":"first","13":"instock","14":"sale","15":"shipping-taxable","16":"purchasable","17":"product-type-simple"},"_links":{"self":[{"href":"https:\/\/roveyayinevi.com.tr\/index.php\/wp-json\/wp\/v2\/product\/761112","targetHints":{"allow":["GET"]}}],"collection":[{"href":"https:\/\/roveyayinevi.com.tr\/index.php\/wp-json\/wp\/v2\/product"}],"about":[{"href":"https:\/\/roveyayinevi.com.tr\/index.php\/wp-json\/wp\/v2\/types\/product"}],"wp:attachment":[{"href":"https:\/\/roveyayinevi.com.tr\/index.php\/wp-json\/wp\/v2\/media?parent=761112"}],"wp:term":[{"taxonomy":"product_brand","embeddable":true,"href":"https:\/\/roveyayinevi.com.tr\/index.php\/wp-json\/wp\/v2\/product_brand?post=761112"},{"taxonomy":"product_cat","embeddable":true,"href":"https:\/\/roveyayinevi.com.tr\/index.php\/wp-json\/wp\/v2\/product_cat?post=761112"},{"taxonomy":"product_tag","embeddable":true,"href":"https:\/\/roveyayinevi.com.tr\/index.php\/wp-json\/wp\/v2\/product_tag?post=761112"}],"curies":[{"name":"wp","href":"https:\/\/api.w.org\/{rel}","templated":true}]}}