{"id":761107,"date":"2025-08-28T09:27:22","date_gmt":"2025-08-28T06:27:22","guid":{"rendered":"https:\/\/roveyayinevi.com.tr\/index.php\/urun\/oniksin-safagi\/"},"modified":"2026-04-16T03:14:42","modified_gmt":"2026-04-16T00:14:42","slug":"oniksin-safagi","status":"publish","type":"product","link":"https:\/\/roveyayinevi.com.tr\/index.php\/urun\/oniksin-safagi\/","title":{"rendered":"Oniksin \u015eafa\u011f\u0131"},"content":{"rendered":"<p>Arwen Valondale cesur biri olmas\u0131 gerekti\u011fini, karde\u015finin hayat\u0131n\u0131 kurtarmak i\u00e7in kendi hayat\u0131ndan vazge\u00e7mek zorunda kalaca\u011f\u0131n\u0131 hi\u00e7 d\u00fc\u015f\u00fcnmemi\u015fti. K\u0131tadaki en tehlikeli krall\u0131\u011f\u0131n esiri oldu\u011funda, zalim Oniks Kral\u0131\u2019n\u0131n askerlerini iyile\u015ftirmek i\u00e7in b\u00fcy\u00fcl\u00fc g\u00fc\u00e7lerini kullanmaya mecbur b\u0131rak\u0131lm\u0131\u015ft\u0131.Arwen, kaleyi \u00e7evreleyen kadim ve \u015feytani ormana tek ba\u015f\u0131na girmemesi gerekti\u011fini biliyordu. \u00d6zg\u00fcrl\u00fc\u011f\u00fcne kavu\u015fmas\u0131 i\u00e7in di\u011fer mahk\u00fbmlardan biriyle i\u015fbirli\u011fi yapmal\u0131yd\u0131. Fakat bu mahk\u00fbm hem kurnaz hem de sinir bozucu bir adamd\u0131 ve Arwen\u2019in en derin korkular\u0131yla oynamaktan zevk al\u0131yordu. Ancak g\u00fcven, Oniks Krall\u0131\u011f\u0131\u2019nda bulunmas\u0131 imk\u00e2ns\u0131z bir \u015feydi. Arwen\u2019in d\u00fc\u015fman topraklar\u0131ndan \u00e7\u0131kabilmesi i\u00e7in hain soylular, karanl\u0131k b\u00fcy\u00fcler ve tehlikeli canavarlarla y\u00fczle\u015fmesi gerekiyordu. Di\u011fer yandan i\u00e7inde harekete ge\u00e7meyi bekleyen ak\u0131lalmaz bir g\u00fc\u00e7 vard\u0131. Bu g\u00fcc\u00fc kullanabilirse can\u0131n\u0131, hatta belki de kalbini kurtarabilirdi.<\/p>\n","protected":false},"excerpt":{"rendered":"<p>Arwen Valondale cesur biri olmas\u0131 gerekti\u011fini, karde\u015finin hayat\u0131n\u0131 kurtarmak i\u00e7in kendi hayat\u0131ndan vazge\u00e7mek zorunda kalaca\u011f\u0131n\u0131 hi\u00e7 d\u00fc\u015f\u00fcnmemi\u015fti. K\u0131tadaki en tehlikeli krall\u0131\u011f\u0131n esiri oldu\u011funda, zalim Oniks Kral\u0131\u2019n\u0131n<span class=\"excerpt-hellip\"> [\u2026]<\/span><\/p>\n","protected":false},"featured_media":0,"template":"","meta":{"_monsterinsights_skip_tracking":false,"_monsterinsights_sitenote_active":false,"_monsterinsights_sitenote_note":"","_monsterinsights_sitenote_category":0},"product_brand":[],"product_cat":[12291,14777],"product_tag":[],"class_list":{"0":"post-761107","1":"product","2":"type-product","3":"status-publish","5":"product_cat-edebiyat","6":"product_cat-fantastik","7":"pa_cilt-ciltsiz","8":"pa_tur-kitap","9":"pa_yayinevi-marti-yayinlari","10":"pa_yazar-kate-golden","12":"first","13":"instock","14":"sale","15":"shipping-taxable","16":"purchasable","17":"product-type-simple"},"_links":{"self":[{"href":"https:\/\/roveyayinevi.com.tr\/index.php\/wp-json\/wp\/v2\/product\/761107","targetHints":{"allow":["GET"]}}],"collection":[{"href":"https:\/\/roveyayinevi.com.tr\/index.php\/wp-json\/wp\/v2\/product"}],"about":[{"href":"https:\/\/roveyayinevi.com.tr\/index.php\/wp-json\/wp\/v2\/types\/product"}],"wp:attachment":[{"href":"https:\/\/roveyayinevi.com.tr\/index.php\/wp-json\/wp\/v2\/media?parent=761107"}],"wp:term":[{"taxonomy":"product_brand","embeddable":true,"href":"https:\/\/roveyayinevi.com.tr\/index.php\/wp-json\/wp\/v2\/product_brand?post=761107"},{"taxonomy":"product_cat","embeddable":true,"href":"https:\/\/roveyayinevi.com.tr\/index.php\/wp-json\/wp\/v2\/product_cat?post=761107"},{"taxonomy":"product_tag","embeddable":true,"href":"https:\/\/roveyayinevi.com.tr\/index.php\/wp-json\/wp\/v2\/product_tag?post=761107"}],"curies":[{"name":"wp","href":"https:\/\/api.w.org\/{rel}","templated":true}]}}