{"id":761103,"date":"2025-08-28T09:27:16","date_gmt":"2025-08-28T06:27:16","guid":{"rendered":"https:\/\/roveyayinevi.com.tr\/index.php\/urun\/kibrisliturk-solcular-ve-sol-hareketler-1919-1965\/"},"modified":"2026-04-16T03:14:42","modified_gmt":"2026-04-16T00:14:42","slug":"kibrisliturk-solcular-ve-sol-hareketler-1919-1965","status":"publish","type":"product","link":"https:\/\/roveyayinevi.com.tr\/index.php\/urun\/kibrisliturk-solcular-ve-sol-hareketler-1919-1965\/","title":{"rendered":"K\u0131br\u0131sl\u0131t\u00fcrk Solcular ve Sol Hareketler 1919-1965"},"content":{"rendered":"<p>K\u0131br\u0131s&#8217;ta toplumlar aras\u0131ndaki tarihsel, etnik ve ba\u015fka t\u00fcrl\u00fc farkl\u0131l\u0131klar ve \u00e7eli\u015fkilere ra\u011fmen, K\u0131br\u0131s i\u015f\u00e7i s\u0131n\u0131f\u0131 teorik ve pratik olarak b\u00fct\u00fcnl\u00fckl\u00fc, olduk\u00e7a \u00f6nemli bir ortak m\u00fccadele deneyimine sahiptir. K\u0131br\u0131sl\u0131 i\u015f\u00e7iler ve solcular tarlalarda, limanlarda, madenlerde, in\u015faatlarda ve daha pek \u00e7ok i\u015f kolunda etnik temelde de\u011fil, s\u0131n\u0131fsal temelde \u00f6rg\u00fctlenmi\u015f ve ortak bir m\u00fccadele tarihi in\u015fa etmi\u015ftir. T\u00fcrk, Rum ya da \u0130ngiliz toprak sahiplerine, i\u015fverenlere, tefecilere ve t\u00fcccarlara, emperyalizme ve milliyet\u00e7ili\u011fe kar\u015f\u0131 birlikte m\u00fccadele y\u00fcr\u00fctm\u00fc\u015flerdir. Elinizdeki kitap, sol m\u00fccadele a\u00e7\u0131s\u0131ndan bu tarihsel zenginli\u011fi ele almakta ve esas olarak ilk ve ikinci ku\u015fak K\u0131br\u0131sl\u0131t\u00fcrk solcular\u0131n m\u00fccadelesini ve ya\u015fad\u0131klar\u0131n\u0131 irdelemektedir.<\/p>\n","protected":false},"excerpt":{"rendered":"<p>K\u0131br\u0131s&#8217;ta toplumlar aras\u0131ndaki tarihsel, etnik ve ba\u015fka t\u00fcrl\u00fc farkl\u0131l\u0131klar ve \u00e7eli\u015fkilere ra\u011fmen, K\u0131br\u0131s i\u015f\u00e7i s\u0131n\u0131f\u0131 teorik ve pratik olarak b\u00fct\u00fcnl\u00fckl\u00fc, olduk\u00e7a \u00f6nemli bir ortak m\u00fccadele deneyimine<span class=\"excerpt-hellip\"> [\u2026]<\/span><\/p>\n","protected":false},"featured_media":0,"template":"","meta":{"_monsterinsights_skip_tracking":false,"_monsterinsights_sitenote_active":false,"_monsterinsights_sitenote_note":"","_monsterinsights_sitenote_category":0},"product_brand":[],"product_cat":[12337],"product_tag":[],"class_list":{"0":"post-761103","1":"product","2":"type-product","3":"status-publish","5":"product_cat-politika-siyaset","6":"pa_cilt-ciltsiz","7":"pa_tur-kitap","8":"pa_yayinevi-koyusiyah-kitap","9":"pa_yazar-abdullah-korkmazhan","11":"first","12":"instock","13":"sale","14":"shipping-taxable","15":"purchasable","16":"product-type-simple"},"_links":{"self":[{"href":"https:\/\/roveyayinevi.com.tr\/index.php\/wp-json\/wp\/v2\/product\/761103","targetHints":{"allow":["GET"]}}],"collection":[{"href":"https:\/\/roveyayinevi.com.tr\/index.php\/wp-json\/wp\/v2\/product"}],"about":[{"href":"https:\/\/roveyayinevi.com.tr\/index.php\/wp-json\/wp\/v2\/types\/product"}],"wp:attachment":[{"href":"https:\/\/roveyayinevi.com.tr\/index.php\/wp-json\/wp\/v2\/media?parent=761103"}],"wp:term":[{"taxonomy":"product_brand","embeddable":true,"href":"https:\/\/roveyayinevi.com.tr\/index.php\/wp-json\/wp\/v2\/product_brand?post=761103"},{"taxonomy":"product_cat","embeddable":true,"href":"https:\/\/roveyayinevi.com.tr\/index.php\/wp-json\/wp\/v2\/product_cat?post=761103"},{"taxonomy":"product_tag","embeddable":true,"href":"https:\/\/roveyayinevi.com.tr\/index.php\/wp-json\/wp\/v2\/product_tag?post=761103"}],"curies":[{"name":"wp","href":"https:\/\/api.w.org\/{rel}","templated":true}]}}