{"id":761101,"date":"2025-08-28T09:27:12","date_gmt":"2025-08-28T06:27:12","guid":{"rendered":"https:\/\/roveyayinevi.com.tr\/index.php\/urun\/engelli-kosu\/"},"modified":"2026-04-16T03:14:42","modified_gmt":"2026-04-16T00:14:42","slug":"engelli-kosu","status":"publish","type":"product","link":"https:\/\/roveyayinevi.com.tr\/index.php\/urun\/engelli-kosu\/","title":{"rendered":"Engelli Ko\u015fu"},"content":{"rendered":"<p>G\u00fclizar Irmak, duygular\u0131n karma\u015f\u0131k labirentinde bir gen\u00e7 kad\u0131n\u0131n i\u00e7 yolculu\u011funu ustal\u0131kla i\u015fliyor. Engelli Ko\u015fu, ya\u015fam\u0131n zorluklar\u0131yla ba\u015fa \u00e7\u0131kmaya \u00e7al\u0131\u015fan bir karakteri anlat\u0131yor. Ana karakterimiz, kendi i\u00e7 d\u00fcnyas\u0131ndaki karanl\u0131k k\u00f6\u015felere ka\u00e7m\u0131\u015ft\u0131r. Ancak, ge\u00e7mi\u015fin izleri ve ya\u015fad\u0131\u011f\u0131 travmalar onun pe\u015fini b\u0131rakmaz. \u0130\u00e7sel sava\u015f\u0131n\u0131n ortas\u0131nda, kendi karakterinden uzakla\u015fma s\u00fcrecinde beklenmedik bir olayla kar\u015f\u0131la\u015f\u0131r. Bu olay, onun ger\u00e7ekle y\u00fczle\u015fmesini gerektirir. G\u00fclizar Irmak\u2019\u0131n dokunakl\u0131 kalemi, okuyucular\u0131 duygusal bir yolculu\u011fa \u00e7\u0131kar\u0131rken onlara kendi i\u00e7 d\u00fcnyalar\u0131na dair derin bir ke\u015fif f\u0131rsat\u0131 sunuyor. Daha \u00f6nce dizi senaryolar\u0131yla tan\u0131d\u0131\u011f\u0131m\u0131z yazar\u0131n ilk kitab\u0131 Engelli Ko\u015fu\u2019yu okuyucuyla bulu\u015fturmaktan mutluluk duyuyoruz. \u201cYazd\u0131\u011f\u0131m senaryo hik\u00e2yeleri, ekranla bulu\u015fma a\u015famas\u0131nda, sayfalar\u0131mdaki gibi kalamad\u0131, d\u00f6n\u00fc\u015f\u00fcme u\u011frayarak izleyiciyle bulu\u015ftu\u2026 \u0130stedim ki, bask\u0131lanm\u0131\u015f korkular\u0131n y\u0131k\u0131m\u0131n\u0131 i\u015fledi\u011fim Engelli Ko\u015fu senaryo hik\u00e2yesi, bana ait olarak okuyanla bulu\u015fsun\u2026\u201d G\u00fclizar Irmak <\/p>\n","protected":false},"excerpt":{"rendered":"<p>G\u00fclizar Irmak, duygular\u0131n karma\u015f\u0131k labirentinde bir gen\u00e7 kad\u0131n\u0131n i\u00e7 yolculu\u011funu ustal\u0131kla i\u015fliyor. Engelli Ko\u015fu, ya\u015fam\u0131n zorluklar\u0131yla ba\u015fa \u00e7\u0131kmaya \u00e7al\u0131\u015fan bir karakteri anlat\u0131yor. Ana karakterimiz, kendi i\u00e7<span class=\"excerpt-hellip\"> [\u2026]<\/span><\/p>\n","protected":false},"featured_media":0,"template":"","meta":{"_monsterinsights_skip_tracking":false,"_monsterinsights_sitenote_active":false,"_monsterinsights_sitenote_note":"","_monsterinsights_sitenote_category":0},"product_brand":[],"product_cat":[12291,12711],"product_tag":[],"class_list":{"0":"post-761101","1":"product","2":"type-product","3":"status-publish","5":"product_cat-edebiyat","6":"product_cat-roman-oyku","7":"pa_cilt-ciltsiz","8":"pa_tur-kitap","9":"pa_yayinevi-eksik-parca-yayinlari","10":"pa_yazar-gulizar-irmak","12":"first","13":"instock","14":"sale","15":"shipping-taxable","16":"purchasable","17":"product-type-simple"},"_links":{"self":[{"href":"https:\/\/roveyayinevi.com.tr\/index.php\/wp-json\/wp\/v2\/product\/761101","targetHints":{"allow":["GET"]}}],"collection":[{"href":"https:\/\/roveyayinevi.com.tr\/index.php\/wp-json\/wp\/v2\/product"}],"about":[{"href":"https:\/\/roveyayinevi.com.tr\/index.php\/wp-json\/wp\/v2\/types\/product"}],"wp:attachment":[{"href":"https:\/\/roveyayinevi.com.tr\/index.php\/wp-json\/wp\/v2\/media?parent=761101"}],"wp:term":[{"taxonomy":"product_brand","embeddable":true,"href":"https:\/\/roveyayinevi.com.tr\/index.php\/wp-json\/wp\/v2\/product_brand?post=761101"},{"taxonomy":"product_cat","embeddable":true,"href":"https:\/\/roveyayinevi.com.tr\/index.php\/wp-json\/wp\/v2\/product_cat?post=761101"},{"taxonomy":"product_tag","embeddable":true,"href":"https:\/\/roveyayinevi.com.tr\/index.php\/wp-json\/wp\/v2\/product_tag?post=761101"}],"curies":[{"name":"wp","href":"https:\/\/api.w.org\/{rel}","templated":true}]}}