{"id":761100,"date":"2025-08-28T09:27:10","date_gmt":"2025-08-28T06:27:10","guid":{"rendered":"https:\/\/roveyayinevi.com.tr\/index.php\/urun\/mukemmel-bir-gun\/"},"modified":"2026-04-16T03:14:42","modified_gmt":"2026-04-16T00:14:42","slug":"mukemmel-bir-gun","status":"publish","type":"product","link":"https:\/\/roveyayinevi.com.tr\/index.php\/urun\/mukemmel-bir-gun\/","title":{"rendered":"M\u00fckemmel Bir G\u00fcn"},"content":{"rendered":"<p>\u201cSaf duyular\u0131m\u0131z \u2013g\u00f6rme, duyma, koklama, dokunma, tatma\u2013 bizi yan\u0131ltabilir. Sadece duyular\u0131m\u0131za dayanarak d\u00fcnyay\u0131 asla tam olarak anlayamay\u0131z. D\u00fc\u015f\u00fcnmek zorunday\u0131z. Ve hissetmek.\u2019\u2019 Duygular\u0131n g\u00fcc\u00fc rahatlat\u0131c\u0131 olabilir. Veya \u00f6l\u00fcmc\u00fcl. Alt\u0131 ile on ya\u015f aras\u0131ndaki k\u00fc\u00e7\u00fck k\u0131zlar y\u0131llar i\u00e7inde ortadan kaybolurlar. K\u0131rm\u0131z\u0131 kurdeleler, polise cesetlere giden yolu g\u00f6sterir. Failin izine bir t\u00fcrl\u00fc rastlanamaz. Ancak bir ak\u015fam, uluslararas\u0131 \u00fcne sahip felsefe pro fes\u00f6r\u00fc ve antropolog Walter Lesniak, k\u0131z\u0131 Ann\u2019in g\u00f6zleri \u00f6n\u00fcnde tutuklan\u0131r. Profes\u00f6r, on k\u00fc\u00e7\u00fck k\u0131z\u0131 \u00f6ld\u00fcrmekle su\u00e7lan\u0131r ve bas\u0131n bu haberi \u2018\u2019Profes\u00f6r\u00fcn \u00d6l\u00fcm\u00fc\u2019\u2019 olarak man\u015fetlere ta\u015f\u0131r. Ancak Ann, babas\u0131n\u0131n masumiyetine inan\u0131r ve bunu kan\u0131tlamak i\u00e7in s\u00fcr\u00fckleyici, zaman zaman \u015fa\u015fk\u0131nl\u0131k veren ve insan ruhunun karanl\u0131k k\u00f6\u015felerine dald\u0131\u011f\u0131 bir maceraya koyulur. Netflix gerilim dizisi olarak uyarlanan ilk roman\u0131 Sevgili \u00c7ocuk ile uluslararas\u0131 \u00fcne kavu\u015fan Romy Hausmann\u2019dan yine s\u00fcr\u00fckleyici bir \u00e7ok satar gerilim.   \u201cRomy Hausmann Almanya&#8217;n\u0131n en iyi gerilim yazarlar\u0131ndan biri.\u201d The Sunday Times <\/p>\n","protected":false},"excerpt":{"rendered":"<p>\u201cSaf duyular\u0131m\u0131z \u2013g\u00f6rme, duyma, koklama, dokunma, tatma\u2013 bizi yan\u0131ltabilir. Sadece duyular\u0131m\u0131za dayanarak d\u00fcnyay\u0131 asla tam olarak anlayamay\u0131z. D\u00fc\u015f\u00fcnmek zorunday\u0131z. Ve hissetmek.\u2019\u2019 Duygular\u0131n g\u00fcc\u00fc rahatlat\u0131c\u0131 olabilir. Veya<span class=\"excerpt-hellip\"> [\u2026]<\/span><\/p>\n","protected":false},"featured_media":0,"template":"","meta":{"_monsterinsights_skip_tracking":false,"_monsterinsights_sitenote_active":false,"_monsterinsights_sitenote_note":"","_monsterinsights_sitenote_category":0},"product_brand":[],"product_cat":[12291,17033],"product_tag":[],"class_list":{"0":"post-761100","1":"product","2":"type-product","3":"status-publish","5":"product_cat-edebiyat","6":"product_cat-korku-gerilim","7":"pa_cilt-ciltsiz","8":"pa_tur-kitap","9":"pa_yayinevi-eksik-parca-yayinlari","10":"pa_yazar-romy-hausmann","12":"first","13":"instock","14":"sale","15":"shipping-taxable","16":"purchasable","17":"product-type-simple"},"_links":{"self":[{"href":"https:\/\/roveyayinevi.com.tr\/index.php\/wp-json\/wp\/v2\/product\/761100","targetHints":{"allow":["GET"]}}],"collection":[{"href":"https:\/\/roveyayinevi.com.tr\/index.php\/wp-json\/wp\/v2\/product"}],"about":[{"href":"https:\/\/roveyayinevi.com.tr\/index.php\/wp-json\/wp\/v2\/types\/product"}],"wp:attachment":[{"href":"https:\/\/roveyayinevi.com.tr\/index.php\/wp-json\/wp\/v2\/media?parent=761100"}],"wp:term":[{"taxonomy":"product_brand","embeddable":true,"href":"https:\/\/roveyayinevi.com.tr\/index.php\/wp-json\/wp\/v2\/product_brand?post=761100"},{"taxonomy":"product_cat","embeddable":true,"href":"https:\/\/roveyayinevi.com.tr\/index.php\/wp-json\/wp\/v2\/product_cat?post=761100"},{"taxonomy":"product_tag","embeddable":true,"href":"https:\/\/roveyayinevi.com.tr\/index.php\/wp-json\/wp\/v2\/product_tag?post=761100"}],"curies":[{"name":"wp","href":"https:\/\/api.w.org\/{rel}","templated":true}]}}