{"id":761099,"date":"2025-08-28T09:27:08","date_gmt":"2025-08-28T06:27:08","guid":{"rendered":"https:\/\/roveyayinevi.com.tr\/index.php\/urun\/donus-6\/"},"modified":"2026-04-11T14:28:58","modified_gmt":"2026-04-11T11:28:58","slug":"donus-6","status":"publish","type":"product","link":"https:\/\/roveyayinevi.com.tr\/index.php\/urun\/donus-6\/","title":{"rendered":"D\u00f6n\u00fc\u015f"},"content":{"rendered":"<p>\u00ab Elden b\u0131rakmas\u0131 imk\u00e2ns\u0131z, \u00fcrpertici ve klostrofobik. \u00bb &#8211; Stephen King   &#8220;Ku\u011fu gibi boyunlar\u0131, birbiriyle uyumlu topuzlar\u0131 ve pembe taytlar\u0131yla Dara ve Marie Durant, kendilerini bildiklerinden beri dans\u00e7\u0131lar. B\u00fcy\u00fcrken evde e\u011fitim g\u00f6rd\u00fcler ve Durant Dans Okulu\u2019nun kurucusu olan g\u00f6z kama\u015ft\u0131r\u0131c\u0131 anneleri taraf\u0131ndan e\u011fitildiler. On k\u00fcsur y\u0131l \u00f6nce anne ve babalar\u0131n\u0131n trajik bir kazada \u00f6lmesinin ard\u0131ndan k\u0131z karde\u015fler, Dara\u2019n\u0131n kocas\u0131 ve bir zamanlar annelerinin de\u011ferli bir \u00f6\u011frencisi olan Charlie ile birlikte okulu y\u00f6netmeye ba\u015flad\u0131lar.   S\u0131cak ve yumu\u015fak karakterli Marie, gen\u00e7 \u00f6\u011frencilere ders veriyor. Dara, hassasiyetiyle yeti\u015fkinleri e\u011fitiyor. Y\u0131llar s\u00fcren sakatl\u0131klardan sonra dans etmekten uzakla\u015fan Charlie ise arka ofisi y\u00f6netiyor. Okulun her sezon d\u00fczenlenen F\u0131nd\u0131kk\u0131ran g\u00f6sterisinin ba\u015flang\u0131c\u0131nda \u015f\u00fcpheli bir kaza meydana geldi\u011finde, araya giren bir ki\u015fi k\u0131z karde\u015flerin hassas dengesini tehdit eder.   D\u00f6n\u00fc\u015f, tekinsiz bir i\u00e7g\u00f6r\u00fc ve hipnotik bir yaz\u0131m \u00fcslubuyla aile ba\u011flar\u0131, cinsellik, kad\u0131nl\u0131k ve g\u00fcc\u00fcn keskin ve \u015fa\u015f\u0131rt\u0131c\u0131 bir incelemesi; hem kayg\u0131 verici hem de kar\u015f\u0131 konulamaz derecede merak uyand\u0131r\u0131c\u0131 bir hik\u00e2ye. <\/p>\n","protected":false},"excerpt":{"rendered":"<p>\u00ab Elden b\u0131rakmas\u0131 imk\u00e2ns\u0131z, \u00fcrpertici ve klostrofobik. \u00bb &#8211; Stephen King &#8220;Ku\u011fu gibi boyunlar\u0131, birbiriyle uyumlu topuzlar\u0131 ve pembe taytlar\u0131yla Dara ve Marie Durant, kendilerini bildiklerinden<span class=\"excerpt-hellip\"> [\u2026]<\/span><\/p>\n","protected":false},"featured_media":0,"template":"","meta":{"_monsterinsights_skip_tracking":false,"_monsterinsights_sitenote_active":false,"_monsterinsights_sitenote_note":"","_monsterinsights_sitenote_category":0},"product_brand":[],"product_cat":[12291,12711],"product_tag":[],"class_list":{"0":"post-761099","1":"product","2":"type-product","3":"status-publish","5":"product_cat-edebiyat","6":"product_cat-roman-oyku","7":"pa_cilt-ciltsiz","8":"pa_tur-kitap","9":"pa_yayinevi-eksik-parca-yayinlari","10":"pa_yazar-megan-abbott","12":"first","13":"instock","14":"sale","15":"shipping-taxable","16":"purchasable","17":"product-type-simple"},"_links":{"self":[{"href":"https:\/\/roveyayinevi.com.tr\/index.php\/wp-json\/wp\/v2\/product\/761099","targetHints":{"allow":["GET"]}}],"collection":[{"href":"https:\/\/roveyayinevi.com.tr\/index.php\/wp-json\/wp\/v2\/product"}],"about":[{"href":"https:\/\/roveyayinevi.com.tr\/index.php\/wp-json\/wp\/v2\/types\/product"}],"wp:attachment":[{"href":"https:\/\/roveyayinevi.com.tr\/index.php\/wp-json\/wp\/v2\/media?parent=761099"}],"wp:term":[{"taxonomy":"product_brand","embeddable":true,"href":"https:\/\/roveyayinevi.com.tr\/index.php\/wp-json\/wp\/v2\/product_brand?post=761099"},{"taxonomy":"product_cat","embeddable":true,"href":"https:\/\/roveyayinevi.com.tr\/index.php\/wp-json\/wp\/v2\/product_cat?post=761099"},{"taxonomy":"product_tag","embeddable":true,"href":"https:\/\/roveyayinevi.com.tr\/index.php\/wp-json\/wp\/v2\/product_tag?post=761099"}],"curies":[{"name":"wp","href":"https:\/\/api.w.org\/{rel}","templated":true}]}}