{"id":761098,"date":"2025-08-28T09:27:07","date_gmt":"2025-08-28T06:27:07","guid":{"rendered":"https:\/\/roveyayinevi.com.tr\/index.php\/urun\/melodramatik-muhayyile\/"},"modified":"2026-04-16T03:14:42","modified_gmt":"2026-04-16T00:14:42","slug":"melodramatik-muhayyile","status":"publish","type":"product","link":"https:\/\/roveyayinevi.com.tr\/index.php\/urun\/melodramatik-muhayyile\/","title":{"rendered":"Melodramatik Muhayyile"},"content":{"rendered":"<p>Melodram, ba\u015fta Hollywood olmak \u00fczere T\u00fcrk sinemas\u0131 gibi ulusal sinemalar\u0131n pop\u00fcler hikayelerini anlamak i\u00e7in s\u0131kl\u0131kla kullan\u0131lan bir kavram. Peter Brooks, kavrama teorik bir derinlik kazand\u0131ran bu duru ve etkileyici kitab\u0131nda melodram\u0131n modern edebiyat\u0131n \u00f6nemli bir ifade bi\u00e7imi oldu\u011funu savunuyor. On dokuzuncu y\u00fczy\u0131lda h\u00e2kim bir pop\u00fcler t\u00fcr olan sahne melodram\u0131n\u0131 inceleyerek yola \u00e7\u0131kan yazar, romanda Balzac ve Henry James\u2019i merkeze alarak bu \u201cger\u00e7ek\u00e7i\u201d romanc\u0131lar\u0131n melodram\u0131n retori\u011fini ve a\u015f\u0131r\u0131l\u0131\u011f\u0131n\u0131, \u00f6zellikle de sek\u00fclerle\u015ftirilmi\u015f iyilik-k\u00f6t\u00fcl\u00fck, felaha erme-lanetlenme kar\u015f\u0131tl\u0131klar\u0131n\u0131 kullanarak nas\u0131l hik\u00e2yeler anlatt\u0131klar\u0131n\u0131 g\u00f6steriyor. Melodramatik Muhayyile yaz\u0131ld\u0131\u011f\u0131 g\u00fcnden bug\u00fcne tiyatro, roman ve sinemay\u0131 anlamak i\u00e7in temel bir eser olma \u00f6zelli\u011fini koruyor. <\/p>\n","protected":false},"excerpt":{"rendered":"<p>Melodram, ba\u015fta Hollywood olmak \u00fczere T\u00fcrk sinemas\u0131 gibi ulusal sinemalar\u0131n pop\u00fcler hikayelerini anlamak i\u00e7in s\u0131kl\u0131kla kullan\u0131lan bir kavram. Peter Brooks, kavrama teorik bir derinlik kazand\u0131ran bu<span class=\"excerpt-hellip\"> [\u2026]<\/span><\/p>\n","protected":false},"featured_media":0,"template":"","meta":{"_monsterinsights_skip_tracking":false,"_monsterinsights_sitenote_active":false,"_monsterinsights_sitenote_note":"","_monsterinsights_sitenote_category":0},"product_brand":[],"product_cat":[12408],"product_tag":[],"class_list":{"0":"post-761098","1":"product","2":"type-product","3":"status-publish","5":"product_cat-sanat","6":"pa_cilt-ciltsiz","7":"pa_tur-kitap","8":"pa_yayinevi-vakifbank-kultur-yayinlari","9":"pa_yazar-peter-brooks","11":"first","12":"instock","13":"sale","14":"shipping-taxable","15":"purchasable","16":"product-type-simple"},"_links":{"self":[{"href":"https:\/\/roveyayinevi.com.tr\/index.php\/wp-json\/wp\/v2\/product\/761098","targetHints":{"allow":["GET"]}}],"collection":[{"href":"https:\/\/roveyayinevi.com.tr\/index.php\/wp-json\/wp\/v2\/product"}],"about":[{"href":"https:\/\/roveyayinevi.com.tr\/index.php\/wp-json\/wp\/v2\/types\/product"}],"wp:attachment":[{"href":"https:\/\/roveyayinevi.com.tr\/index.php\/wp-json\/wp\/v2\/media?parent=761098"}],"wp:term":[{"taxonomy":"product_brand","embeddable":true,"href":"https:\/\/roveyayinevi.com.tr\/index.php\/wp-json\/wp\/v2\/product_brand?post=761098"},{"taxonomy":"product_cat","embeddable":true,"href":"https:\/\/roveyayinevi.com.tr\/index.php\/wp-json\/wp\/v2\/product_cat?post=761098"},{"taxonomy":"product_tag","embeddable":true,"href":"https:\/\/roveyayinevi.com.tr\/index.php\/wp-json\/wp\/v2\/product_tag?post=761098"}],"curies":[{"name":"wp","href":"https:\/\/api.w.org\/{rel}","templated":true}]}}