{"id":761097,"date":"2025-08-28T09:27:05","date_gmt":"2025-08-28T06:27:05","guid":{"rendered":"https:\/\/roveyayinevi.com.tr\/index.php\/urun\/edebiyatimiz-ne-halde\/"},"modified":"2026-04-16T03:14:42","modified_gmt":"2026-04-16T00:14:42","slug":"edebiyatimiz-ne-halde","status":"publish","type":"product","link":"https:\/\/roveyayinevi.com.tr\/index.php\/urun\/edebiyatimiz-ne-halde\/","title":{"rendered":"Edebiyat\u0131m\u0131z Ne Halde?"},"content":{"rendered":"<p>Mai ve Siyah\u2019\u0131n sizdeki tesiri ne yoldad\u0131r? \u201cHer sahib-i sanat\u0131n \u00e2s\u00e2r\u0131ndan biri hakk\u0131nda bir zaaf-\u0131 mahsusu vard\u0131r. Bende de bu zaaf Mai ve Siyah hakk\u0131nda vakidir. Bil\u00e2-teredd\u00fct s\u00f6yleyece\u011fim ki yazd\u0131klar\u0131m\u0131n hi\u00e7birisini yazmam\u0131\u015f olmak ihtimalini o kadar b\u00fcy\u00fck bir h\u00fcz\u00fcn duymayarak d\u00fc\u015f\u00fcnebiliyorum. Fakat Mai ve Siyah i\u00e7in b\u00f6yle de\u011fil! Onu yazm\u0131\u015f olmak isterdim. Ve pek iyi etmi\u015fim ki yazm\u0131\u015f\u0131m! Onun i\u00e7in n\u00e2k\u0131sadan muarr\u00e2d\u0131r; ser\u00e2p\u00e2 meziyettir demiyorum. Fakat onda hemen b\u00fct\u00fcn ben var\u0131m, benim bir daha avdet etmeyecek olan emellerle, h\u00fclyalarla ve onlar\u0131n yan\u0131 ba\u015f\u0131nda h\u00fcsranlarla, elemlerle dolu olan gen\u00e7li\u011fim var&#8230; Hatta yaln\u0131z ben de\u011fil b\u00fct\u00fcn gen\u00e7ler var&#8230; Memleketimin bedbaht gen\u00e7li\u011fi var. Sizler vars\u0131n\u0131z!\u201d Servet-i F\u00fcnun d\u00f6nemi edebiyat\u0131n\u0131n en \u00f6nemli romanc\u0131s\u0131 Halit Ziya U\u015fakl\u0131gil, hemen her t\u00fcrde eser vermi\u015f velut bir kalemdir. 1918\u2019den 1945\u2019e kadar \u00e7e\u015fitli mecralarda yay\u0131mlanan r\u00f6portaj, anket ve konu\u015fmalar\u0131n bir araya getirildi\u011fi bu kitap, Halit Ziya\u2019n\u0131n hayat\u0131na ve sanat\u0131na dair incelikli detaylar ve ayr\u0131nt\u0131l\u0131 g\u00f6zlemlerle yazar\u0131n hem ki\u015fisel an\u0131lar\u0131n\u0131 hem de T\u00fcrk edebiyat\u0131n\u0131n ge\u00e7irdi\u011fi safhalara dair g\u00f6r\u00fc\u015flerini ihtiva eder. Bu kitap, ge\u00e7 Osmanl\u0131 ve erken Cumhuriyet d\u00f6nemi yazar\u0131 olarak Halit Ziya\u2019y\u0131 daha yak\u0131ndan tan\u0131ma f\u0131rsat\u0131 sunarken ayn\u0131 zamanda yazar\u0131n edeb\u00ee t\u00fcrler, d\u00f6nemler ve kendi eserleri hakk\u0131ndaki g\u00f6r\u00fc\u015flerini de okuyuculara sunar. \u201cEdebiyat\u0131m\u0131z Ne H\u00e2lde?\u201d sorusunun g\u00fcncelli\u011finin yan\u0131 s\u0131ra Halit Ziya\u2019n\u0131n olgunluk d\u00f6neminde edebiyatla hesapla\u015fmas\u0131n\u0131 da ortaya koyan bu benzersiz \u00e7al\u0131\u015fma Vak\u0131fBank K\u00fclt\u00fcr Yay\u0131nlar\u0131 etiketiyle okurlar\u0131n\u0131 bekliyor. <\/p>\n","protected":false},"excerpt":{"rendered":"<p>Mai ve Siyah\u2019\u0131n sizdeki tesiri ne yoldad\u0131r? \u201cHer sahib-i sanat\u0131n \u00e2s\u00e2r\u0131ndan biri hakk\u0131nda bir zaaf-\u0131 mahsusu vard\u0131r. Bende de bu zaaf Mai ve Siyah hakk\u0131nda vakidir.<span class=\"excerpt-hellip\"> [\u2026]<\/span><\/p>\n","protected":false},"featured_media":0,"template":"","meta":{"_monsterinsights_skip_tracking":false,"_monsterinsights_sitenote_active":false,"_monsterinsights_sitenote_note":"","_monsterinsights_sitenote_category":0},"product_brand":[],"product_cat":[12291],"product_tag":[],"class_list":{"0":"post-761097","1":"product","2":"type-product","3":"status-publish","5":"product_cat-edebiyat","6":"pa_cilt-ciltsiz","7":"pa_tur-kitap","8":"pa_yayinevi-vakifbank-kultur-yayinlari","9":"pa_yazar-halit-ziya-usakligil","11":"first","12":"instock","13":"sale","14":"shipping-taxable","15":"purchasable","16":"product-type-simple"},"_links":{"self":[{"href":"https:\/\/roveyayinevi.com.tr\/index.php\/wp-json\/wp\/v2\/product\/761097","targetHints":{"allow":["GET"]}}],"collection":[{"href":"https:\/\/roveyayinevi.com.tr\/index.php\/wp-json\/wp\/v2\/product"}],"about":[{"href":"https:\/\/roveyayinevi.com.tr\/index.php\/wp-json\/wp\/v2\/types\/product"}],"wp:attachment":[{"href":"https:\/\/roveyayinevi.com.tr\/index.php\/wp-json\/wp\/v2\/media?parent=761097"}],"wp:term":[{"taxonomy":"product_brand","embeddable":true,"href":"https:\/\/roveyayinevi.com.tr\/index.php\/wp-json\/wp\/v2\/product_brand?post=761097"},{"taxonomy":"product_cat","embeddable":true,"href":"https:\/\/roveyayinevi.com.tr\/index.php\/wp-json\/wp\/v2\/product_cat?post=761097"},{"taxonomy":"product_tag","embeddable":true,"href":"https:\/\/roveyayinevi.com.tr\/index.php\/wp-json\/wp\/v2\/product_tag?post=761097"}],"curies":[{"name":"wp","href":"https:\/\/api.w.org\/{rel}","templated":true}]}}