{"id":761096,"date":"2025-08-28T09:27:03","date_gmt":"2025-08-28T06:27:03","guid":{"rendered":"https:\/\/roveyayinevi.com.tr\/index.php\/urun\/asansor-2\/"},"modified":"2026-04-16T03:14:42","modified_gmt":"2026-04-16T00:14:42","slug":"asansor-2","status":"publish","type":"product","link":"https:\/\/roveyayinevi.com.tr\/index.php\/urun\/asansor-2\/","title":{"rendered":"Asans\u00f6r"},"content":{"rendered":"<p>LK Holding, Patusan adas\u0131nda bir uzay asans\u00f6r\u00fc in\u015fa etmeye ba\u015flar. Patusanl\u0131lar\u0131n \u00f6fkesini g\u00f6rmezden gelerek ba\u015flad\u0131klar\u0131 bu in\u015faattan sonra eskiden tropik bir tatil beldesi olan bu ada gezegenimizin uzaya a\u00e7\u0131lan kap\u0131s\u0131 olacakt\u0131r. Uzay asans\u00f6r\u00fc sadece gezegenler aras\u0131 ula\u015f\u0131m\u0131 kolayla\u015ft\u0131rmay\u0131 vaat etmez, insanl\u0131\u011f\u0131n gelece\u011fini de \u015fekillendirecektir.   LK Holding\u2019in d\u0131\u015f ili\u015fkiler biriminin ba\u015f\u0131ndaki Mac, i\u015fe yeni ba\u015flayan bir eleman sadece kendisinin ve eski patronunun bildi\u011fi bir s\u0131rr\u0131 a\u00e7\u0131\u011fa \u00e7\u0131kar\u0131nca hayat\u0131n\u0131n \u015fokunu ya\u015far ve hemen onun pe\u015fine d\u00fc\u015fer. G\u00f6r\u00fcn\u00fc\u015fte s\u0131radan bir \u00e7al\u0131\u015fan olan \u00c7oy Gangvu, sadece merhum CEO\u2019nun bildi\u011fi s\u0131rlar\u0131 nas\u0131l bilebilir? Neden bu adam eski patronun ye\u011fenini ve uzay asans\u00f6r\u00fcn\u00fc bir tak\u0131nt\u0131 haline getirmi\u015ftir? Ve bu s\u0131radan adam\u0131 \u00f6ld\u00fcrmek isteyenler de kimdir?   \u201c\u0130nan\u0131lmaz bir siberpunk roman\u0131\u2026 Yapay zek\u00e2 hakk\u0131nda CEO\u2019lar bizi hem heyecanland\u0131r\u0131p hem de uyar\u0131rken tam zaman\u0131nda gelen bir kitap. \u015eirketlerin yapay zek\u00e2 taraf\u0131ndan y\u00f6netilmenin \u00f6tesine ge\u00e7ip yapay zek\u00e2n\u0131n kendisi oldu\u011fu ve insanl\u0131\u011f\u0131 geride b\u0131rakt\u0131\u011f\u0131 bir gelecek hayal edilmi\u015f.\u201d The New York Times Book Review   \u201cAsans\u00f6r\u2019de her \u015fey mevcut\u2026 Soluk kesen bir bilimkurgu maceras\u0131, ustaca planlanm\u0131\u015f bir gizem roman\u0131 ve insan varl\u0131\u011f\u0131n\u0131n karma\u015f\u0131kl\u0131\u011f\u0131n\u0131 inceleyen bir ara\u015ft\u0131rma.\u201d Bora Chung, Lanetli Tav\u015fan\u2019\u0131n yazar\u0131 <\/p>\n","protected":false},"excerpt":{"rendered":"<p>LK Holding, Patusan adas\u0131nda bir uzay asans\u00f6r\u00fc in\u015fa etmeye ba\u015flar. Patusanl\u0131lar\u0131n \u00f6fkesini g\u00f6rmezden gelerek ba\u015flad\u0131klar\u0131 bu in\u015faattan sonra eskiden tropik bir tatil beldesi olan bu ada<span class=\"excerpt-hellip\"> [\u2026]<\/span><\/p>\n","protected":false},"featured_media":0,"template":"","meta":{"_monsterinsights_skip_tracking":false,"_monsterinsights_sitenote_active":false,"_monsterinsights_sitenote_note":"","_monsterinsights_sitenote_category":0},"product_brand":[],"product_cat":[12540,12291],"product_tag":[],"class_list":{"0":"post-761096","1":"product","2":"type-product","3":"status-publish","5":"product_cat-bilim-kurgu","6":"product_cat-edebiyat","7":"pa_cilt-ciltsiz","8":"pa_tur-kitap","9":"pa_yayinevi-dex-yayinevi","10":"pa_yazar-djuna","12":"first","13":"instock","14":"sale","15":"shipping-taxable","16":"purchasable","17":"product-type-simple"},"_links":{"self":[{"href":"https:\/\/roveyayinevi.com.tr\/index.php\/wp-json\/wp\/v2\/product\/761096","targetHints":{"allow":["GET"]}}],"collection":[{"href":"https:\/\/roveyayinevi.com.tr\/index.php\/wp-json\/wp\/v2\/product"}],"about":[{"href":"https:\/\/roveyayinevi.com.tr\/index.php\/wp-json\/wp\/v2\/types\/product"}],"wp:attachment":[{"href":"https:\/\/roveyayinevi.com.tr\/index.php\/wp-json\/wp\/v2\/media?parent=761096"}],"wp:term":[{"taxonomy":"product_brand","embeddable":true,"href":"https:\/\/roveyayinevi.com.tr\/index.php\/wp-json\/wp\/v2\/product_brand?post=761096"},{"taxonomy":"product_cat","embeddable":true,"href":"https:\/\/roveyayinevi.com.tr\/index.php\/wp-json\/wp\/v2\/product_cat?post=761096"},{"taxonomy":"product_tag","embeddable":true,"href":"https:\/\/roveyayinevi.com.tr\/index.php\/wp-json\/wp\/v2\/product_tag?post=761096"}],"curies":[{"name":"wp","href":"https:\/\/api.w.org\/{rel}","templated":true}]}}