{"id":761095,"date":"2025-08-28T09:27:02","date_gmt":"2025-08-28T06:27:02","guid":{"rendered":"https:\/\/roveyayinevi.com.tr\/index.php\/urun\/sen-varsan-bereket-var\/"},"modified":"2026-04-16T03:14:42","modified_gmt":"2026-04-16T00:14:42","slug":"sen-varsan-bereket-var","status":"publish","type":"product","link":"https:\/\/roveyayinevi.com.tr\/index.php\/urun\/sen-varsan-bereket-var\/","title":{"rendered":"Sen Varsan Bereket Var"},"content":{"rendered":"<p>Seneler \u00f6nce, \u201cBen neden, ne yaparsam yapay\u0131m, ba\u015far\u0131l\u0131 olsam dahi, para kazanam\u0131yorum?\u201d diye sormu\u015ftum. \u201cPara ile olu\u015fturdu\u011fun ilk ili\u015fki an\u0131n\u0131 hat\u0131rla\u201d demi\u015fti hocam Darel. 7 ya\u015f\u0131nda ya\u015fad\u0131\u011f\u0131m bir olay y\u00fcz\u00fcnden, bereket ve paray\u0131, ta o zamanlar reddetmeye karar vermi\u015fim. Hik\u00e2yemin fark\u0131na vard\u0131ktan \u00e7ok k\u0131sa bir s\u00fcre sonra ise, ilk milyon dolar\u0131ma ula\u015ft\u0131m. \u00d6nce hik\u00e2yelerimizi biz yazar\u0131z, sonra onlar bizi yarat\u0131r.   Sen varsan Bereket var. Sen varsan Hayat var.   Bu kitaba \u00e2\u015f\u0131k oldum; Esra Banguo\u011flu O\u011fut kadim bilgeli\u011fe ula\u015fm\u0131\u015f bir mistik, ama bir o kadar da kalbi gen\u00e7. Sanki hem bu d\u00fcnyada, hem de ba\u015fka \u0131\u015f\u0131kl\u0131 bir boyutta ya\u015f\u0131yor. Bu kitapta, okuyucuya \u00fcst\u00fcnl\u00fck taslamadan, onun yan\u0131 ba\u015f\u0131nda, \u201cSen de yapabilirsin\u201d, \u201cHadi \u00e7\u0131k yolculu\u011fa\u201d \u00e7a\u011fr\u0131s\u0131 yap\u0131yor.   \u2014 Gurmukh Kaur Khalsa, yazar, Kundalini Yoga e\u011fitmeni, i\u015fletme sahibi ve hamile yogas\u0131 \u00f6nc\u00fcs\u00fc   Sevgili Esra, bereket konusunun en \u00f6z\u00fcne inen, paray\u0131 nas\u0131l var edece\u011fimizi \u00f6\u011freten ve bunun getirebilece\u011fi \u00f6zg\u00fcrl\u00fc\u011f\u00fc hat\u0131rlatan kitaplar\u0131n kitab\u0131n\u0131 yazm\u0131\u015f. Bu kitap, hem engin bir derinlik, hem bereket konusunda m\u00fcthi\u015f bir ustal\u0131k, hem de herkesin anlayabilece\u011fi sade bir dil sergiliyor. Sen Varsan Bereket Var\u2019\u0131 \u015fiddetle tavsiye ediyorum.   \u2014 Mike Dooley, New York Times\u2019\u0131n \u00e7ok satanlar listesindeki Sonsuz Olas\u0131l\u0131klar kitab\u0131n\u0131n yazar\u0131 <\/p>\n","protected":false},"excerpt":{"rendered":"<p>Seneler \u00f6nce, \u201cBen neden, ne yaparsam yapay\u0131m, ba\u015far\u0131l\u0131 olsam dahi, para kazanam\u0131yorum?\u201d diye sormu\u015ftum. \u201cPara ile olu\u015fturdu\u011fun ilk ili\u015fki an\u0131n\u0131 hat\u0131rla\u201d demi\u015fti hocam Darel. 7 ya\u015f\u0131nda<span class=\"excerpt-hellip\"> [\u2026]<\/span><\/p>\n","protected":false},"featured_media":0,"template":"","meta":{"_monsterinsights_skip_tracking":false,"_monsterinsights_sitenote_active":false,"_monsterinsights_sitenote_note":"","_monsterinsights_sitenote_category":0},"product_brand":[],"product_cat":[12364,12376],"product_tag":[],"class_list":{"0":"post-761095","1":"product","2":"type-product","3":"status-publish","5":"product_cat-genel-konular","6":"product_cat-kisisel-gelisim","7":"pa_cilt-ciltsiz","8":"pa_tur-kitap","9":"pa_yayinevi-dogan-novus","10":"pa_yazar-esra-banguoglu-ogut","12":"first","13":"instock","14":"sale","15":"shipping-taxable","16":"purchasable","17":"product-type-simple"},"_links":{"self":[{"href":"https:\/\/roveyayinevi.com.tr\/index.php\/wp-json\/wp\/v2\/product\/761095","targetHints":{"allow":["GET"]}}],"collection":[{"href":"https:\/\/roveyayinevi.com.tr\/index.php\/wp-json\/wp\/v2\/product"}],"about":[{"href":"https:\/\/roveyayinevi.com.tr\/index.php\/wp-json\/wp\/v2\/types\/product"}],"wp:attachment":[{"href":"https:\/\/roveyayinevi.com.tr\/index.php\/wp-json\/wp\/v2\/media?parent=761095"}],"wp:term":[{"taxonomy":"product_brand","embeddable":true,"href":"https:\/\/roveyayinevi.com.tr\/index.php\/wp-json\/wp\/v2\/product_brand?post=761095"},{"taxonomy":"product_cat","embeddable":true,"href":"https:\/\/roveyayinevi.com.tr\/index.php\/wp-json\/wp\/v2\/product_cat?post=761095"},{"taxonomy":"product_tag","embeddable":true,"href":"https:\/\/roveyayinevi.com.tr\/index.php\/wp-json\/wp\/v2\/product_tag?post=761095"}],"curies":[{"name":"wp","href":"https:\/\/api.w.org\/{rel}","templated":true}]}}