{"id":761094,"date":"2025-08-28T09:26:59","date_gmt":"2025-08-28T06:26:59","guid":{"rendered":"https:\/\/roveyayinevi.com.tr\/index.php\/urun\/cirak-sihirbaz\/"},"modified":"2026-04-16T03:14:42","modified_gmt":"2026-04-16T00:14:42","slug":"cirak-sihirbaz","status":"publish","type":"product","link":"https:\/\/roveyayinevi.com.tr\/index.php\/urun\/cirak-sihirbaz\/","title":{"rendered":"\u00c7\u0131rak Sihirbaz"},"content":{"rendered":"<p>\u201cKad\u0131nlar\u0131n yazar olarak kar\u015f\u0131la\u015ft\u0131klar\u0131 zorluklardan bahsedebilirim. \u00d6rne\u011fin; bir kad\u0131n yazarsan\u0131z, bazen herhangi bir yerde size \u015fu soru sorulabilir: Kendinizi \u00f6nce yazar olarak m\u0131, yoksa kad\u0131n olarak m\u0131 g\u00f6r\u00fcyorsunuz? Dikkat edin. Bunu soran ki\u015fi hem yazmaktan hem de kad\u0131nlardan nefret eden ve korkan biridir.\u201d   George Orwell\u2019den Marquez\u2019e; Calvino\u2019dan Le Guin\u2019e; Virginia Woolf\u2019tan Toni Morrison\u2019a yazarlar; Dam\u0131zl\u0131k K\u0131z\u0131n \u00d6yk\u00fcs\u00fc\u2019nden 1984\u2019e, Ye\u015filin K\u0131z\u0131n Anne\u2019den Sevilen\u2019e kitaplar; Grace\u2019ten Winston Smith\u2019e kahramanlar; do\u011fa\u00fcst\u00fc varl\u0131klar\u0131n cirit att\u0131\u011f\u0131 masallar, fantastik romanlar, evin bodrumunda a\u00e7g\u00f6zl\u00fc bir hevesle okunan t\u00fcm kitaplar;   Afganistan\u2019dan Kanada\u2019ya co\u011frafyalar; yazmalar\u0131na \u015fa\u015f\u0131r\u0131lan, yazd\u0131klar\u0131 ay\u0131planan kad\u0131nlar; bir roman\u0131n do\u011fu\u015f ser\u00fcveni; kitaplarla hayat\u0131n bulu\u015ftu\u011fu o \u015fa\u015f\u0131rt\u0131c\u0131 ve sevin\u00e7li sahneler; kad\u0131n karakterlerin g\u00fcc\u00fc ve g\u00fc\u00e7s\u00fczl\u00fc\u011f\u00fc; feminist edebiyat ele\u015ftirisinden yeniden okunan anlat\u0131lar; bizi d\u00fcnyan\u0131n geri kalan\u0131yla birle\u015ftiren dertler\u2026 Hepsi bir tarihin i\u00e7inden ola\u011fan\u00fcst\u00fc bir bilgelikle s\u00fcz\u00fcl\u00fcyor.   Atwood edebiyat\u0131n devasa labirentinde bizi muzip, ele avuca s\u0131\u011fmaz bir mihmandar gibi dola\u015ft\u0131r\u0131yor. Bize d\u00fc\u015fen, labirentin \u00e7\u0131k\u0131\u015f kap\u0131s\u0131n\u0131 aramadan kendimizi bu oyunbaz mihmandara teslim etmek. \u00d6d\u00fcl\u00fcm\u00fcz ise okur olman\u0131n o b\u00fcy\u00fcl\u00fc deneyimi. <\/p>\n","protected":false},"excerpt":{"rendered":"<p>\u201cKad\u0131nlar\u0131n yazar olarak kar\u015f\u0131la\u015ft\u0131klar\u0131 zorluklardan bahsedebilirim. \u00d6rne\u011fin; bir kad\u0131n yazarsan\u0131z, bazen herhangi bir yerde size \u015fu soru sorulabilir: Kendinizi \u00f6nce yazar olarak m\u0131, yoksa kad\u0131n olarak<span class=\"excerpt-hellip\"> [\u2026]<\/span><\/p>\n","protected":false},"featured_media":0,"template":"","meta":{"_monsterinsights_skip_tracking":false,"_monsterinsights_sitenote_active":false,"_monsterinsights_sitenote_note":"","_monsterinsights_sitenote_category":0},"product_brand":[],"product_cat":[12777,12291],"product_tag":[],"class_list":{"0":"post-761094","1":"product","2":"type-product","3":"status-publish","5":"product_cat-deneme","6":"product_cat-edebiyat","7":"pa_cilt-ciltsiz","8":"pa_tur-kitap","9":"pa_yayinevi-dogan-kitap","10":"pa_yazar-margaret-atwood","12":"first","13":"instock","14":"sale","15":"shipping-taxable","16":"purchasable","17":"product-type-simple"},"_links":{"self":[{"href":"https:\/\/roveyayinevi.com.tr\/index.php\/wp-json\/wp\/v2\/product\/761094","targetHints":{"allow":["GET"]}}],"collection":[{"href":"https:\/\/roveyayinevi.com.tr\/index.php\/wp-json\/wp\/v2\/product"}],"about":[{"href":"https:\/\/roveyayinevi.com.tr\/index.php\/wp-json\/wp\/v2\/types\/product"}],"wp:attachment":[{"href":"https:\/\/roveyayinevi.com.tr\/index.php\/wp-json\/wp\/v2\/media?parent=761094"}],"wp:term":[{"taxonomy":"product_brand","embeddable":true,"href":"https:\/\/roveyayinevi.com.tr\/index.php\/wp-json\/wp\/v2\/product_brand?post=761094"},{"taxonomy":"product_cat","embeddable":true,"href":"https:\/\/roveyayinevi.com.tr\/index.php\/wp-json\/wp\/v2\/product_cat?post=761094"},{"taxonomy":"product_tag","embeddable":true,"href":"https:\/\/roveyayinevi.com.tr\/index.php\/wp-json\/wp\/v2\/product_tag?post=761094"}],"curies":[{"name":"wp","href":"https:\/\/api.w.org\/{rel}","templated":true}]}}