{"id":761093,"date":"2025-08-28T09:26:57","date_gmt":"2025-08-28T06:26:57","guid":{"rendered":"https:\/\/roveyayinevi.com.tr\/index.php\/urun\/gercek-hayat\/"},"modified":"2025-11-21T10:28:22","modified_gmt":"2025-11-21T07:28:22","slug":"gercek-hayat","status":"publish","type":"product","link":"https:\/\/roveyayinevi.com.tr\/index.php\/urun\/gercek-hayat\/","title":{"rendered":"Ger\u00e7ek Hayat"},"content":{"rendered":"<p>Zaman i\u00e7ini \u00e7ekti sanki. Ve kendinden daha fazlas\u0131n\u0131 d\u0131\u015f\u0131na \u00e7\u0131kard\u0131. \u00c7ukurcuma b\u00fcy\u00fcd\u00fc geni\u015fledi, sokaklar\u0131 sokaklara ba\u011fland\u0131, sokaklara bakan evlerin kap\u0131lar\u0131ndan pencerelerinden y\u00fczlerce, binlerce kad\u0131ns\u0131 hayalet semte, oradan b\u00fct\u00fcn bir \u015fehre yay\u0131ld\u0131. Tek bir c\u00fcmle m\u0131r\u0131lt\u0131 halinde \u015fehrin \u00fczerini kaplam\u0131\u015ft\u0131, \u201cDavam\u0131z ilmi, siyasi, edebidir.\u201d   \u00c7ukurcuma\u2019da eski bir apartmanda gaipten gelen sesler, gen\u00e7 kad\u0131n\u0131 davaya \u00e7a\u011f\u0131r\u0131yor. Fatma Aliye, Suat Dervi\u015f, Cahit U\u00e7uk\u2026 Unutulmu\u015f ve Unutturulmu\u015f Devrimci Kad\u0131n Yazarlar Cemiyeti \u00fcyeleri seslerini duyurmaya kararl\u0131, bahanelere kar\u0131nlar\u0131 tok. Harekete ge\u00e7menin, kahraman\u0131 \u00f6ld\u00fcrmenin zaman\u0131 gelmi\u015f ge\u00e7iyor\u2026 Ger\u00e7ek hayat bekliyor.   Oylum Y\u0131lmaz, \u00f6zg\u00fcn sesi ve ince mizah anlay\u0131\u015f\u0131yla, insan\u0131n kendini ait hissetti\u011fi yere varmas\u0131na, a\u015fk\u0131 bulmas\u0131na, \u00f6z\u00fcnde var olmas\u0131na giden me\u015fakkatli ve dolamba\u00e7l\u0131 yollarda gezdiriyor okuru. G\u00fcc\u00fcn\u00fc edebiyattan, haf\u0131zadan, aray\u0131\u015f\u0131n hazz\u0131ndan alan Ger\u00e7ek Hayat karanl\u0131ktan ayd\u0131nl\u0131\u011fa \u00e7\u0131k\u0131\u015f\u0131n, kendini bulman\u0131n davetk\u00e2r hik\u00e2yesi\u2026  <\/p>\n","protected":false},"excerpt":{"rendered":"<p>Zaman i\u00e7ini \u00e7ekti sanki. Ve kendinden daha fazlas\u0131n\u0131 d\u0131\u015f\u0131na \u00e7\u0131kard\u0131. \u00c7ukurcuma b\u00fcy\u00fcd\u00fc geni\u015fledi, sokaklar\u0131 sokaklara ba\u011fland\u0131, sokaklara bakan evlerin kap\u0131lar\u0131ndan pencerelerinden y\u00fczlerce, binlerce kad\u0131ns\u0131 hayalet semte,<span class=\"excerpt-hellip\"> [\u2026]<\/span><\/p>\n","protected":false},"featured_media":0,"template":"","meta":{"_monsterinsights_skip_tracking":false,"_monsterinsights_sitenote_active":false,"_monsterinsights_sitenote_note":"","_monsterinsights_sitenote_category":0},"product_brand":[],"product_cat":[12291,12711],"product_tag":[],"class_list":{"0":"post-761093","1":"product","2":"type-product","3":"status-publish","5":"product_cat-edebiyat","6":"product_cat-roman-oyku","7":"pa_cilt-ciltsiz","8":"pa_tur-kitap","9":"pa_yayinevi-dogan-kitap","10":"pa_yazar-oylum-yilmaz","12":"first","13":"instock","14":"sale","15":"shipping-taxable","16":"purchasable","17":"product-type-simple"},"_links":{"self":[{"href":"https:\/\/roveyayinevi.com.tr\/index.php\/wp-json\/wp\/v2\/product\/761093","targetHints":{"allow":["GET"]}}],"collection":[{"href":"https:\/\/roveyayinevi.com.tr\/index.php\/wp-json\/wp\/v2\/product"}],"about":[{"href":"https:\/\/roveyayinevi.com.tr\/index.php\/wp-json\/wp\/v2\/types\/product"}],"wp:attachment":[{"href":"https:\/\/roveyayinevi.com.tr\/index.php\/wp-json\/wp\/v2\/media?parent=761093"}],"wp:term":[{"taxonomy":"product_brand","embeddable":true,"href":"https:\/\/roveyayinevi.com.tr\/index.php\/wp-json\/wp\/v2\/product_brand?post=761093"},{"taxonomy":"product_cat","embeddable":true,"href":"https:\/\/roveyayinevi.com.tr\/index.php\/wp-json\/wp\/v2\/product_cat?post=761093"},{"taxonomy":"product_tag","embeddable":true,"href":"https:\/\/roveyayinevi.com.tr\/index.php\/wp-json\/wp\/v2\/product_tag?post=761093"}],"curies":[{"name":"wp","href":"https:\/\/api.w.org\/{rel}","templated":true}]}}