{"id":761092,"date":"2025-08-28T09:26:56","date_gmt":"2025-08-28T06:26:56","guid":{"rendered":"https:\/\/roveyayinevi.com.tr\/index.php\/urun\/orgut-pazari\/"},"modified":"2026-04-16T03:14:42","modified_gmt":"2026-04-16T00:14:42","slug":"orgut-pazari","status":"publish","type":"product","link":"https:\/\/roveyayinevi.com.tr\/index.php\/urun\/orgut-pazari\/","title":{"rendered":"\u00d6rg\u00fct Pazar\u0131"},"content":{"rendered":"<p>\u00b7         Ankara\u2019da bir generali ka\u00e7\u0131rma plan\u0131n\u0131 \u201cAnayasa Mehmet\u201d nas\u0131l bozdu? \u00b7         Cezaevinde g\u00f6revli komutan ile tutuklu k\u0131z aras\u0131ndaki a\u015fk\u0131n sonunda ne oldu? \u00b7         \u201cK\u0131z\u0131l siyasi iktidar\u201d i\u00e7in ni\u00e7in Siverek ve Tunceli merkez se\u00e7ildi? \u00b7         \u201cDevrim nik\u00e2h\u0131\u201d ni\u00e7in yap\u0131l\u0131yor, bu yolla neler gizleniyordu? \u00b7         Bildirileri yazmak i\u00e7in hangi \u00fcniversitenin daktilolar\u0131 \u00e7al\u0131nd\u0131? \u00b7         Bakanlara, K\u00fcrt\u00e7\u00fcl\u00fck ideolojisiyle asi kitle olu\u015fturuluyor uyar\u0131s\u0131 nerede yap\u0131ld\u0131? \u00b7         Asker, kom\u00fcnizmi nas\u0131l k\u00f6t\u00fcl\u00fcyor, hangi \u00f6rnekleri veriyordu? \u00b7         Erbakan\u2019\u0131n Ba\u015fbakan olaca\u011f\u0131 23 y\u0131l \u00f6nce bakanlara nas\u0131l anlat\u0131ld\u0131?  \u00b7         Bakanlar Kurulu\u2019na sunulan \u201c\u00c7ok gizli \u2013 Devlet Brifingine\u201d Kadir M\u0131s\u0131rl\u0131o\u011flu nas\u0131l girdi? \u00b7         \u201cSol bir sel gibi ak\u0131p gider. Sa\u011f ovay\u0131 bir defa bast\u0131 m\u0131 batakl\u0131k haline getirir\u201d s\u00f6z\u00fc ni\u00e7in s\u00f6ylendi?   Gazeteci-Yazar Sayg\u0131 \u00d6zt\u00fcrk, \u00d6rg\u00fct Pazar\u0131\u2019nda 70\u2019li y\u0131llar\u0131n T\u00fcrkiyesi\u2019nde d\u00f6\u015fenmeye ba\u015flanan ta\u015flarla bug\u00fcne uzanan siyasi iklimin perde arkas\u0131n\u0131 g\u00f6zler \u00f6n\u00fcne seriyor.<\/p>\n","protected":false},"excerpt":{"rendered":"<p>\u00b7 Ankara\u2019da bir generali ka\u00e7\u0131rma plan\u0131n\u0131 \u201cAnayasa Mehmet\u201d nas\u0131l bozdu? \u00b7 Cezaevinde g\u00f6revli komutan ile tutuklu k\u0131z aras\u0131ndaki a\u015fk\u0131n sonunda ne oldu? \u00b7 \u201cK\u0131z\u0131l siyasi iktidar\u201d<span class=\"excerpt-hellip\"> [\u2026]<\/span><\/p>\n","protected":false},"featured_media":0,"template":"","meta":{"_monsterinsights_skip_tracking":false,"_monsterinsights_sitenote_active":false,"_monsterinsights_sitenote_note":"","_monsterinsights_sitenote_category":0},"product_brand":[],"product_cat":[13590,12337],"product_tag":[],"class_list":{"0":"post-761092","1":"product","2":"type-product","3":"status-publish","5":"product_cat-arastirma-inceleme-politika-siyaset","6":"product_cat-politika-siyaset","7":"pa_cilt-ciltsiz","8":"pa_tur-kitap","9":"pa_yayinevi-dogan-kitap","10":"pa_yazar-saygi-ozturk","12":"first","13":"instock","14":"sale","15":"shipping-taxable","16":"purchasable","17":"product-type-simple"},"_links":{"self":[{"href":"https:\/\/roveyayinevi.com.tr\/index.php\/wp-json\/wp\/v2\/product\/761092","targetHints":{"allow":["GET"]}}],"collection":[{"href":"https:\/\/roveyayinevi.com.tr\/index.php\/wp-json\/wp\/v2\/product"}],"about":[{"href":"https:\/\/roveyayinevi.com.tr\/index.php\/wp-json\/wp\/v2\/types\/product"}],"wp:attachment":[{"href":"https:\/\/roveyayinevi.com.tr\/index.php\/wp-json\/wp\/v2\/media?parent=761092"}],"wp:term":[{"taxonomy":"product_brand","embeddable":true,"href":"https:\/\/roveyayinevi.com.tr\/index.php\/wp-json\/wp\/v2\/product_brand?post=761092"},{"taxonomy":"product_cat","embeddable":true,"href":"https:\/\/roveyayinevi.com.tr\/index.php\/wp-json\/wp\/v2\/product_cat?post=761092"},{"taxonomy":"product_tag","embeddable":true,"href":"https:\/\/roveyayinevi.com.tr\/index.php\/wp-json\/wp\/v2\/product_tag?post=761092"}],"curies":[{"name":"wp","href":"https:\/\/api.w.org\/{rel}","templated":true}]}}