{"id":761091,"date":"2025-08-28T09:26:55","date_gmt":"2025-08-28T06:26:55","guid":{"rendered":"https:\/\/roveyayinevi.com.tr\/index.php\/urun\/cumartesi-anneleri\/"},"modified":"2026-04-16T03:14:42","modified_gmt":"2026-04-16T00:14:42","slug":"cumartesi-anneleri","status":"publish","type":"product","link":"https:\/\/roveyayinevi.com.tr\/index.php\/urun\/cumartesi-anneleri\/","title":{"rendered":"Cumartesi Anneleri"},"content":{"rendered":"<p>1000 hafta&#8230; Bir ba\u015fka deyi\u015fle yakla\u015f\u0131k 10 milyon 80 bin dakika. 168 bin saat. 7 bin g\u00fcn. 229 ay. 19 y\u0131l&#8230; T\u00fcrkiye\u2019nin tart\u0131\u015fmas\u0131z en uzun soluklu ve h\u00e2l\u00e2 devam eden eylemi olan Cumartesi Anneleri, 1000. haftas\u0131n\u0131 geride b\u0131rak\u0131yor. Bu \u00e7al\u0131\u015fma, sesini duyurmak i\u00e7in kendini Galatasaray Meydan\u0131\u2019nda bulanlar\u0131, bulmak zorunda kalanlar\u0131 konu al\u0131yor. Ve elbette eylem yapmalar\u0131n\u0131n nedeni olan kay\u0131plar\u0131n\u0131&#8230;   \u201cBen de Cumartesi Annesi\u2019yim. Anneli\u011fin yaln\u0131zca do\u011fumla ilgili olmad\u0131\u011f\u0131na inananlardan\u0131m. Bu y\u00fczden zaten o annelerin yerindeyim duygu olarak. O durumdayken u\u00e7urum gibi \u00fcrk\u00fct\u00fcc\u00fc, karanl\u0131k ve sonsuz bir sessizli\u011fin korkusu kaplar herhalde i\u00e7imi&#8230; Bu bask\u0131ya ra\u011fmen direnebilme g\u00fcc\u00fc de anal\u0131\u011f\u0131n ta kendisi&#8230;\u201d Sezen Aksu   \u201cFehmi Tosun\u2019u hat\u0131rla.\u201d U2   \u201cBeni de tutuklas\u0131nlar. Ba\u015f\u0131ma gelebilecekleri tahmin edebilirken Galatasaray\u2019da olmak istiyorsam insanl\u0131\u011f\u0131m\u0131 kaybetmekten korktu\u011fum i\u00e7indir.\u201d G\u00fclriz Sururi   \u201cHi\u00e7birinizin evlad\u0131 kay\u0131p m\u0131? O zaman onlar\u0131n derdini bilmeyebilirsiniz. Somut olarak ben de bilmiyorum. \u00c7\u00fcnk\u00fc benim de \u00e7ocu\u011fum kay\u0131p de\u011fil. Ama bilmemek, anlamamak anlam\u0131na gelmez. Copland\u0131lar, ta\u015fland\u0131lar, yuhland\u0131lar ama y\u0131lmad\u0131lar. \u00c7\u00fcnk\u00fc evlatlar\u0131 kay\u0131pt\u0131. Ne yapabilece\u011fimi bilmiyorum ama y\u00fcre\u011fim yan\u0131yor, bunu biliyorum.\u201d M\u00fcjdat Gezen   \u201cGalatasaray oturmalar\u0131 bir sesleni\u015ftir. Evrensel hukuka, evrensel insan haklar\u0131na sayg\u0131 duyuyor musunuz? Bunlar\u0131n vazge\u00e7ilmez oldu\u011funa inan\u0131yor musunuz? O halde yeriniz yan\u0131m\u0131zd\u0131r. O halde siz de bir cumartesi insan\u0131s\u0131n\u0131z, sesimize ses katmal\u0131s\u0131n\u0131z.\u201d Nur S\u00fcrer <\/p>\n","protected":false},"excerpt":{"rendered":"<p>1000 hafta&#8230; Bir ba\u015fka deyi\u015fle yakla\u015f\u0131k 10 milyon 80 bin dakika. 168 bin saat. 7 bin g\u00fcn. 229 ay. 19 y\u0131l&#8230; T\u00fcrkiye\u2019nin tart\u0131\u015fmas\u0131z en uzun soluklu<span class=\"excerpt-hellip\"> [\u2026]<\/span><\/p>\n","protected":false},"featured_media":0,"template":"","meta":{"_monsterinsights_skip_tracking":false,"_monsterinsights_sitenote_active":false,"_monsterinsights_sitenote_note":"","_monsterinsights_sitenote_category":0},"product_brand":[],"product_cat":[12337],"product_tag":[],"class_list":{"0":"post-761091","1":"product","2":"type-product","3":"status-publish","5":"product_cat-politika-siyaset","6":"pa_cilt-ciltsiz","7":"pa_tur-kitap","8":"pa_yayinevi-dogan-kitap","9":"pa_yazar-serdar-korucu-haz","11":"first","12":"instock","13":"sale","14":"shipping-taxable","15":"purchasable","16":"product-type-simple"},"_links":{"self":[{"href":"https:\/\/roveyayinevi.com.tr\/index.php\/wp-json\/wp\/v2\/product\/761091","targetHints":{"allow":["GET"]}}],"collection":[{"href":"https:\/\/roveyayinevi.com.tr\/index.php\/wp-json\/wp\/v2\/product"}],"about":[{"href":"https:\/\/roveyayinevi.com.tr\/index.php\/wp-json\/wp\/v2\/types\/product"}],"wp:attachment":[{"href":"https:\/\/roveyayinevi.com.tr\/index.php\/wp-json\/wp\/v2\/media?parent=761091"}],"wp:term":[{"taxonomy":"product_brand","embeddable":true,"href":"https:\/\/roveyayinevi.com.tr\/index.php\/wp-json\/wp\/v2\/product_brand?post=761091"},{"taxonomy":"product_cat","embeddable":true,"href":"https:\/\/roveyayinevi.com.tr\/index.php\/wp-json\/wp\/v2\/product_cat?post=761091"},{"taxonomy":"product_tag","embeddable":true,"href":"https:\/\/roveyayinevi.com.tr\/index.php\/wp-json\/wp\/v2\/product_tag?post=761091"}],"curies":[{"name":"wp","href":"https:\/\/api.w.org\/{rel}","templated":true}]}}