{"id":761090,"date":"2025-08-28T09:26:54","date_gmt":"2025-08-28T06:26:54","guid":{"rendered":"https:\/\/roveyayinevi.com.tr\/index.php\/urun\/yapay-zeka-kitabi\/"},"modified":"2026-04-16T03:14:42","modified_gmt":"2026-04-16T00:14:42","slug":"yapay-zeka-kitabi","status":"publish","type":"product","link":"https:\/\/roveyayinevi.com.tr\/index.php\/urun\/yapay-zeka-kitabi\/","title":{"rendered":"Yapay Zeka Kitab\u0131"},"content":{"rendered":"<p>D\u00fc\u015f\u00fcnen Makine \u00c7a\u011f\u0131nda D\u00fc\u015f\u00fcnen \u0130nsan Olmak Bilin\u00e7 nedir? Felsefe ni\u00e7in de\u011ferlidir? \u0130nsan neden icat yapar? Duygular\u0131 \u00e7\u00f6z\u00fclebilir mi? Makine ahlakl\u0131 olabilir mi? Kusursuz \u00e7\u00f6z\u00fcm var m\u0131d\u0131r? Her sorunun cevab\u0131 var m\u0131d\u0131r? Yapay zek\u00e2 zihin sahibi olabilir mi? Bilmek anlamak anlam\u0131na gelir mi? Yenili\u011fe uyum sa\u011flamazsak ne olur? Yapay zek\u00e2n\u0131n gelece\u011fi neye ba\u011fl\u0131d\u0131r? Bunlar gibi pek \u00e7ok sorunun cevab\u0131n\u0131 Yapay Zek\u00e2 Kitab\u0131&#8217;nda bulacaks\u0131n\u0131z.   \u201cYapay zek\u00e2, sadece bir teknoloji alan\u0131 de\u011fil, ayn\u0131 zamanda d\u00fcnyay\u0131 anlama ve de\u011fi\u015ftirme potansiyeli ta\u015f\u0131yan bir kavramd\u0131r. Bu kitap arac\u0131l\u0131\u011f\u0131yla, okuyucular\u0131m\u0131z\u0131n yapay zek\u00e2ya dair bilgi d\u00fcnyas\u0131na ad\u0131m atmalar\u0131n\u0131 ve bu heyecan verici ke\u015ffe kat\u0131lmalar\u0131n\u0131 umuyoruz.\u201d TOBB Ekonomi ve Teknoloji \u00dcniversitesi Yapay Zek\u00e2 M\u00fchendisli\u011fi B\u00f6l\u00fcm\u00fc\u2019nde dersler veren Dr. Anooshirvan Miandji\u2019nin \u00f6zellikle gen\u00e7leri hedefleyerek titizlikle haz\u0131rlad\u0131\u011f\u0131 bu kitap, yapay zek\u00e2n\u0131n tarihine ve felsefesine k\u0131sa bir giri\u015f niteli\u011fi ta\u015f\u0131mas\u0131n\u0131n yan\u0131nda yapay zek\u00e2yla ilgili m\u00fcfredat ve e\u011fitim \u00f6nerilerini, yapay zek\u00e2n\u0131n hayat\u0131m\u0131za, tar\u0131mdan \u015fehircili\u011fe, t\u0131ptan tekstile, sanattan ticarete farkl\u0131 alanlara getirece\u011fi yenilikleri, elliye yak\u0131n mesle\u011fe etkisini ve kapsaml\u0131 bir yapay zek\u00e2 s\u00f6zl\u00fc\u011f\u00fcn\u00fc de i\u00e7eriyor. T\u00fcm bu y\u00f6nleriyle, yapay zek\u00e2n\u0131n nereden do\u011fup nereye do\u011fru gitti\u011fini merak eden ve ara\u015ft\u0131ran herkes i\u00e7in yol g\u00f6sterici bir kaynak kitap. <\/p>\n","protected":false},"excerpt":{"rendered":"<p>D\u00fc\u015f\u00fcnen Makine \u00c7a\u011f\u0131nda D\u00fc\u015f\u00fcnen \u0130nsan Olmak Bilin\u00e7 nedir? Felsefe ni\u00e7in de\u011ferlidir? \u0130nsan neden icat yapar? Duygular\u0131 \u00e7\u00f6z\u00fclebilir mi? Makine ahlakl\u0131 olabilir mi? Kusursuz \u00e7\u00f6z\u00fcm var m\u0131d\u0131r?<span class=\"excerpt-hellip\"> [\u2026]<\/span><\/p>\n","protected":false},"featured_media":0,"template":"","meta":{"_monsterinsights_skip_tracking":false,"_monsterinsights_sitenote_active":false,"_monsterinsights_sitenote_note":"","_monsterinsights_sitenote_category":0},"product_brand":[],"product_cat":[13005],"product_tag":[],"class_list":{"0":"post-761090","1":"product","2":"type-product","3":"status-publish","5":"product_cat-bilim-muhendislik","6":"pa_cilt-ciltsiz","7":"pa_tur-kitap","8":"pa_yayinevi-bilgi-yayinevi","9":"pa_yazar-anooshirvan-miandji","11":"first","12":"instock","13":"sale","14":"shipping-taxable","15":"purchasable","16":"product-type-simple"},"_links":{"self":[{"href":"https:\/\/roveyayinevi.com.tr\/index.php\/wp-json\/wp\/v2\/product\/761090","targetHints":{"allow":["GET"]}}],"collection":[{"href":"https:\/\/roveyayinevi.com.tr\/index.php\/wp-json\/wp\/v2\/product"}],"about":[{"href":"https:\/\/roveyayinevi.com.tr\/index.php\/wp-json\/wp\/v2\/types\/product"}],"wp:attachment":[{"href":"https:\/\/roveyayinevi.com.tr\/index.php\/wp-json\/wp\/v2\/media?parent=761090"}],"wp:term":[{"taxonomy":"product_brand","embeddable":true,"href":"https:\/\/roveyayinevi.com.tr\/index.php\/wp-json\/wp\/v2\/product_brand?post=761090"},{"taxonomy":"product_cat","embeddable":true,"href":"https:\/\/roveyayinevi.com.tr\/index.php\/wp-json\/wp\/v2\/product_cat?post=761090"},{"taxonomy":"product_tag","embeddable":true,"href":"https:\/\/roveyayinevi.com.tr\/index.php\/wp-json\/wp\/v2\/product_tag?post=761090"}],"curies":[{"name":"wp","href":"https:\/\/api.w.org\/{rel}","templated":true}]}}