{"id":761089,"date":"2025-08-28T09:26:52","date_gmt":"2025-08-28T06:26:52","guid":{"rendered":"https:\/\/roveyayinevi.com.tr\/index.php\/urun\/esmasi-icimizde\/"},"modified":"2026-04-16T03:14:42","modified_gmt":"2026-04-16T00:14:42","slug":"esmasi-icimizde","status":"publish","type":"product","link":"https:\/\/roveyayinevi.com.tr\/index.php\/urun\/esmasi-icimizde\/","title":{"rendered":"Esmas\u0131 \u0130\u00e7imizde"},"content":{"rendered":"<p>\u015eiirler, anlam itibar\u0131yla \u00e7ok g\u00fc\u00e7l\u00fc toplumsal mesajlar i\u00e7erir. A\u015fk, yi\u011fitlik, dini duygular ve nice olgular \u015fiirlerle anlam kazan\u0131r. Toplumun b\u00fct\u00fcnl\u00fc\u011f\u00fc \u015fiirle per\u00e7inlenir.   Mar\u015flar\u0131m\u0131z, T\u00fcrk\u00fclerimiz, \u015fark\u0131lar\u0131m\u0131z milletimizin duygular\u0131n\u0131 g\u00f6steren simgeler, renklerdir. K\u00f6ro\u011flu T\u00fcrk\u00fcleri ile co\u015far, Yunus Emre \u015fiirleri ile dini duygular ya\u015far\u0131z.   Ben de duygular\u0131m\u0131 \u015fiirlerime aktard\u0131m. <\/p>\n","protected":false},"excerpt":{"rendered":"<p>\u015eiirler, anlam itibar\u0131yla \u00e7ok g\u00fc\u00e7l\u00fc toplumsal mesajlar i\u00e7erir. A\u015fk, yi\u011fitlik, dini duygular ve nice olgular \u015fiirlerle anlam kazan\u0131r. Toplumun b\u00fct\u00fcnl\u00fc\u011f\u00fc \u015fiirle per\u00e7inlenir. Mar\u015flar\u0131m\u0131z, T\u00fcrk\u00fclerimiz, \u015fark\u0131lar\u0131m\u0131z milletimizin<span class=\"excerpt-hellip\"> [\u2026]<\/span><\/p>\n","protected":false},"featured_media":0,"template":"","meta":{"_monsterinsights_skip_tracking":false,"_monsterinsights_sitenote_active":false,"_monsterinsights_sitenote_note":"","_monsterinsights_sitenote_category":0},"product_brand":[],"product_cat":[12291,12509],"product_tag":[],"class_list":{"0":"post-761089","1":"product","2":"type-product","3":"status-publish","5":"product_cat-edebiyat","6":"product_cat-siir","7":"pa_cilt-ciltsiz","8":"pa_tur-kitap","9":"pa_yayinevi-doksan-dokuz-yayinlari","10":"pa_yazar-bayram-belen","12":"first","13":"instock","14":"sale","15":"shipping-taxable","16":"purchasable","17":"product-type-simple"},"_links":{"self":[{"href":"https:\/\/roveyayinevi.com.tr\/index.php\/wp-json\/wp\/v2\/product\/761089","targetHints":{"allow":["GET"]}}],"collection":[{"href":"https:\/\/roveyayinevi.com.tr\/index.php\/wp-json\/wp\/v2\/product"}],"about":[{"href":"https:\/\/roveyayinevi.com.tr\/index.php\/wp-json\/wp\/v2\/types\/product"}],"wp:attachment":[{"href":"https:\/\/roveyayinevi.com.tr\/index.php\/wp-json\/wp\/v2\/media?parent=761089"}],"wp:term":[{"taxonomy":"product_brand","embeddable":true,"href":"https:\/\/roveyayinevi.com.tr\/index.php\/wp-json\/wp\/v2\/product_brand?post=761089"},{"taxonomy":"product_cat","embeddable":true,"href":"https:\/\/roveyayinevi.com.tr\/index.php\/wp-json\/wp\/v2\/product_cat?post=761089"},{"taxonomy":"product_tag","embeddable":true,"href":"https:\/\/roveyayinevi.com.tr\/index.php\/wp-json\/wp\/v2\/product_tag?post=761089"}],"curies":[{"name":"wp","href":"https:\/\/api.w.org\/{rel}","templated":true}]}}