{"id":761087,"date":"2025-08-28T09:26:49","date_gmt":"2025-08-28T06:26:49","guid":{"rendered":"https:\/\/roveyayinevi.com.tr\/index.php\/urun\/bitikla-e-ihracat\/"},"modified":"2026-04-16T03:14:42","modified_gmt":"2026-04-16T00:14:42","slug":"bitikla-e-ihracat","status":"publish","type":"product","link":"https:\/\/roveyayinevi.com.tr\/index.php\/urun\/bitikla-e-ihracat\/","title":{"rendered":"Bi\u2019T\u0131kla E-\u0130hracat"},"content":{"rendered":"<p>E-ihracat, g\u00fcn\u00fcm\u00fcz i\u015f d\u00fcnyas\u0131nda giderek daha \u00f6nemli bir rol oynamaktad\u0131r. K\u00fcreselle\u015fme ve dijitalle\u015fme ile birlikte, \u015firketlerin s\u0131n\u0131rlar\u0131 a\u015farak uluslararas\u0131 pazara eri\u015fmesi kolayla\u015fm\u0131\u015ft\u0131r. Ancak bu avantajlar\u0131 de\u011ferlendirebilmek i\u00e7in do\u011fru strateji ve bilgiye ihtiya\u00e7 vard\u0131r. \u0130\u015fte tam da bu noktada Bi\u2019T\u0131kla E-\u0130hracat devreye giriyor.   Bi\u2019T\u0131kla E-\u0130hracat, e-ihracat\u0131n temellerinden ba\u015flayarak, stratejik planlama, pazar ara\u015ft\u0131rmas\u0131, lojistik, \u00f6deme sistemleri ve pazarlama gibi alanlarda detayl\u0131 bilgiler sunmakla beraber kapsaml\u0131 bir \u015fekilde e-ihracat\u0131n avantajlar\u0131n\u0131 ve zorluklar\u0131n\u0131 ele al\u0131rken, sizlere ad\u0131m ad\u0131m bir rehber sunmaktad\u0131r.   Bi\u2019T\u0131kla E-\u0130hracat, i\u015fletme sahipleri, giri\u015fimciler, pazarlama profesyonelleri ve e-ticaret uzmanlar\u0131 i\u00e7in bir ba\u015fvuru kayna\u011f\u0131 olarak tasarlanm\u0131\u015ft\u0131r. E-ihracat yapmak isteyenler i\u00e7in pratik ipu\u00e7lar\u0131, stratejik \u00f6neriler ve ger\u00e7ek d\u00fcnya \u00f6rnekleri sunarak, okuyucular\u0131n uluslararas\u0131 pazarda ba\u015far\u0131ya ula\u015fmalar\u0131na yard\u0131mc\u0131 olur.   Happy Center CEO\u2019su Yavuz ALTUN&#8217;un \u00f6ns\u00f6z\u00fcyle \u00e7\u0131kan Bi\u2019T\u0131kla E-\u0130hracat kitab\u0131, e-ticaretin gelece\u011fine do\u011fru bir yolculuk i\u00e7in gerekli olan bilgi ve yetenekleri kazanmak isteyen herkes i\u00e7in vazge\u00e7ilmez bir kaynakt\u0131r. E-ihracat\u0131n karma\u015f\u0131k d\u00fcnyas\u0131n\u0131 anlamak ve ba\u015far\u0131l\u0131 bir \u015fekilde uygulamak isteyenler i\u00e7in rehber niteli\u011finde bir kitap \u00f6zelli\u011fi ta\u015f\u0131maktad\u0131r. <\/p>\n","protected":false},"excerpt":{"rendered":"<p>E-ihracat, g\u00fcn\u00fcm\u00fcz i\u015f d\u00fcnyas\u0131nda giderek daha \u00f6nemli bir rol oynamaktad\u0131r. K\u00fcreselle\u015fme ve dijitalle\u015fme ile birlikte, \u015firketlerin s\u0131n\u0131rlar\u0131 a\u015farak uluslararas\u0131 pazara eri\u015fmesi kolayla\u015fm\u0131\u015ft\u0131r. Ancak bu avantajlar\u0131 de\u011ferlendirebilmek<span class=\"excerpt-hellip\"> [\u2026]<\/span><\/p>\n","protected":false},"featured_media":0,"template":"","meta":{"_monsterinsights_skip_tracking":false,"_monsterinsights_sitenote_active":false,"_monsterinsights_sitenote_note":"","_monsterinsights_sitenote_category":0},"product_brand":[],"product_cat":[17969,13043],"product_tag":[],"class_list":{"0":"post-761087","1":"product","2":"type-product","3":"status-publish","5":"product_cat-e-ticaret","6":"product_cat-ekonomi","7":"pa_cilt-ciltsiz","8":"pa_tur-kitap","9":"pa_yayinevi-perge-yayinlari","10":"pa_yazar-baris-parlak","12":"first","13":"instock","14":"sale","15":"shipping-taxable","16":"purchasable","17":"product-type-simple"},"_links":{"self":[{"href":"https:\/\/roveyayinevi.com.tr\/index.php\/wp-json\/wp\/v2\/product\/761087","targetHints":{"allow":["GET"]}}],"collection":[{"href":"https:\/\/roveyayinevi.com.tr\/index.php\/wp-json\/wp\/v2\/product"}],"about":[{"href":"https:\/\/roveyayinevi.com.tr\/index.php\/wp-json\/wp\/v2\/types\/product"}],"wp:attachment":[{"href":"https:\/\/roveyayinevi.com.tr\/index.php\/wp-json\/wp\/v2\/media?parent=761087"}],"wp:term":[{"taxonomy":"product_brand","embeddable":true,"href":"https:\/\/roveyayinevi.com.tr\/index.php\/wp-json\/wp\/v2\/product_brand?post=761087"},{"taxonomy":"product_cat","embeddable":true,"href":"https:\/\/roveyayinevi.com.tr\/index.php\/wp-json\/wp\/v2\/product_cat?post=761087"},{"taxonomy":"product_tag","embeddable":true,"href":"https:\/\/roveyayinevi.com.tr\/index.php\/wp-json\/wp\/v2\/product_tag?post=761087"}],"curies":[{"name":"wp","href":"https:\/\/api.w.org\/{rel}","templated":true}]}}