{"id":761074,"date":"2025-08-28T09:26:28","date_gmt":"2025-08-28T06:26:28","guid":{"rendered":"https:\/\/roveyayinevi.com.tr\/index.php\/urun\/uzaya-giden-iki-cocuk-40-kitap-kutulu-set\/"},"modified":"2026-04-16T03:14:42","modified_gmt":"2026-04-16T00:14:42","slug":"uzaya-giden-iki-cocuk-40-kitap-kutulu-set","status":"publish","type":"product","link":"https:\/\/roveyayinevi.com.tr\/index.php\/urun\/uzaya-giden-iki-cocuk-40-kitap-kutulu-set\/","title":{"rendered":"Uzaya Giden \u0130ki \u00c7ocuk 40 Kitap Kutulu Set"},"content":{"rendered":"<p>Y\u0131ld\u0131zlar ve galaksiler aras\u0131 bir yolculu\u011fa haz\u0131r m\u0131s\u0131n\u0131z? 8 ya\u015f\u0131ndaki iki cesur \u00e7ocu\u011fun kendi kaleminden s\u0131ra d\u0131\u015f\u0131 bir macera! &#8221; Uzaya Giden \u0130ki \u00c7ocuk Serisi, s\u0131n\u0131rlar\u0131 a\u015fan bir ser\u00fcven sunuyor. Ana karakterlerimiz, Musab ve Kerem, Uzay hayali kuran iki arkada\u015fken, babalar\u0131n\u0131n yapt\u0131\u011f\u0131 roketle uzay\u0131n kap\u0131lar\u0131n\u0131 aral\u0131yorlar! Onlar\u0131 bekleyen ise evrenin derinliklerinde gizlenmi\u015f s\u0131rlar, dostluklar ve tehlikelerle dolu bir macerad\u0131r. Uzay gemileriyle y\u0131ld\u0131zlar aras\u0131 yolculuklar, yabanc\u0131 gezegenlerde kar\u015f\u0131la\u015ft\u0131klar\u0131 ilgin\u00e7 uzay evreni ve onlar\u0131 bekleyen s\u0131rad\u0131\u015f\u0131 maceralar, okuyucular\u0131 nefes kesen bir ser\u00fcvenin i\u00e7ine \u00e7ekiyor. \u201cUzaya Giden \u0130ki \u00c7ocuk\u201d 40 kitapl\u0131k serisiyle, \u00e7ocuklar\u0131n hayal g\u00fcc\u00fcn\u00fc zenginle\u015ftiren, bilim kurgu ve macera dolu bir hikaye. Musab ve Kerem\u2019in cesaret dolu yolculu\u011fu, okurlar\u0131 evrenin sonsuzlu\u011funda unutulmaz bir ser\u00fcvene davet ediyor. Haydi, uzay\u0131n sonsuzlu\u011funa do\u011fru muhte\u015fem bir yolculu\u011fa \u00e7\u0131k\u0131n ve &#8221; Uzaya Giden \u0130ki \u00c7ocuk&#8221; ile ger\u00e7ek bir maceran\u0131n keyfini \u00e7\u0131kar\u0131n!<\/p>\n","protected":false},"excerpt":{"rendered":"<p>Y\u0131ld\u0131zlar ve galaksiler aras\u0131 bir yolculu\u011fa haz\u0131r m\u0131s\u0131n\u0131z? 8 ya\u015f\u0131ndaki iki cesur \u00e7ocu\u011fun kendi kaleminden s\u0131ra d\u0131\u015f\u0131 bir macera! &#8221; Uzaya Giden \u0130ki \u00c7ocuk Serisi, s\u0131n\u0131rlar\u0131<span class=\"excerpt-hellip\"> [\u2026]<\/span><\/p>\n","protected":false},"featured_media":0,"template":"","meta":{"_monsterinsights_skip_tracking":false,"_monsterinsights_sitenote_active":false,"_monsterinsights_sitenote_note":"","_monsterinsights_sitenote_category":0},"product_brand":[],"product_cat":[12275,12274],"product_tag":[],"class_list":{"0":"post-761074","1":"product","2":"type-product","3":"status-publish","5":"product_cat-6-12-yas-kitaplari","6":"product_cat-cocuk-ve-genclik-kitaplari","7":"pa_cilt-ciltsiz","8":"pa_tur-kitap","9":"pa_yayinevi-spesifik-yayinlari","10":"pa_yazar-musab-maruf-korkutata-kerem-kan","12":"first","13":"instock","14":"sale","15":"shipping-taxable","16":"purchasable","17":"product-type-simple"},"_links":{"self":[{"href":"https:\/\/roveyayinevi.com.tr\/index.php\/wp-json\/wp\/v2\/product\/761074","targetHints":{"allow":["GET"]}}],"collection":[{"href":"https:\/\/roveyayinevi.com.tr\/index.php\/wp-json\/wp\/v2\/product"}],"about":[{"href":"https:\/\/roveyayinevi.com.tr\/index.php\/wp-json\/wp\/v2\/types\/product"}],"wp:attachment":[{"href":"https:\/\/roveyayinevi.com.tr\/index.php\/wp-json\/wp\/v2\/media?parent=761074"}],"wp:term":[{"taxonomy":"product_brand","embeddable":true,"href":"https:\/\/roveyayinevi.com.tr\/index.php\/wp-json\/wp\/v2\/product_brand?post=761074"},{"taxonomy":"product_cat","embeddable":true,"href":"https:\/\/roveyayinevi.com.tr\/index.php\/wp-json\/wp\/v2\/product_cat?post=761074"},{"taxonomy":"product_tag","embeddable":true,"href":"https:\/\/roveyayinevi.com.tr\/index.php\/wp-json\/wp\/v2\/product_tag?post=761074"}],"curies":[{"name":"wp","href":"https:\/\/api.w.org\/{rel}","templated":true}]}}