{"id":761071,"date":"2025-08-28T09:26:23","date_gmt":"2025-08-28T06:26:23","guid":{"rendered":"https:\/\/roveyayinevi.com.tr\/index.php\/urun\/aramizda-2\/"},"modified":"2026-04-16T03:14:42","modified_gmt":"2026-04-16T00:14:42","slug":"aramizda-2","status":"publish","type":"product","link":"https:\/\/roveyayinevi.com.tr\/index.php\/urun\/aramizda-2\/","title":{"rendered":"Aram\u0131zda"},"content":{"rendered":"<p>\u201cBen, Mackenzie Elizabeth Carew. Bu gece olanlar hakk\u0131nda kimseye tek bir s\u00f6z dahi etmeyece\u011fime yemin ederim.\u201d   Mackenzie Elizabeth Carew, k\u0131z karde\u015fi Tahlia\u2019ya bir s\u00f6z veriyor. B\u00fcy\u00fckbabalar\u0131 kazadan beri \u00e7ok garip davran\u0131yor ama bunu ablalar\u0131ndan saklamak zorundalar. B\u00fcy\u00fckbabalar\u0131yla ilgilenirken bu b\u00fcy\u00fck s\u0131rr\u0131 saklamaya \u00e7al\u0131\u015fmak epey zor olsa da Tahlia\u2019n\u0131n bir plan\u0131 var&#8230;   \u00d6d\u00fcll\u00fc yazar Marianne Musgrove, Aram\u0131zda\u2019da aile olman\u0131n ve beklenmedik sorumluluklar alt\u0131nda b\u00fcy\u00fcmenin zorluklar\u0131n\u0131 ele al\u0131rken, Mackenzie ve Tahlia\u2019n\u0131n duygusal hik\u00e2yesiyle okurlar\u0131n\u0131 kalpleri \u0131s\u0131tan bir yolculu\u011fa \u00e7\u0131kar\u0131yor. <\/p>\n","protected":false},"excerpt":{"rendered":"<p>\u201cBen, Mackenzie Elizabeth Carew. Bu gece olanlar hakk\u0131nda kimseye tek bir s\u00f6z dahi etmeyece\u011fime yemin ederim.\u201d Mackenzie Elizabeth Carew, k\u0131z karde\u015fi Tahlia\u2019ya bir s\u00f6z veriyor. B\u00fcy\u00fckbabalar\u0131<span class=\"excerpt-hellip\"> [\u2026]<\/span><\/p>\n","protected":false},"featured_media":0,"template":"","meta":{"_monsterinsights_skip_tracking":false,"_monsterinsights_sitenote_active":false,"_monsterinsights_sitenote_note":"","_monsterinsights_sitenote_category":0},"product_brand":[],"product_cat":[12274,12284],"product_tag":[],"class_list":{"0":"post-761071","1":"product","2":"type-product","3":"status-publish","5":"product_cat-cocuk-ve-genclik-kitaplari","6":"product_cat-hikayeler","7":"pa_cilt-ciltsiz","8":"pa_tur-kitap","9":"pa_yayinevi-mundi","10":"pa_yazar-marianne-musgrove","12":"first","13":"instock","14":"sale","15":"shipping-taxable","16":"purchasable","17":"product-type-simple"},"_links":{"self":[{"href":"https:\/\/roveyayinevi.com.tr\/index.php\/wp-json\/wp\/v2\/product\/761071","targetHints":{"allow":["GET"]}}],"collection":[{"href":"https:\/\/roveyayinevi.com.tr\/index.php\/wp-json\/wp\/v2\/product"}],"about":[{"href":"https:\/\/roveyayinevi.com.tr\/index.php\/wp-json\/wp\/v2\/types\/product"}],"wp:attachment":[{"href":"https:\/\/roveyayinevi.com.tr\/index.php\/wp-json\/wp\/v2\/media?parent=761071"}],"wp:term":[{"taxonomy":"product_brand","embeddable":true,"href":"https:\/\/roveyayinevi.com.tr\/index.php\/wp-json\/wp\/v2\/product_brand?post=761071"},{"taxonomy":"product_cat","embeddable":true,"href":"https:\/\/roveyayinevi.com.tr\/index.php\/wp-json\/wp\/v2\/product_cat?post=761071"},{"taxonomy":"product_tag","embeddable":true,"href":"https:\/\/roveyayinevi.com.tr\/index.php\/wp-json\/wp\/v2\/product_tag?post=761071"}],"curies":[{"name":"wp","href":"https:\/\/api.w.org\/{rel}","templated":true}]}}