{"id":761052,"date":"2025-08-28T09:25:54","date_gmt":"2025-08-28T06:25:54","guid":{"rendered":"https:\/\/roveyayinevi.com.tr\/index.php\/urun\/mutluluk-psikolojisi\/"},"modified":"2026-04-16T03:14:41","modified_gmt":"2026-04-16T00:14:41","slug":"mutluluk-psikolojisi","status":"publish","type":"product","link":"https:\/\/roveyayinevi.com.tr\/index.php\/urun\/mutluluk-psikolojisi\/","title":{"rendered":"Mutluluk Psikolojisi"},"content":{"rendered":"<p>\u201cMutluluk, ya\u015fad\u0131\u011f\u0131n hayat tarz\u0131nda de\u011fil, hayata bak\u0131\u015f tarz\u0131ndad\u0131r.\u201d  Tolstoy      Mutluluk hakk\u0131nda insanl\u0131k tarihi boyunca her d\u00f6nem farkl\u0131 g\u00f6r\u00fc\u015fler ifade edilmi\u015ftir. Herkesin kendisine g\u00f6re bir mutluluk tan\u0131m\u0131 vard\u0131r. Ki\u015filik \u00f6zellikleri de bu farkl\u0131l\u0131kta \u00f6nemli rol oynar. Geleneklerimiz, hayattan beklentilerimiz, hobilerimiz, ailemiz, \u00e7evremiz, i\u015fimiz ve daha pek \u00e7ok fakt\u00f6r asl\u0131nda mutlulu\u011fumuzu \u015fekillendirir. \u0130yi olma h\u00e2li, ya\u015fam doyumu ve kendi kendine yeterlilik gibi kavramlar mutlulu\u011fu tan\u0131mlamak i\u00e7in kullan\u0131l\u0131r.    Bu kitap, mutlulu\u011fa farkl\u0131 bir a\u00e7\u0131dan yakla\u015f\u0131yor. \u201cVerme eylemi\u201dnin psikolojik anlam\u0131 ve mutlulu\u011fa katk\u0131s\u0131na odaklan\u0131yor. Verme eylemi sadece maddi olarak kazan\u00e7 sa\u011flamaz. Ayn\u0131 zamanda ruhsal olarak iyile\u015fmeyi ve huzuru hayat\u0131m\u0131za \u00e7eker. Bu da \u00e7evremizdeki insanlara ger\u00e7ek mutlulu\u011fu g\u00f6n\u00fclden verir. B\u00f6ylece kelebek etkisi \u00e7o\u011falarak artar, ailemiz, \u00e7evremiz, toplum mutlulu\u011fa kavu\u015fur.    Yaln\u0131zl\u0131k duygusunun ele al\u0131nd\u0131\u011f\u0131 Yaln\u0131zl\u0131k Psikolojisi\u2019nin ard\u0131ndan serinin ikinci kitab\u0131 Mutluluk Psikolojisi\u2019nde mutlulu\u011fa giden t\u00fcm duygular\u0131 g\u00f6receksiniz.<\/p>\n","protected":false},"excerpt":{"rendered":"<p>\u201cMutluluk, ya\u015fad\u0131\u011f\u0131n hayat tarz\u0131nda de\u011fil, hayata bak\u0131\u015f tarz\u0131ndad\u0131r.\u201d Tolstoy Mutluluk hakk\u0131nda insanl\u0131k tarihi boyunca her d\u00f6nem farkl\u0131 g\u00f6r\u00fc\u015fler ifade edilmi\u015ftir. Herkesin kendisine g\u00f6re bir mutluluk tan\u0131m\u0131<span class=\"excerpt-hellip\"> [\u2026]<\/span><\/p>\n","protected":false},"featured_media":0,"template":"","meta":{"_monsterinsights_skip_tracking":false,"_monsterinsights_sitenote_active":false,"_monsterinsights_sitenote_note":"","_monsterinsights_sitenote_category":0},"product_brand":[],"product_cat":[12357],"product_tag":[],"class_list":{"0":"post-761052","1":"product","2":"type-product","3":"status-publish","5":"product_cat-psikoloji","6":"pa_cilt-ciltsiz","7":"pa_tur-kitap","8":"pa_yayinevi-hayat-yayinlari","9":"pa_yazar-recai-yahyaoglu","11":"first","12":"instock","13":"sale","14":"shipping-taxable","15":"purchasable","16":"product-type-simple"},"_links":{"self":[{"href":"https:\/\/roveyayinevi.com.tr\/index.php\/wp-json\/wp\/v2\/product\/761052","targetHints":{"allow":["GET"]}}],"collection":[{"href":"https:\/\/roveyayinevi.com.tr\/index.php\/wp-json\/wp\/v2\/product"}],"about":[{"href":"https:\/\/roveyayinevi.com.tr\/index.php\/wp-json\/wp\/v2\/types\/product"}],"wp:attachment":[{"href":"https:\/\/roveyayinevi.com.tr\/index.php\/wp-json\/wp\/v2\/media?parent=761052"}],"wp:term":[{"taxonomy":"product_brand","embeddable":true,"href":"https:\/\/roveyayinevi.com.tr\/index.php\/wp-json\/wp\/v2\/product_brand?post=761052"},{"taxonomy":"product_cat","embeddable":true,"href":"https:\/\/roveyayinevi.com.tr\/index.php\/wp-json\/wp\/v2\/product_cat?post=761052"},{"taxonomy":"product_tag","embeddable":true,"href":"https:\/\/roveyayinevi.com.tr\/index.php\/wp-json\/wp\/v2\/product_tag?post=761052"}],"curies":[{"name":"wp","href":"https:\/\/api.w.org\/{rel}","templated":true}]}}