{"id":761050,"date":"2025-08-28T09:25:50","date_gmt":"2025-08-28T06:25:50","guid":{"rendered":"https:\/\/roveyayinevi.com.tr\/index.php\/urun\/icimdeki-firtina\/"},"modified":"2026-04-16T03:14:41","modified_gmt":"2026-04-16T00:14:41","slug":"icimdeki-firtina","status":"publish","type":"product","link":"https:\/\/roveyayinevi.com.tr\/index.php\/urun\/icimdeki-firtina\/","title":{"rendered":"\u0130\u00e7imdeki F\u0131rt\u0131na"},"content":{"rendered":"<p>Ailesinden uzakta liseye ba\u015flayan Nurg\u00fcl, hi\u00e7 tahmin etmedi\u011fi zorluklarla kar\u015f\u0131la\u015f\u0131r. Yat\u0131l\u0131 okuyaca\u011f\u0131 bu \u015fehirde her \u015fey ona yabanc\u0131d\u0131r. Okul, yurt, arkada\u015flar\u2026 Bunald\u0131\u011f\u0131 zaman sahile, deniz kenar\u0131na gider. Kendisi gibi yaln\u0131z deniz fenerinin yan\u0131nda durup, dertlerini engin denize f\u0131s\u0131ldar. \u00c7\u00fcnk\u00fc dertler, payla\u015ft\u0131k\u00e7a azal\u0131r. Her t\u00fcrl\u00fc \u2018\u00f6teki\u2019le\u015ftirmeye ra\u011fmen pes etmeyen Nurg\u00fcl, sonunda \u2018di\u011ferleri\u2019ne kendini kabul ettirebilecek mi? Nurg\u00fcl\u2019\u00fcn azmine hayran kalaca\u011f\u0131n\u0131z, yaln\u0131zl\u0131\u011f\u0131nda s\u0131\u011f\u0131nacak bir liman olaca\u011f\u0131n\u0131z bu gen\u00e7lik hik\u00e2yesini okumaya davetlisiniz&#8230; <\/p>\n","protected":false},"excerpt":{"rendered":"<p>Ailesinden uzakta liseye ba\u015flayan Nurg\u00fcl, hi\u00e7 tahmin etmedi\u011fi zorluklarla kar\u015f\u0131la\u015f\u0131r. Yat\u0131l\u0131 okuyaca\u011f\u0131 bu \u015fehirde her \u015fey ona yabanc\u0131d\u0131r. Okul, yurt, arkada\u015flar\u2026 Bunald\u0131\u011f\u0131 zaman sahile, deniz kenar\u0131na<span class=\"excerpt-hellip\"> [\u2026]<\/span><\/p>\n","protected":false},"featured_media":0,"template":"","meta":{"_monsterinsights_skip_tracking":false,"_monsterinsights_sitenote_active":false,"_monsterinsights_sitenote_note":"","_monsterinsights_sitenote_category":0},"product_brand":[],"product_cat":[12291,12711],"product_tag":[],"class_list":{"0":"post-761050","1":"product","2":"type-product","3":"status-publish","5":"product_cat-edebiyat","6":"product_cat-roman-oyku","7":"pa_cilt-ciltsiz","8":"pa_tur-kitap","9":"pa_yayinevi-genc-hayat","10":"pa_yazar-rahime-ucar","12":"first","13":"instock","14":"sale","15":"shipping-taxable","16":"purchasable","17":"product-type-simple"},"_links":{"self":[{"href":"https:\/\/roveyayinevi.com.tr\/index.php\/wp-json\/wp\/v2\/product\/761050","targetHints":{"allow":["GET"]}}],"collection":[{"href":"https:\/\/roveyayinevi.com.tr\/index.php\/wp-json\/wp\/v2\/product"}],"about":[{"href":"https:\/\/roveyayinevi.com.tr\/index.php\/wp-json\/wp\/v2\/types\/product"}],"wp:attachment":[{"href":"https:\/\/roveyayinevi.com.tr\/index.php\/wp-json\/wp\/v2\/media?parent=761050"}],"wp:term":[{"taxonomy":"product_brand","embeddable":true,"href":"https:\/\/roveyayinevi.com.tr\/index.php\/wp-json\/wp\/v2\/product_brand?post=761050"},{"taxonomy":"product_cat","embeddable":true,"href":"https:\/\/roveyayinevi.com.tr\/index.php\/wp-json\/wp\/v2\/product_cat?post=761050"},{"taxonomy":"product_tag","embeddable":true,"href":"https:\/\/roveyayinevi.com.tr\/index.php\/wp-json\/wp\/v2\/product_tag?post=761050"}],"curies":[{"name":"wp","href":"https:\/\/api.w.org\/{rel}","templated":true}]}}