{"id":761049,"date":"2025-08-28T09:25:49","date_gmt":"2025-08-28T06:25:49","guid":{"rendered":"https:\/\/roveyayinevi.com.tr\/index.php\/urun\/hissedar\/"},"modified":"2026-04-16T03:14:41","modified_gmt":"2026-04-16T00:14:41","slug":"hissedar","status":"publish","type":"product","link":"https:\/\/roveyayinevi.com.tr\/index.php\/urun\/hissedar\/","title":{"rendered":"Hissedar"},"content":{"rendered":"<p>\u201cBORSACI DE\u011e\u0130L H\u0130SSEDAR OLUN!\u201d   Ekonomik kalk\u0131nmadan halk\u0131n pay almas\u0131 ancak yat\u0131r\u0131mc\u0131 olunmas\u0131 ile m\u00fcmk\u00fcnd\u00fcr. \u201cHissedar\u201d olman\u0131n, bilin\u00e7li yat\u0131r\u0131mc\u0131 olman\u0131n idrak edilmesi \u00fcmidiyle, Sadettin Do\u011fanyi\u011fit \u00dcstada bu yolda kalemini harcad\u0131\u011f\u0131 i\u00e7in sonsuz te\u015fekk\u00fcrler.  Arif \u00dcnver, SPYD Kurucu Ba\u015fkan\u0131, Borsa Yat\u0131r\u0131mc\u0131s\u0131, Kitle Fonlama \u015eirketinin CEO\u2019su   \u00dclkemize hukuk alan\u0131nda hizmet edip \u00f6nemli g\u00f6revlerde bulunurken bir yandan da zaman bulup ger\u00e7ek yat\u0131r\u0131mc\u0131 olabilmek zordur. Sadettin Karde\u015fimiz b\u00f6ylesi bir yolculu\u011fun sonunda ger\u00e7ekten ba\u015far\u0131l\u0131 bir \u00e7al\u0131\u015fmaya imza atm\u0131\u015f. Finansal okuryazarl\u0131k ad\u0131na bu \u00f6nemli eseri \u00e7ok k\u0131ymetli buluyorum. Yat\u0131r\u0131mc\u0131lara rehber olsun. C\u00fcneyt Paksoy, Sermaye Piyasalar\u0131, Stratejist   Sadettin Do\u011fanyi\u011fit bug\u00fcne kadar Sermaye Piyasalar\u0131nda neredeyse hi\u00e7 ele al\u0131nmayan bir konuyu olgunla\u015ft\u0131r\u0131yor. Hissedar olman\u0131n ger\u00e7ek anlam\u0131 \u00fczerinde y\u0131llar\u0131n ihmali ile olu\u015fan, g\u00f6zden ka\u00e7an tozu al\u0131yor. Yetinmiyor, o manay\u0131 hak etti\u011fi yere ta\u015f\u0131yor. Sermaye Piyasalar\u0131nda tasarruf sahiplerinin hissedar olduklar\u0131n\u0131 anlad\u0131klar\u0131nda sistemin \u00fclkeye ne t\u00fcr katk\u0131lar sunabilece\u011fini anlat\u0131yor. Prof. Dr. Fatih Temizel, Finans ve Sermaye Piyasalar\u0131 \u00d6\u011fretim \u00dcyesi Anadolu \u00dcniversitesi Rekt\u00f6r Yard\u0131mc\u0131s\u0131   Sadettin Do\u011fanyi\u011fit, olduk\u00e7a karma\u015f\u0131k olan iktisadi terminolojiyi basite indirgeyerek anla\u015f\u0131labilir sade bir dil ve \u00fcslupla okuyucusuna aktar\u0131yor. Bug\u00fcn B\u0130ST\u2019te i\u015flem yapan yat\u0131r\u0131mc\u0131lar\u0131n \u00e7ok \u00f6nemli bir k\u0131sm\u0131n\u0131n birincil yetkinlik a\u00e7\u0131\u011f\u0131n\u0131n \u201cfinansal okuryazarl\u0131k\u201d oldu\u011fu ger\u00e7e\u011finden hareketle, bu eseri okuyan yat\u0131r\u0131mc\u0131larda ne t\u00fcr olumlu davran\u0131\u015f de\u011fi\u015fiklikleri ya\u015fanaca\u011f\u0131n\u0131 \u015fimdiden g\u00f6rmekteyim. Prof. Dr. Levent \u015eahin, \u0130stanbul \u00dcniversitesi Rekt\u00f6r Yard\u0131mc\u0131s\u0131,  \u0130ktisat\u00e7\u0131, AUZEF Dekan\u0131   Sermaye Piyasalar\u0131n\u0131 merak eden; hisse almay\u0131 satmay\u0131 bilmeyen, borsadan korkan, y\u0131llarca borsadan zarar etmi\u015f insanlar\u0131 dinlemi\u015f ve bu y\u00fczden borsadan \u00e7ekinenler i\u00e7in \u00e7ok g\u00fczel bir rehber olmu\u015f \u201cHissedar\u201d. Benim gibi uzun y\u0131llard\u0131r bu piyasada olanlara g\u00fczel hat\u0131rlatmalar\u0131n oldu\u011fu bir kaynak olmu\u015f \u201cHissedar\u201d. Taner Genek, Borsa Yat\u0131r\u0131mc\u0131s\u0131, \u0130\u015f \u0130nsan\u0131<\/p>\n","protected":false},"excerpt":{"rendered":"<p>\u201cBORSACI DE\u011e\u0130L H\u0130SSEDAR OLUN!\u201d Ekonomik kalk\u0131nmadan halk\u0131n pay almas\u0131 ancak yat\u0131r\u0131mc\u0131 olunmas\u0131 ile m\u00fcmk\u00fcnd\u00fcr. \u201cHissedar\u201d olman\u0131n, bilin\u00e7li yat\u0131r\u0131mc\u0131 olman\u0131n idrak edilmesi \u00fcmidiyle, Sadettin Do\u011fanyi\u011fit \u00dcstada bu<span class=\"excerpt-hellip\"> [\u2026]<\/span><\/p>\n","protected":false},"featured_media":0,"template":"","meta":{"_monsterinsights_skip_tracking":false,"_monsterinsights_sitenote_active":false,"_monsterinsights_sitenote_note":"","_monsterinsights_sitenote_category":0},"product_brand":[],"product_cat":[13043],"product_tag":[],"class_list":{"0":"post-761049","1":"product","2":"type-product","3":"status-publish","5":"product_cat-ekonomi","6":"pa_cilt-ciltsiz","7":"pa_tur-kitap","8":"pa_yayinevi-hayat-yayinlari","9":"pa_yazar-sadettin-doganyigit","11":"first","12":"instock","13":"sale","14":"shipping-taxable","15":"purchasable","16":"product-type-simple"},"_links":{"self":[{"href":"https:\/\/roveyayinevi.com.tr\/index.php\/wp-json\/wp\/v2\/product\/761049","targetHints":{"allow":["GET"]}}],"collection":[{"href":"https:\/\/roveyayinevi.com.tr\/index.php\/wp-json\/wp\/v2\/product"}],"about":[{"href":"https:\/\/roveyayinevi.com.tr\/index.php\/wp-json\/wp\/v2\/types\/product"}],"wp:attachment":[{"href":"https:\/\/roveyayinevi.com.tr\/index.php\/wp-json\/wp\/v2\/media?parent=761049"}],"wp:term":[{"taxonomy":"product_brand","embeddable":true,"href":"https:\/\/roveyayinevi.com.tr\/index.php\/wp-json\/wp\/v2\/product_brand?post=761049"},{"taxonomy":"product_cat","embeddable":true,"href":"https:\/\/roveyayinevi.com.tr\/index.php\/wp-json\/wp\/v2\/product_cat?post=761049"},{"taxonomy":"product_tag","embeddable":true,"href":"https:\/\/roveyayinevi.com.tr\/index.php\/wp-json\/wp\/v2\/product_tag?post=761049"}],"curies":[{"name":"wp","href":"https:\/\/api.w.org\/{rel}","templated":true}]}}