{"id":761048,"date":"2025-08-28T09:25:48","date_gmt":"2025-08-28T06:25:48","guid":{"rendered":"https:\/\/roveyayinevi.com.tr\/index.php\/urun\/iktisat-ve-toplum-dergisi-163-sayi-iktisat-iktisada-karsi\/"},"modified":"2026-04-16T03:14:41","modified_gmt":"2026-04-16T00:14:41","slug":"iktisat-ve-toplum-dergisi-163-sayi-iktisat-iktisada-karsi","status":"publish","type":"product","link":"https:\/\/roveyayinevi.com.tr\/index.php\/urun\/iktisat-ve-toplum-dergisi-163-sayi-iktisat-iktisada-karsi\/","title":{"rendered":"\u0130ktisat ve Toplum Dergisi 163. Say\u0131  \u0130ktisat \u0130ktisada Kar\u015f\u0131"},"content":{"rendered":"<p>Bu say\u0131da: 2024 Yerel Se\u00e7im Sonu\u00e7lar\u0131n\u0131n Analizi &#8211; Mahfi E\u011filmez Se\u00e7imler Mevsiminin Son Se\u00e7iminin Ard\u0131ndan &#8211; Ersin Kalayc\u0131o\u011flu Timsah A\u011fz\u0131n\u0131 Kapat\u0131rsa &#8211; A. Erin\u00e7 Yeldan Kapitalist D\u00fczende Reklamc\u0131l\u0131k, Sigortac\u0131l\u0131k ve Bankac\u0131l\u0131k &#8211; \u00d6rsan K. \u00d6ymen Almanya\u2019y\u0131 K\u0131skand\u0131ran Zenginlerimiz: Az \u0130stihdam, Az Sermaye Birikimi ve Bol Servet &#8211; Alper Duman T\u00fcrkiye\u2019deki 2024 Yerel Se\u00e7imlerinin De\u011ferlendirmesi: D\u00fc\u015f\u00fck Gelir Gruplar\u0131n\u0131n Se\u00e7im -Sonu\u00e7lar\u0131na Etkisi Ne Oldu? M\u00fcveddet Konu\u015fkan Bayraktar, \u015eule Sidrenur \u00d6zt\u00fcrk, \u0130smail Tufan, I\u015f\u0131n \u00c7elebi Gezegensel S\u0131n\u0131rlar, Devrilme Unsurlar\u0131 ve K\u00fcresel M\u00fc\u015fterekler &#8211; R. Funda Barbaros K\u00e2r Oran\u0131, Siyasi G\u00fc\u00e7, Sraffian Enflasyon: T\u00fcrkiye \u00d6rne\u011fi &#8211; Cem Mehmet Baydur \u0130ktisat\u00e7\u0131lar ve Okullar\u0131 &#8211; U\u011fur Sel\u00e7uk Akal\u0131n Anaak\u0131mc\u0131l\u0131k ve Heterodoks\u00e7uluk \u00dczerine &#8211; M. Aykut Attar Yapay Zek\u00e2 Perspektifinden T\u00fcrkiye\u2019de \u0130ktisadi D\u00fc\u015f\u00fcnceler &#8211; Altu\u011f Yal\u00e7\u0131nta\u015f, AI Historian Yapay Zek\u00e2 Ara\u00e7lar\u0131n\u0131n \u0130ktisat E\u011fitiminde Kullan\u0131lmas\u0131 \u00dczerine bir Deneme &#8211; \u0130brahim Semih Ak\u00e7omak T\u00fcrkiye\u2019de \u0130ktisat E\u011fitimi ve \u0130lk Ba\u011f\u0131ms\u0131z \u0130ktisat Fak\u00fcltesi A\u00e7\u0131lmas\u0131: Muhlis Ete (1904-1975) &#8211; Ercan Eren Kemal Dervi\u015f\u2019i Anarken &#8211; S\u00fcbidey Togan Zay\u0131f \u0130mparatorluklar Ger\u00e7ekten Zay\u0131f M\u0131yd\u0131? &#8211; Ergun T\u00fcrkcan Y\u00fckselen Korumac\u0131l\u0131k ve Sanayi Politikalar\u0131 D\u00f6nemi &#8211; Arda Tunca R\u00f6portaj: Prof. Dr. Murat G\u00fclsoy &#8211; G\u00fcl\u00e7in Elif Y\u00fccel A\u011f\u0131n A\u011f\u0131na D\u00fc\u015fen \u0130nsan &#8211; Dani\u015f Navaro<\/p>\n","protected":false},"excerpt":{"rendered":"<p>Bu say\u0131da: 2024 Yerel Se\u00e7im Sonu\u00e7lar\u0131n\u0131n Analizi &#8211; Mahfi E\u011filmez Se\u00e7imler Mevsiminin Son Se\u00e7iminin Ard\u0131ndan &#8211; Ersin Kalayc\u0131o\u011flu Timsah A\u011fz\u0131n\u0131 Kapat\u0131rsa &#8211; A. Erin\u00e7 Yeldan Kapitalist<span class=\"excerpt-hellip\"> [\u2026]<\/span><\/p>\n","protected":false},"featured_media":0,"template":"","meta":{"_monsterinsights_skip_tracking":false,"_monsterinsights_sitenote_active":false,"_monsterinsights_sitenote_note":"","_monsterinsights_sitenote_category":0},"product_brand":[],"product_cat":[13527],"product_tag":[],"class_list":{"0":"post-761048","1":"product","2":"type-product","3":"status-publish","5":"product_cat-sureli-yayinlar","6":"pa_cilt-ciltsiz","7":"pa_tur-kitap","8":"pa_yayinevi-efil-yayinevi-dergi","9":"pa_yazar-kolektif","11":"first","12":"instock","13":"sale","14":"shipping-taxable","15":"purchasable","16":"product-type-simple"},"_links":{"self":[{"href":"https:\/\/roveyayinevi.com.tr\/index.php\/wp-json\/wp\/v2\/product\/761048","targetHints":{"allow":["GET"]}}],"collection":[{"href":"https:\/\/roveyayinevi.com.tr\/index.php\/wp-json\/wp\/v2\/product"}],"about":[{"href":"https:\/\/roveyayinevi.com.tr\/index.php\/wp-json\/wp\/v2\/types\/product"}],"wp:attachment":[{"href":"https:\/\/roveyayinevi.com.tr\/index.php\/wp-json\/wp\/v2\/media?parent=761048"}],"wp:term":[{"taxonomy":"product_brand","embeddable":true,"href":"https:\/\/roveyayinevi.com.tr\/index.php\/wp-json\/wp\/v2\/product_brand?post=761048"},{"taxonomy":"product_cat","embeddable":true,"href":"https:\/\/roveyayinevi.com.tr\/index.php\/wp-json\/wp\/v2\/product_cat?post=761048"},{"taxonomy":"product_tag","embeddable":true,"href":"https:\/\/roveyayinevi.com.tr\/index.php\/wp-json\/wp\/v2\/product_tag?post=761048"}],"curies":[{"name":"wp","href":"https:\/\/api.w.org\/{rel}","templated":true}]}}