{"id":761041,"date":"2025-08-28T09:25:37","date_gmt":"2025-08-28T06:25:37","guid":{"rendered":"https:\/\/roveyayinevi.com.tr\/index.php\/urun\/gencler-inancsiz-mi-yoksa-cevapsiz-mi\/"},"modified":"2026-04-16T03:13:40","modified_gmt":"2026-04-16T00:13:40","slug":"gencler-inancsiz-mi-yoksa-cevapsiz-mi","status":"publish","type":"product","link":"https:\/\/roveyayinevi.com.tr\/index.php\/urun\/gencler-inancsiz-mi-yoksa-cevapsiz-mi\/","title":{"rendered":"Gen\u00e7ler \u0130nan\u00e7s\u0131z m\u0131 Yoksa Cevaps\u0131z m\u0131?"},"content":{"rendered":"<p>Baz\u0131 sorular\u0131n cevaplar\u0131 hayat kurtar\u0131r Allah\u2019\u0131n seni g\u00f6rmedi\u011fi yer neresidir? Deizmin pabucu dama m\u0131 at\u0131l\u0131yor? Her \u015fey g\u00fcnahsa gen\u00e7ler ne yaps\u0131n? \u015eeytan\u0131n sa\u011fdan yana\u015fmas\u0131 ne demek? G\u00fcnah\u0131n ilgin\u00e7 psikolojisi nedir? Biz insan m\u0131y\u0131z yoksa be\u015fer mi? Salavattaki s\u0131r nedir? \u0130nsan\u0131n parasal olarak ederi ne kadard\u0131r acaba? Ahirette kimler k\u00f6r olacakt\u0131r? Cehennemde ate\u015f var m\u0131? Kur\u2019an\u2019daki mucizeler g\u00fcn\u00fcm\u00fcz insan\u0131na ne anlam ifade edebilir? Gen\u00e7li\u011fin zihnini me\u015fgul eden ama yeterince tatmink\u00e2r cevap alamad\u0131klar\u0131 sorulardan baz\u0131lar\u0131 bunlar. Her birine bu kitapta verilen cevaplarla akl\u0131 kurcalayan sorular ve sorunlar ortadan kalkacak. <\/p>\n","protected":false},"excerpt":{"rendered":"<p>Baz\u0131 sorular\u0131n cevaplar\u0131 hayat kurtar\u0131r Allah\u2019\u0131n seni g\u00f6rmedi\u011fi yer neresidir? Deizmin pabucu dama m\u0131 at\u0131l\u0131yor? Her \u015fey g\u00fcnahsa gen\u00e7ler ne yaps\u0131n? \u015eeytan\u0131n sa\u011fdan yana\u015fmas\u0131 ne demek?<span class=\"excerpt-hellip\"> [\u2026]<\/span><\/p>\n","protected":false},"featured_media":0,"template":"","meta":{"_monsterinsights_skip_tracking":false,"_monsterinsights_sitenote_active":false,"_monsterinsights_sitenote_note":"","_monsterinsights_sitenote_category":0},"product_brand":[],"product_cat":[12718],"product_tag":[],"class_list":{"0":"post-761041","1":"product","2":"type-product","3":"status-publish","5":"product_cat-din","6":"pa_cilt-ciltsiz","7":"pa_tur-kitap","8":"pa_yayinevi-hayat-yayinlari","9":"pa_yazar-temel-sen","11":"first","12":"instock","13":"sale","14":"shipping-taxable","15":"purchasable","16":"product-type-simple"},"_links":{"self":[{"href":"https:\/\/roveyayinevi.com.tr\/index.php\/wp-json\/wp\/v2\/product\/761041","targetHints":{"allow":["GET"]}}],"collection":[{"href":"https:\/\/roveyayinevi.com.tr\/index.php\/wp-json\/wp\/v2\/product"}],"about":[{"href":"https:\/\/roveyayinevi.com.tr\/index.php\/wp-json\/wp\/v2\/types\/product"}],"wp:attachment":[{"href":"https:\/\/roveyayinevi.com.tr\/index.php\/wp-json\/wp\/v2\/media?parent=761041"}],"wp:term":[{"taxonomy":"product_brand","embeddable":true,"href":"https:\/\/roveyayinevi.com.tr\/index.php\/wp-json\/wp\/v2\/product_brand?post=761041"},{"taxonomy":"product_cat","embeddable":true,"href":"https:\/\/roveyayinevi.com.tr\/index.php\/wp-json\/wp\/v2\/product_cat?post=761041"},{"taxonomy":"product_tag","embeddable":true,"href":"https:\/\/roveyayinevi.com.tr\/index.php\/wp-json\/wp\/v2\/product_tag?post=761041"}],"curies":[{"name":"wp","href":"https:\/\/api.w.org\/{rel}","templated":true}]}}