{"id":761040,"date":"2025-08-28T09:25:36","date_gmt":"2025-08-28T06:25:36","guid":{"rendered":"https:\/\/roveyayinevi.com.tr\/index.php\/urun\/cennette-waffle-var-mi\/"},"modified":"2026-04-16T03:13:40","modified_gmt":"2026-04-16T00:13:40","slug":"cennette-waffle-var-mi","status":"publish","type":"product","link":"https:\/\/roveyayinevi.com.tr\/index.php\/urun\/cennette-waffle-var-mi\/","title":{"rendered":"Cennette Waffle Var m\u0131?"},"content":{"rendered":"<p>Baz\u0131 sorular\u0131n cevaplar\u0131 hayat kurtar\u0131r\u2026   Madem Allah herkese bol r\u0131z\u0131k veriyor, o zaman Afrika\u2019daki \u00e7ocuklar neden a\u00e7l\u0131ktan \u00f6l\u00fcyor? B\u00fct\u00fcn kutsal kitaplar de\u011fi\u015fti\u011fine g\u00f6re Kur\u2019an\u2019\u0131n de\u011fi\u015fmedi\u011fini nas\u0131l ispat edebilirsiniz? Ate\u015ften yarat\u0131lan \u015feytana ate\u015f olan cehennem ne ac\u0131 verebilir ki? Uzay \u00e7a\u011f\u0131nda ya\u015fayan bizler, 1400 sene \u00f6nce inmi\u015f bir kitaba m\u0131 uyaca\u011f\u0131z? Bu gericilik olmaz m\u0131? Deizmin Kur\u2019an\u2019daki tam kar\u015f\u0131l\u0131\u011f\u0131n\u0131n ad\u0131 \u015firk midir? Bizi secdeye g\u00f6t\u00fcrmeyen iman cennete g\u00f6t\u00fcrebilir mi? Gen\u00e7li\u011fin zihnini me\u015fgul eden ama yeterince tatmink\u00e2r cevap alamad\u0131klar\u0131 yukar\u0131daki ve benzeri pek \u00e7ok soruya verilmi\u015f enfes cevaplar\u0131n yer ald\u0131\u011f\u0131 muhte\u015fem bir eser. Gen\u00e7ler i\u00e7in hava gibi, su gibi ihtiya\u00e7. <\/p>\n","protected":false},"excerpt":{"rendered":"<p>Baz\u0131 sorular\u0131n cevaplar\u0131 hayat kurtar\u0131r\u2026 Madem Allah herkese bol r\u0131z\u0131k veriyor, o zaman Afrika\u2019daki \u00e7ocuklar neden a\u00e7l\u0131ktan \u00f6l\u00fcyor? B\u00fct\u00fcn kutsal kitaplar de\u011fi\u015fti\u011fine g\u00f6re Kur\u2019an\u2019\u0131n de\u011fi\u015fmedi\u011fini nas\u0131l<span class=\"excerpt-hellip\"> [\u2026]<\/span><\/p>\n","protected":false},"featured_media":0,"template":"","meta":{"_monsterinsights_skip_tracking":false,"_monsterinsights_sitenote_active":false,"_monsterinsights_sitenote_note":"","_monsterinsights_sitenote_category":0},"product_brand":[],"product_cat":[12718,12719],"product_tag":[],"class_list":{"0":"post-761040","1":"product","2":"type-product","3":"status-publish","5":"product_cat-din","6":"product_cat-islam","7":"pa_cilt-ciltsiz","8":"pa_tur-kitap","9":"pa_yayinevi-hayat-yayinlari","10":"pa_yazar-temel-sen","12":"first","13":"instock","14":"sale","15":"shipping-taxable","16":"purchasable","17":"product-type-simple"},"_links":{"self":[{"href":"https:\/\/roveyayinevi.com.tr\/index.php\/wp-json\/wp\/v2\/product\/761040","targetHints":{"allow":["GET"]}}],"collection":[{"href":"https:\/\/roveyayinevi.com.tr\/index.php\/wp-json\/wp\/v2\/product"}],"about":[{"href":"https:\/\/roveyayinevi.com.tr\/index.php\/wp-json\/wp\/v2\/types\/product"}],"wp:attachment":[{"href":"https:\/\/roveyayinevi.com.tr\/index.php\/wp-json\/wp\/v2\/media?parent=761040"}],"wp:term":[{"taxonomy":"product_brand","embeddable":true,"href":"https:\/\/roveyayinevi.com.tr\/index.php\/wp-json\/wp\/v2\/product_brand?post=761040"},{"taxonomy":"product_cat","embeddable":true,"href":"https:\/\/roveyayinevi.com.tr\/index.php\/wp-json\/wp\/v2\/product_cat?post=761040"},{"taxonomy":"product_tag","embeddable":true,"href":"https:\/\/roveyayinevi.com.tr\/index.php\/wp-json\/wp\/v2\/product_tag?post=761040"}],"curies":[{"name":"wp","href":"https:\/\/api.w.org\/{rel}","templated":true}]}}