{"id":761036,"date":"2025-08-28T09:25:30","date_gmt":"2025-08-28T06:25:30","guid":{"rendered":"https:\/\/roveyayinevi.com.tr\/index.php\/urun\/bilge-karasu-imbilim-ve-metin-okuma-yazma-ders-notlari\/"},"modified":"2026-04-08T03:22:35","modified_gmt":"2026-04-08T00:22:35","slug":"bilge-karasu-imbilim-ve-metin-okuma-yazma-ders-notlari","status":"publish","type":"product","link":"https:\/\/roveyayinevi.com.tr\/index.php\/urun\/bilge-karasu-imbilim-ve-metin-okuma-yazma-ders-notlari\/","title":{"rendered":"Bilge Karasu \u0130mbilim ve Metin Okuma-Yazma Ders Notlar\u0131"},"content":{"rendered":"<p>\u201cDilbilim t\u00fcmcenin bitti\u011fi yerde biter. T\u00fcmcenin sonras\u0131, yani ba\u011flam imbilimin alan\u0131na girer.\u201d \u201c\u0130mbilimin ama\u00e7lad\u0131\u011f\u0131, kabaca s\u00f6ylendikte, anlam \u00fcretimi bi\u00e7imlerinin, anlam \u00fcretim bi\u00e7imlerinin d\u00fczenleni\u015finin incelenmesi, bu alanda bi\u00e7imselle\u015ftirilmi\u015f, nicelle\u015ftirilmi\u015f birtak\u0131m sonu\u00e7lara var\u0131labilmesi. Bu da imbilimi bir bilim haline getirmenin \u00f6nemli bir ad\u0131m\u0131d\u0131r.\u201d <\/p>\n","protected":false},"excerpt":{"rendered":"<p>\u201cDilbilim t\u00fcmcenin bitti\u011fi yerde biter. T\u00fcmcenin sonras\u0131, yani ba\u011flam imbilimin alan\u0131na girer.\u201d \u201c\u0130mbilimin ama\u00e7lad\u0131\u011f\u0131, kabaca s\u00f6ylendikte, anlam \u00fcretimi bi\u00e7imlerinin, anlam \u00fcretim bi\u00e7imlerinin d\u00fczenleni\u015finin incelenmesi, bu alanda<span class=\"excerpt-hellip\"> [\u2026]<\/span><\/p>\n","protected":false},"featured_media":0,"template":"","meta":{"_monsterinsights_skip_tracking":false,"_monsterinsights_sitenote_active":false,"_monsterinsights_sitenote_note":"","_monsterinsights_sitenote_category":0},"product_brand":[],"product_cat":[12388],"product_tag":[],"class_list":{"0":"post-761036","1":"product","2":"type-product","3":"status-publish","5":"product_cat-felsefe","6":"pa_cilt-ciltsiz","7":"pa_tur-kitap","8":"pa_yayinevi-bilgesu-yayincilik","9":"pa_yazar-cemal-guzel","11":"first","12":"instock","13":"sale","14":"shipping-taxable","15":"purchasable","16":"product-type-simple"},"_links":{"self":[{"href":"https:\/\/roveyayinevi.com.tr\/index.php\/wp-json\/wp\/v2\/product\/761036","targetHints":{"allow":["GET"]}}],"collection":[{"href":"https:\/\/roveyayinevi.com.tr\/index.php\/wp-json\/wp\/v2\/product"}],"about":[{"href":"https:\/\/roveyayinevi.com.tr\/index.php\/wp-json\/wp\/v2\/types\/product"}],"wp:attachment":[{"href":"https:\/\/roveyayinevi.com.tr\/index.php\/wp-json\/wp\/v2\/media?parent=761036"}],"wp:term":[{"taxonomy":"product_brand","embeddable":true,"href":"https:\/\/roveyayinevi.com.tr\/index.php\/wp-json\/wp\/v2\/product_brand?post=761036"},{"taxonomy":"product_cat","embeddable":true,"href":"https:\/\/roveyayinevi.com.tr\/index.php\/wp-json\/wp\/v2\/product_cat?post=761036"},{"taxonomy":"product_tag","embeddable":true,"href":"https:\/\/roveyayinevi.com.tr\/index.php\/wp-json\/wp\/v2\/product_tag?post=761036"}],"curies":[{"name":"wp","href":"https:\/\/api.w.org\/{rel}","templated":true}]}}