{"id":761035,"date":"2025-08-28T09:25:29","date_gmt":"2025-08-28T06:25:29","guid":{"rendered":"https:\/\/roveyayinevi.com.tr\/index.php\/urun\/gecmisten-gunumuze-golpazari-dugun-adetleri\/"},"modified":"2026-04-16T03:13:39","modified_gmt":"2026-04-16T00:13:39","slug":"gecmisten-gunumuze-golpazari-dugun-adetleri","status":"publish","type":"product","link":"https:\/\/roveyayinevi.com.tr\/index.php\/urun\/gecmisten-gunumuze-golpazari-dugun-adetleri\/","title":{"rendered":"Ge\u00e7mi\u015ften G\u00fcn\u00fcm\u00fcze G\u00f6lpazar\u0131 D\u00fc\u011f\u00fcn Adetleri"},"content":{"rendered":"<p>G\u00f6lpazar\u0131 il\u00e7esi; \u0130stanbul, Bursa, Eski\u015fehir, Kocaeli, Sakarya gibi b\u00fcy\u00fck \u015fehirlerin \u00e7ok yak\u0131n ula\u015f\u0131m mesafesinde bulunmas\u0131na ra\u011fmen sosyal ve ekonomik anlamda olduk\u00e7a geri kalm\u0131\u015ft\u0131r. N\u00fcfusu g\u00fcnden g\u00fcne erimekte, gen\u00e7 n\u00fcfusunu ise yak\u0131n il ve il\u00e7elere s\u00fcrekli g\u00f6\u00e7 vermektedir. G\u00f6lpazar\u0131 co\u011frafyas\u0131n\u0131n temelini olu\u015fturan manav ve Y\u00f6r\u00fck boylar\u0131n\u0131n b\u00f6lgenin de\u011fi\u015fik yerlerinde yerle\u015fik d\u00fczene ge\u00e7meleri, kendi oba k\u00fclt\u00fcrlerine sahiplenmeleri yak\u0131n zamana kadar \u00f6z geleneklerin korunmas\u0131n\u0131 sa\u011flam\u0131\u015ft\u0131r. B\u00f6lgeye sonradan gelen muhacirlerin de kat\u0131l\u0131m\u0131 ile b\u00f6lgede k\u00fclt\u00fcrel \u00e7e\u015fitlilik artm\u0131\u015ft\u0131r. 1940 ve 1970\u2019li y\u0131llara kadar b\u00f6lgede halk bilimi \u00fczerine yap\u0131lan etkin \u00e7al\u0131\u015fmalara ra\u011fmen 1970\u2019li y\u0131llardan sonra \u00e7ok az say\u0131da \u00e7al\u0131\u015fman\u0131n yap\u0131lmas\u0131 ve gen\u00e7 n\u00fcfusun artan bir h\u0131zla b\u00f6lgeden g\u00f6\u00e7 etmesi; zaman\u0131nda \u00e7ok zengin olan b\u00f6lge k\u00fclt\u00fcr\u00fcn\u00fcn giderek kaybolmas\u0131na yol a\u00e7m\u0131\u015ft\u0131r. Yap\u0131lan bu \u00e7al\u0131\u015fma, bir nebze de olsa b\u00f6lge k\u00fclt\u00fcr\u00fcn\u00fcn gelecek nesillere aktar\u0131lmas\u0131nda \u00f6nemli bir katk\u0131 sa\u011flayacakt\u0131r. B\u00f6lgeyi yak\u0131ndan tan\u0131yan ve yak\u0131n zamanda y\u00f6re halk k\u00fclt\u00fcr\u00fc \u00fczerine \u00e7al\u0131\u015fmalar yapan T\u00fcrk Halk M\u00fczi\u011fi sanat\u00e7\u0131s\u0131, ara\u015ft\u0131rmac\u0131-yazar Abdullah G\u00fcnd\u00fcz\u2019\u00fcn ifadesiyle, art\u0131k eski ya\u015fl\u0131lar\u0131m\u0131z pek kalmad\u0131. \u00c7ok ge\u00e7 kal\u0131nm\u0131\u015f olsa da hayatta kalan son ya\u015fl\u0131lar\u0131m\u0131zdan k\u00fclt\u00fcr\u00fcm\u00fcz\u00fc, gelenek ve g\u00f6reneklerimizi \u00f6\u011frenebildi\u011fimiz kadar \u00f6\u011frenmeye ve bunlar\u0131 kay\u0131t alt\u0131na almaya \u00e7al\u0131\u015fal\u0131m. Yap\u0131lacak her \u00e7al\u0131\u015fma b\u00f6lge k\u00fclt\u00fcr\u00fcn\u00fc gelecek nesillere aktaracak son kazan\u0131mlar olacakt\u0131r. <\/p>\n","protected":false},"excerpt":{"rendered":"<p>G\u00f6lpazar\u0131 il\u00e7esi; \u0130stanbul, Bursa, Eski\u015fehir, Kocaeli, Sakarya gibi b\u00fcy\u00fck \u015fehirlerin \u00e7ok yak\u0131n ula\u015f\u0131m mesafesinde bulunmas\u0131na ra\u011fmen sosyal ve ekonomik anlamda olduk\u00e7a geri kalm\u0131\u015ft\u0131r. N\u00fcfusu g\u00fcnden g\u00fcne<span class=\"excerpt-hellip\"> [\u2026]<\/span><\/p>\n","protected":false},"featured_media":0,"template":"","meta":{"_monsterinsights_skip_tracking":false,"_monsterinsights_sitenote_active":false,"_monsterinsights_sitenote_note":"","_monsterinsights_sitenote_category":0},"product_brand":[],"product_cat":[13488],"product_tag":[],"class_list":{"0":"post-761035","1":"product","2":"type-product","3":"status-publish","5":"product_cat-toplum-ve-insan","6":"pa_cilt-ciltsiz","7":"pa_tur-kitap","8":"pa_yayinevi-teyakkuz-yayinlari","9":"pa_yazar-hasan-tasci","11":"first","12":"instock","13":"sale","14":"shipping-taxable","15":"purchasable","16":"product-type-simple"},"_links":{"self":[{"href":"https:\/\/roveyayinevi.com.tr\/index.php\/wp-json\/wp\/v2\/product\/761035","targetHints":{"allow":["GET"]}}],"collection":[{"href":"https:\/\/roveyayinevi.com.tr\/index.php\/wp-json\/wp\/v2\/product"}],"about":[{"href":"https:\/\/roveyayinevi.com.tr\/index.php\/wp-json\/wp\/v2\/types\/product"}],"wp:attachment":[{"href":"https:\/\/roveyayinevi.com.tr\/index.php\/wp-json\/wp\/v2\/media?parent=761035"}],"wp:term":[{"taxonomy":"product_brand","embeddable":true,"href":"https:\/\/roveyayinevi.com.tr\/index.php\/wp-json\/wp\/v2\/product_brand?post=761035"},{"taxonomy":"product_cat","embeddable":true,"href":"https:\/\/roveyayinevi.com.tr\/index.php\/wp-json\/wp\/v2\/product_cat?post=761035"},{"taxonomy":"product_tag","embeddable":true,"href":"https:\/\/roveyayinevi.com.tr\/index.php\/wp-json\/wp\/v2\/product_tag?post=761035"}],"curies":[{"name":"wp","href":"https:\/\/api.w.org\/{rel}","templated":true}]}}