{"id":761034,"date":"2025-08-28T09:25:27","date_gmt":"2025-08-28T06:25:27","guid":{"rendered":"https:\/\/roveyayinevi.com.tr\/index.php\/urun\/nutuk-14\/"},"modified":"2026-04-16T03:13:39","modified_gmt":"2026-04-16T00:13:39","slug":"nutuk-14","status":"publish","type":"product","link":"https:\/\/roveyayinevi.com.tr\/index.php\/urun\/nutuk-14\/","title":{"rendered":"Nutuk"},"content":{"rendered":"<p>Mustafa Kemal Atat\u00fcrk\u2019\u00fcn yazd\u0131\u011f\u0131 b\u00fcy\u00fck Nutuk, tespit etti\u011fi nokta esas\u0131yla adeta \u201cD\u00fc\u015fman kim?\u201d kitab\u0131d\u0131r. Milli M\u00fccadele kar\u015f\u0131tlar\u0131n\u0131, d\u00fczenli orduya kar\u015f\u0131 \u00e7\u0131kanlar\u0131, d\u00fc\u015fman ordusuna kat\u0131lanlar\u0131, gizli anla\u015fmalar ile ba\u011f\u0131ms\u0131zl\u0131\u011f\u0131m\u0131z\u0131 ortadan kald\u0131rmay\u0131 \u00e7abalayanlar\u0131, Saltanat ve Halifeli\u011fin ma\u015falar\u0131n\u0131, \u00f6zel \u00e7eki\u015fmelerde bulunanlar\u0131, Cumhuriyet d\u00fc\u015fmanlar\u0131n\u0131, ordu ile siyaseti ortak y\u00fcr\u00fctmeyi hedefleyenleri, Atat\u00fcrk\u2019e suikast giri\u015fiminde bulunanlar\u0131 t\u00fcm \u015feffafl\u0131\u011f\u0131yla anlatmaktad\u0131r. Yaln\u0131zca d\u00f6neminin ger\u00e7eklerini anlatmakla kalmayan Nutuk, g\u00fcn\u00fcm\u00fcze de \u0131\u015f\u0131k tutmaktad\u0131r. G\u00fcn\u00fcm\u00fczde ya\u015fan\u0131lanlar da d\u00f6nemin tablosuna benzerdir. Mustafa Kemal Atat\u00fcrk, ge\u00e7mi\u015fte T\u00fcrk Milleti\u2019ne ihanet edenleri; dini kullanarak siyasi emellerini ger\u00e7ekle\u015ftirmeye \u00e7al\u0131\u015fanlar, etnik b\u00f6l\u00fcc\u00fcl\u00fck yapanlar, Cumhuriyet\u2019e d\u00fc\u015fman kesilenler, T\u00fcrkiye Cumhuriyeti\u2019nin tam ba\u011f\u0131ms\u0131zl\u0131\u011f\u0131n\u0131 yok ederek mandac\u0131 zihniyete sahip olanlar \u015feklinde saptam\u0131\u015ft\u0131r. Ge\u00e7mi\u015f ile g\u00fcn\u00fcm\u00fcz ve gelecek aras\u0131nda ba\u011f kurabilmek ad\u0131na haz\u0131rlanm\u0131\u015f olan Nutuk\u2019un pek \u00e7ok insana Cumhuriyet bireyi olmay\u0131 an\u0131msatmas\u0131n\u0131 dileriz. Mustafa Kemal Atat\u00fcrk\u2019\u00fcn kurdu\u011fu T\u00fcrkiye Cumhuriyeti\u2019nin T\u00fcrk Milleti\u2019ne emanet etti\u011fi aziz miras\u0131n\u0131n her zaman ya\u015fat\u0131laca\u011f\u0131n\u0131 vurgular\u0131z:   T\u00fcrk&#8217;\u00fcm, do\u011fruyum, \u00e7al\u0131\u015fkan\u0131m, \u0130lkem: k\u00fc\u00e7\u00fcklerimi korumak, b\u00fcy\u00fcklerimi saymak, yurdumu, milletimi \u00f6z\u00fcmden \u00e7ok sevmektir. \u00dclk\u00fcm: y\u00fckselmek, ileri gitmektir. Ey B\u00fcy\u00fck Atat\u00fcrk! A\u00e7t\u0131\u011f\u0131n yolda, g\u00f6sterdi\u011fin hedefe durmadan y\u00fcr\u00fcyece\u011fime ant i\u00e7erim. Varl\u0131\u011f\u0131m T\u00fcrk varl\u0131\u011f\u0131na arma\u011fan olsun. Ne mutlu T\u00fcrk&#8217;\u00fcm diyene! <\/p>\n","protected":false},"excerpt":{"rendered":"<p>Mustafa Kemal Atat\u00fcrk\u2019\u00fcn yazd\u0131\u011f\u0131 b\u00fcy\u00fck Nutuk, tespit etti\u011fi nokta esas\u0131yla adeta \u201cD\u00fc\u015fman kim?\u201d kitab\u0131d\u0131r. Milli M\u00fccadele kar\u015f\u0131tlar\u0131n\u0131, d\u00fczenli orduya kar\u015f\u0131 \u00e7\u0131kanlar\u0131, d\u00fc\u015fman ordusuna kat\u0131lanlar\u0131, gizli anla\u015fmalar<span class=\"excerpt-hellip\"> [\u2026]<\/span><\/p>\n","protected":false},"featured_media":0,"template":"","meta":{"_monsterinsights_skip_tracking":false,"_monsterinsights_sitenote_active":false,"_monsterinsights_sitenote_note":"","_monsterinsights_sitenote_category":0},"product_brand":[],"product_cat":[12304],"product_tag":[],"class_list":{"0":"post-761034","1":"product","2":"type-product","3":"status-publish","5":"product_cat-tarih","6":"pa_cilt-ciltsiz","7":"pa_tur-kitap","8":"pa_yayinevi-teyakkuz-yayinlari","9":"pa_yazar-mustafa-kemal-ataturk","11":"first","12":"instock","13":"sale","14":"shipping-taxable","15":"purchasable","16":"product-type-simple"},"_links":{"self":[{"href":"https:\/\/roveyayinevi.com.tr\/index.php\/wp-json\/wp\/v2\/product\/761034","targetHints":{"allow":["GET"]}}],"collection":[{"href":"https:\/\/roveyayinevi.com.tr\/index.php\/wp-json\/wp\/v2\/product"}],"about":[{"href":"https:\/\/roveyayinevi.com.tr\/index.php\/wp-json\/wp\/v2\/types\/product"}],"wp:attachment":[{"href":"https:\/\/roveyayinevi.com.tr\/index.php\/wp-json\/wp\/v2\/media?parent=761034"}],"wp:term":[{"taxonomy":"product_brand","embeddable":true,"href":"https:\/\/roveyayinevi.com.tr\/index.php\/wp-json\/wp\/v2\/product_brand?post=761034"},{"taxonomy":"product_cat","embeddable":true,"href":"https:\/\/roveyayinevi.com.tr\/index.php\/wp-json\/wp\/v2\/product_cat?post=761034"},{"taxonomy":"product_tag","embeddable":true,"href":"https:\/\/roveyayinevi.com.tr\/index.php\/wp-json\/wp\/v2\/product_tag?post=761034"}],"curies":[{"name":"wp","href":"https:\/\/api.w.org\/{rel}","templated":true}]}}