{"id":761033,"date":"2025-08-28T09:25:25","date_gmt":"2025-08-28T06:25:25","guid":{"rendered":"https:\/\/roveyayinevi.com.tr\/index.php\/urun\/benim-gulhanem\/"},"modified":"2026-04-16T03:13:39","modified_gmt":"2026-04-16T00:13:39","slug":"benim-gulhanem","status":"publish","type":"product","link":"https:\/\/roveyayinevi.com.tr\/index.php\/urun\/benim-gulhanem\/","title":{"rendered":"Benim G\u00fclhane\u2019m"},"content":{"rendered":"<p>Sa\u011fl\u0131kl\u0131 ve mutlu anlar\u0131nda sevip sevildikleriyle kalabal\u0131kla\u015fan insano\u011flu, h\u00fcz\u00fcn ve ac\u0131lar\u0131n pen\u00e7esine d\u00fc\u015fmeye g\u00f6rs\u00fcn, kendi ac\u0131s\u0131n\u0131 anlayabilen sadece kendisidir. Hastaneye yatan bir hasta ise ger\u00e7ekten yaln\u0131zd\u0131r. Onun derdine deva olan, temas kurabilece\u011fi, yard\u0131m isteyece\u011fi ki\u015fi hem\u015firesi yani k\u0131z karde\u015fidir. G\u00fcnl\u00fck ko\u015fu\u015fturma aras\u0131nda hasta, genelde g\u00fcnd\u00fcz\u00fcn nas\u0131l ge\u00e7ti\u011fini fark etmez ama ak\u015fam mesai bitip son ayak sesleri klinikten \u00e7ekildikten sonra yava\u015f yava\u015f g\u00fcne\u015f batar. Karanl\u0131k \u00e7\u00f6kt\u00fck\u00e7e hasta da karamsarl\u0131\u011fa kap\u0131l\u0131r, art\u0131k tekrar g\u00fcne\u015fi g\u00f6r\u00fcp g\u00f6remeyece\u011fine dair umutsuzluk i\u00e7inde y\u00fczerken onun tek g\u00fcvencesi koridorlardan yans\u0131yan hem\u015firenin ayak sesleridir. Onlar, hastalar\u0131n\u0131n i\u00e7indeki karanl\u0131\u011f\u0131 cansiperane ayd\u0131nlatmaya \u00e7al\u0131\u015fan, yaln\u0131z bir gece feneri gibidir. Hekimler, \u00e7al\u0131\u015ft\u0131klar\u0131 hastaneleri g\u00fcll\u00fck g\u00fclistanl\u0131k g\u00f6r\u00fcrler, halbuki her hastanede gece karanl\u0131k vard\u0131r. \u00d6l\u00fcm an\u0131 her durumdan, her karanl\u0131ktan farkl\u0131d\u0131r ve \u00e7o\u011fu ailede, aile bireyleri bile, bu an\u0131 ya\u015famak istemezler. \u201cSava\u015f ve Bar\u0131\u015f\u201d roman\u0131nda Tolstoy \u015f\u00f6yle ifade eder: \u00d6lmekte olan bir hayvan g\u00f6rd\u00fc\u011f\u00fc vakit insan\u0131n b\u00fct\u00fcn varl\u0131\u011f\u0131n\u0131 bir deh\u015fet duygusu kaplar. \u00c7\u00fcnk\u00fc g\u00f6zlerinin \u00f6n\u00fcnde bir canl\u0131 apa\u00e7\u0131k bir \u015fekilde silinip gitmektedir. Ama \u00f6len bir insansa, hele sevilen bir ki\u015fiyse o zaman onun yok olu\u015fu, ya\u015fam\u0131n\u0131n sona eri\u015fi kar\u015f\u0131s\u0131nda deh\u015fet duygusunun yan\u0131 s\u0131ra ruhunda bir yara a\u00e7\u0131l\u0131r. Bu yara t\u0131pk\u0131 bir beden yaras\u0131 gibi insan\u0131 \u00f6ld\u00fcrebilir. B\u00fcy\u00fck yazar\u0131n \u00f6l\u00fcm kar\u015f\u0131s\u0131nda insan\u0131n duydu\u011fu \u00e7aresizli\u011fi, deh\u015feti ve kederi anlatan t\u00fcmceleri kar\u015f\u0131s\u0131nda ne s\u00f6ylenebilir? \u00c7o\u011fu aile, hastanede gece yar\u0131s\u0131 hayat\u0131n\u0131 kaybetmekte olan hastan\u0131n yan\u0131nda ya bulunmaz ya da bulunmaya katlanamaz. O zaman kendisine yabanc\u0131 bir mekanda yaln\u0131z olarak bu d\u00fcnyadan ebediyete g\u00f6\u00e7 eden hastan\u0131n yan\u0131nda kim vard\u0131r? Tabi ki t\u00fcm yaralar\u0131m\u0131z\u0131 g\u00f6rebilen hem\u015firelerimiz, yapayaln\u0131zl\u0131\u011f\u0131m\u0131z\u0131 payla\u015ft\u0131\u011f\u0131m\u0131z ve payla\u015faca\u011f\u0131m\u0131z\u2026 Prof. Dr. Em. T\u00fcmg. M. Zeki Bayraktar <\/p>\n","protected":false},"excerpt":{"rendered":"<p>Sa\u011fl\u0131kl\u0131 ve mutlu anlar\u0131nda sevip sevildikleriyle kalabal\u0131kla\u015fan insano\u011flu, h\u00fcz\u00fcn ve ac\u0131lar\u0131n pen\u00e7esine d\u00fc\u015fmeye g\u00f6rs\u00fcn, kendi ac\u0131s\u0131n\u0131 anlayabilen sadece kendisidir. Hastaneye yatan bir hasta ise ger\u00e7ekten yaln\u0131zd\u0131r.<span class=\"excerpt-hellip\"> [\u2026]<\/span><\/p>\n","protected":false},"featured_media":0,"template":"","meta":{"_monsterinsights_skip_tracking":false,"_monsterinsights_sitenote_active":false,"_monsterinsights_sitenote_note":"","_monsterinsights_sitenote_category":0},"product_brand":[],"product_cat":[18545,12291],"product_tag":[],"class_list":{"0":"post-761033","1":"product","2":"type-product","3":"status-publish","5":"product_cat-anlati","6":"product_cat-edebiyat","7":"pa_cilt-ciltsiz","8":"pa_tur-kitap","9":"pa_yayinevi-teyakkuz-yayinlari","10":"pa_yazar-aysel-osan-abbanoglu-sema-yesilisik-karadayi","12":"first","13":"instock","14":"sale","15":"shipping-taxable","16":"purchasable","17":"product-type-simple"},"_links":{"self":[{"href":"https:\/\/roveyayinevi.com.tr\/index.php\/wp-json\/wp\/v2\/product\/761033","targetHints":{"allow":["GET"]}}],"collection":[{"href":"https:\/\/roveyayinevi.com.tr\/index.php\/wp-json\/wp\/v2\/product"}],"about":[{"href":"https:\/\/roveyayinevi.com.tr\/index.php\/wp-json\/wp\/v2\/types\/product"}],"wp:attachment":[{"href":"https:\/\/roveyayinevi.com.tr\/index.php\/wp-json\/wp\/v2\/media?parent=761033"}],"wp:term":[{"taxonomy":"product_brand","embeddable":true,"href":"https:\/\/roveyayinevi.com.tr\/index.php\/wp-json\/wp\/v2\/product_brand?post=761033"},{"taxonomy":"product_cat","embeddable":true,"href":"https:\/\/roveyayinevi.com.tr\/index.php\/wp-json\/wp\/v2\/product_cat?post=761033"},{"taxonomy":"product_tag","embeddable":true,"href":"https:\/\/roveyayinevi.com.tr\/index.php\/wp-json\/wp\/v2\/product_tag?post=761033"}],"curies":[{"name":"wp","href":"https:\/\/api.w.org\/{rel}","templated":true}]}}