{"id":761032,"date":"2025-08-28T09:25:22","date_gmt":"2025-08-28T06:25:22","guid":{"rendered":"https:\/\/roveyayinevi.com.tr\/index.php\/urun\/secilmis-ya-varsin-ya-yoksun\/"},"modified":"2026-01-28T03:49:34","modified_gmt":"2026-01-28T00:49:34","slug":"secilmis-ya-varsin-ya-yoksun","status":"publish","type":"product","link":"https:\/\/roveyayinevi.com.tr\/index.php\/urun\/secilmis-ya-varsin-ya-yoksun\/","title":{"rendered":"Se\u00e7ilmi\u015f \u2013 Ya Vars\u0131n Ya Yoksun"},"content":{"rendered":"<p>Mert Korkusuz, oksijenin bile parayla sat\u0131ld\u0131\u011f\u0131, g\u00fc\u00e7l\u00fcn\u00fcn g\u00fc\u00e7s\u00fcz\u00fc zorbaca ezip yok etti\u011fi, k\u00f6t\u00fc \u00e7eteler taraf\u0131ndan y\u00f6netilen bir d\u00fcnyada ya\u015fam\u0131n\u0131 s\u00fcrd\u00fcrmeye \u00e7al\u0131\u015f\u0131yor. Ama bir yol bulmas\u0131 \u015fart! Annesi solunum hastal\u0131\u011f\u0131na yakalanm\u0131\u015f, kendisinin ise oksijeni h\u0131zla t\u00fckeniyor. Her \u015feyin bitti\u011fini sand\u0131\u011f\u0131 bir anda binlerce y\u0131ld\u0131r devam eden d\u00fcnyalar aras\u0131 bir m\u00fcsabakaya se\u00e7ilen Mert, mantar d\u00fcnyas\u0131ndaki zorlu g\u00f6revi tamamlayabilecek mi? Yoksa g\u00f6revini bitiremeden di\u011ferleri gibi korkun\u00e7 bir mantara m\u0131 d\u00f6n\u00fc\u015fecek? Hey dostum! Bu m\u00fcsabakada ya vars\u0131n ya yoksun. Taraf\u0131n\u0131 se\u00e7. <\/p>\n","protected":false},"excerpt":{"rendered":"<p>Mert Korkusuz, oksijenin bile parayla sat\u0131ld\u0131\u011f\u0131, g\u00fc\u00e7l\u00fcn\u00fcn g\u00fc\u00e7s\u00fcz\u00fc zorbaca ezip yok etti\u011fi, k\u00f6t\u00fc \u00e7eteler taraf\u0131ndan y\u00f6netilen bir d\u00fcnyada ya\u015fam\u0131n\u0131 s\u00fcrd\u00fcrmeye \u00e7al\u0131\u015f\u0131yor. Ama bir yol bulmas\u0131 \u015fart!<span class=\"excerpt-hellip\"> [\u2026]<\/span><\/p>\n","protected":false},"featured_media":0,"template":"","meta":{"_monsterinsights_skip_tracking":false,"_monsterinsights_sitenote_active":false,"_monsterinsights_sitenote_note":"","_monsterinsights_sitenote_category":0},"product_brand":[],"product_cat":[12540,12291],"product_tag":[],"class_list":{"0":"post-761032","1":"product","2":"type-product","3":"status-publish","5":"product_cat-bilim-kurgu","6":"product_cat-edebiyat","7":"pa_cilt-ciltsiz","8":"pa_tur-kitap","9":"pa_yayinevi-aile-yayinlari","10":"pa_yazar-umut-bayrak","12":"first","13":"instock","14":"sale","15":"shipping-taxable","16":"purchasable","17":"product-type-simple"},"_links":{"self":[{"href":"https:\/\/roveyayinevi.com.tr\/index.php\/wp-json\/wp\/v2\/product\/761032","targetHints":{"allow":["GET"]}}],"collection":[{"href":"https:\/\/roveyayinevi.com.tr\/index.php\/wp-json\/wp\/v2\/product"}],"about":[{"href":"https:\/\/roveyayinevi.com.tr\/index.php\/wp-json\/wp\/v2\/types\/product"}],"wp:attachment":[{"href":"https:\/\/roveyayinevi.com.tr\/index.php\/wp-json\/wp\/v2\/media?parent=761032"}],"wp:term":[{"taxonomy":"product_brand","embeddable":true,"href":"https:\/\/roveyayinevi.com.tr\/index.php\/wp-json\/wp\/v2\/product_brand?post=761032"},{"taxonomy":"product_cat","embeddable":true,"href":"https:\/\/roveyayinevi.com.tr\/index.php\/wp-json\/wp\/v2\/product_cat?post=761032"},{"taxonomy":"product_tag","embeddable":true,"href":"https:\/\/roveyayinevi.com.tr\/index.php\/wp-json\/wp\/v2\/product_tag?post=761032"}],"curies":[{"name":"wp","href":"https:\/\/api.w.org\/{rel}","templated":true}]}}