{"id":761031,"date":"2025-08-28T09:25:20","date_gmt":"2025-08-28T06:25:20","guid":{"rendered":"https:\/\/roveyayinevi.com.tr\/index.php\/urun\/kafamin-ici-fatih-sultan-mehmet\/"},"modified":"2026-01-28T03:49:34","modified_gmt":"2026-01-28T00:49:34","slug":"kafamin-ici-fatih-sultan-mehmet","status":"publish","type":"product","link":"https:\/\/roveyayinevi.com.tr\/index.php\/urun\/kafamin-ici-fatih-sultan-mehmet\/","title":{"rendered":"Kafam\u0131n \u0130\u00e7i \u2013 Fatih Sultan Mehmet"},"content":{"rendered":"<p>\u015e\u015f\u015ftttt! S\u0131ray\u0131 bozmay\u0131n l\u00fctfen! Kime diyorum? Araya kaynak yapmayal\u0131m! Merak etmeyin, hepiniz bu turdan fazlas\u0131yla yararlanacaks\u0131n\u0131z. B\u00fcy\u00fck hayaller kurmak, hedefleri i\u00e7in gece g\u00fcnd\u00fcz \u00e7al\u0131\u015fmak, d\u00fcnyalara sahip olurken tevazu giysisini hi\u00e7 \u00e7\u0131karmamak nas\u0131l olur, onun hat\u0131ralar\u0131n\u0131 gezerken birer birer g\u00f6rece\u011fiz. Ama acele edelim, s\u00fcremiz k\u0131s\u0131tl\u0131, bir sonraki tura sarkmayal\u0131m. Sonu\u00e7ta buras\u0131 \u00e7ocu\u011fundan gencine, yeti\u015fkininden ya\u015fl\u0131s\u0131na kadar y\u00fcz binlerce ki\u015finin en \u00e7ok merak etti\u011fi yer. Ve i\u015fte turumuz ba\u015fl\u0131yor! Buras\u0131 neresi mi? Tabii ki Fatih Sultan Mehmet\u2019in kafas\u0131n\u0131n i\u00e7i! <\/p>\n","protected":false},"excerpt":{"rendered":"<p>\u015e\u015f\u015ftttt! S\u0131ray\u0131 bozmay\u0131n l\u00fctfen! Kime diyorum? Araya kaynak yapmayal\u0131m! Merak etmeyin, hepiniz bu turdan fazlas\u0131yla yararlanacaks\u0131n\u0131z. B\u00fcy\u00fck hayaller kurmak, hedefleri i\u00e7in gece g\u00fcnd\u00fcz \u00e7al\u0131\u015fmak, d\u00fcnyalara sahip<span class=\"excerpt-hellip\"> [\u2026]<\/span><\/p>\n","protected":false},"featured_media":0,"template":"","meta":{"_monsterinsights_skip_tracking":false,"_monsterinsights_sitenote_active":false,"_monsterinsights_sitenote_note":"","_monsterinsights_sitenote_category":0},"product_brand":[],"product_cat":[12416,12291],"product_tag":[],"class_list":{"0":"post-761031","1":"product","2":"type-product","3":"status-publish","5":"product_cat-cizgi-roman","6":"product_cat-edebiyat","7":"pa_cilt-ciltsiz","8":"pa_tur-kitap","9":"pa_yayinevi-aile-yayinlari","10":"pa_yazar-huma-caliskan","12":"first","13":"instock","14":"sale","15":"shipping-taxable","16":"purchasable","17":"product-type-simple"},"_links":{"self":[{"href":"https:\/\/roveyayinevi.com.tr\/index.php\/wp-json\/wp\/v2\/product\/761031","targetHints":{"allow":["GET"]}}],"collection":[{"href":"https:\/\/roveyayinevi.com.tr\/index.php\/wp-json\/wp\/v2\/product"}],"about":[{"href":"https:\/\/roveyayinevi.com.tr\/index.php\/wp-json\/wp\/v2\/types\/product"}],"wp:attachment":[{"href":"https:\/\/roveyayinevi.com.tr\/index.php\/wp-json\/wp\/v2\/media?parent=761031"}],"wp:term":[{"taxonomy":"product_brand","embeddable":true,"href":"https:\/\/roveyayinevi.com.tr\/index.php\/wp-json\/wp\/v2\/product_brand?post=761031"},{"taxonomy":"product_cat","embeddable":true,"href":"https:\/\/roveyayinevi.com.tr\/index.php\/wp-json\/wp\/v2\/product_cat?post=761031"},{"taxonomy":"product_tag","embeddable":true,"href":"https:\/\/roveyayinevi.com.tr\/index.php\/wp-json\/wp\/v2\/product_tag?post=761031"}],"curies":[{"name":"wp","href":"https:\/\/api.w.org\/{rel}","templated":true}]}}