{"id":761028,"date":"2025-08-28T09:24:44","date_gmt":"2025-08-28T06:24:44","guid":{"rendered":"https:\/\/roveyayinevi.com.tr\/index.php\/urun\/bir-amatorun-yazma-tutkusu\/"},"modified":"2026-04-16T03:13:39","modified_gmt":"2026-04-16T00:13:39","slug":"bir-amatorun-yazma-tutkusu","status":"publish","type":"product","link":"https:\/\/roveyayinevi.com.tr\/index.php\/urun\/bir-amatorun-yazma-tutkusu\/","title":{"rendered":"Bir Amat\u00f6r\u00fcn Yazma Tutkusu"},"content":{"rendered":"<p>Kitaplar, \u00e7\u00f6lde vaha gibidir. Kalabal\u0131klar i\u00e7inde yaln\u0131z hissedip bunald\u0131\u011f\u0131m\u0131zda bir kenara \u00e7ekilir, elimize kitab\u0131m\u0131z\u0131 al\u0131r, c\u0131v\u0131l c\u0131v\u0131l bir d\u00fcnyan\u0131n c\u00fcmb\u00fc\u015f\u00fcne dalar\u0131z. Ama okumaktan daha g\u00fczel bir \u015fey var! Yery\u00fcz\u00fcndeki en \u00f6nemli insan\u0131 -yani kendimizitan\u0131man\u0131n ve binlerce insan\u0131n zihnine ula\u015fman\u0131n en \u00f6zel yollar\u0131ndan birisi yazmakt\u0131r. \u00dcnl\u00fc psikiyatr Irvin Yalom, bir insan\u0131n yapabilece\u011fi en iyi \u015feyin \u201cyazmak\u201d oldu\u011funu d\u00fc\u015f\u00fcn\u00fcyor. E\u011fer ger\u00e7ekten yazmak istiyorsan\u0131z yani tutkunuz engellerden daha g\u00fc\u00e7l\u00fcyse siz de yazabilirsiniz. <\/p>\n","protected":false},"excerpt":{"rendered":"<p>Kitaplar, \u00e7\u00f6lde vaha gibidir. Kalabal\u0131klar i\u00e7inde yaln\u0131z hissedip bunald\u0131\u011f\u0131m\u0131zda bir kenara \u00e7ekilir, elimize kitab\u0131m\u0131z\u0131 al\u0131r, c\u0131v\u0131l c\u0131v\u0131l bir d\u00fcnyan\u0131n c\u00fcmb\u00fc\u015f\u00fcne dalar\u0131z. Ama okumaktan daha g\u00fczel bir<span class=\"excerpt-hellip\"> [\u2026]<\/span><\/p>\n","protected":false},"featured_media":0,"template":"","meta":{"_monsterinsights_skip_tracking":false,"_monsterinsights_sitenote_active":false,"_monsterinsights_sitenote_note":"","_monsterinsights_sitenote_category":0},"product_brand":[],"product_cat":[12291],"product_tag":[],"class_list":{"0":"post-761028","1":"product","2":"type-product","3":"status-publish","5":"product_cat-edebiyat","6":"pa_cilt-ciltsiz","7":"pa_tur-kitap","8":"pa_yayinevi-soncag","9":"pa_yazar-halil-cikriklar","11":"first","12":"instock","13":"sale","14":"shipping-taxable","15":"purchasable","16":"product-type-simple"},"_links":{"self":[{"href":"https:\/\/roveyayinevi.com.tr\/index.php\/wp-json\/wp\/v2\/product\/761028","targetHints":{"allow":["GET"]}}],"collection":[{"href":"https:\/\/roveyayinevi.com.tr\/index.php\/wp-json\/wp\/v2\/product"}],"about":[{"href":"https:\/\/roveyayinevi.com.tr\/index.php\/wp-json\/wp\/v2\/types\/product"}],"wp:attachment":[{"href":"https:\/\/roveyayinevi.com.tr\/index.php\/wp-json\/wp\/v2\/media?parent=761028"}],"wp:term":[{"taxonomy":"product_brand","embeddable":true,"href":"https:\/\/roveyayinevi.com.tr\/index.php\/wp-json\/wp\/v2\/product_brand?post=761028"},{"taxonomy":"product_cat","embeddable":true,"href":"https:\/\/roveyayinevi.com.tr\/index.php\/wp-json\/wp\/v2\/product_cat?post=761028"},{"taxonomy":"product_tag","embeddable":true,"href":"https:\/\/roveyayinevi.com.tr\/index.php\/wp-json\/wp\/v2\/product_tag?post=761028"}],"curies":[{"name":"wp","href":"https:\/\/api.w.org\/{rel}","templated":true}]}}