{"id":761025,"date":"2025-08-28T09:24:39","date_gmt":"2025-08-28T06:24:39","guid":{"rendered":"https:\/\/roveyayinevi.com.tr\/index.php\/urun\/soru-ve-cevaplarla-bana-dinimi-anlat-ciltli\/"},"modified":"2026-04-16T03:13:39","modified_gmt":"2026-04-16T00:13:39","slug":"soru-ve-cevaplarla-bana-dinimi-anlat-ciltli","status":"publish","type":"product","link":"https:\/\/roveyayinevi.com.tr\/index.php\/urun\/soru-ve-cevaplarla-bana-dinimi-anlat-ciltli\/","title":{"rendered":"Soru ve Cevaplarla Bana Dinimi Anlat (Ciltli)"},"content":{"rendered":"<p>Allah\u2019\u0131 (c.c.) neden g\u00f6remiyorum?Allah\u2019a (c.c.) dua ettim. Duam neden kabul edilmedi?Neden ibadet ediyoruz?Kur\u2019an-\u0131 Kerim neden Arap\u00e7ad\u0131r?\u0130stedi\u011fimi yapmakta neden \u00f6zg\u00fcr de\u011filim?Neden can\u0131m s\u0131k\u0131l\u0131yor?Yasak ve kurallar neden var?\u00c7ok soru soras\u0131m var, ne yapmal\u0131y\u0131m?\u0130nsanlardan baz\u0131lar\u0131 neden k\u00f6t\u00fc \u015feyler yap\u0131yor?\u2026Ve daha nicesi\u2026G\u00fczel dinimiz hakk\u0131nda \u00e7ocuklar\u0131n merak etti\u011fi pek \u00e7ok sorunun cevab\u0131 bu \u201cPENCEREL\u0130\u201d kitapta\u2026<\/p>\n","protected":false},"excerpt":{"rendered":"<p>Allah\u2019\u0131 (c.c.) neden g\u00f6remiyorum?Allah\u2019a (c.c.) dua ettim. Duam neden kabul edilmedi?Neden ibadet ediyoruz?Kur\u2019an-\u0131 Kerim neden Arap\u00e7ad\u0131r?\u0130stedi\u011fimi yapmakta neden \u00f6zg\u00fcr de\u011filim?Neden can\u0131m s\u0131k\u0131l\u0131yor?Yasak ve kurallar neden var?\u00c7ok<span class=\"excerpt-hellip\"> [\u2026]<\/span><\/p>\n","protected":false},"featured_media":0,"template":"","meta":{"_monsterinsights_skip_tracking":false,"_monsterinsights_sitenote_active":false,"_monsterinsights_sitenote_note":"","_monsterinsights_sitenote_category":0},"product_brand":[],"product_cat":[12274,18802],"product_tag":[],"class_list":{"0":"post-761025","1":"product","2":"type-product","3":"status-publish","5":"product_cat-cocuk-ve-genclik-kitaplari","6":"product_cat-din-egitimi","7":"pa_cilt-ciltli","8":"pa_tur-kitap","9":"pa_yayinevi-gulce-kitap","10":"pa_yazar-seyda-apaydin","12":"first","13":"instock","14":"sale","15":"shipping-taxable","16":"purchasable","17":"product-type-simple"},"_links":{"self":[{"href":"https:\/\/roveyayinevi.com.tr\/index.php\/wp-json\/wp\/v2\/product\/761025","targetHints":{"allow":["GET"]}}],"collection":[{"href":"https:\/\/roveyayinevi.com.tr\/index.php\/wp-json\/wp\/v2\/product"}],"about":[{"href":"https:\/\/roveyayinevi.com.tr\/index.php\/wp-json\/wp\/v2\/types\/product"}],"wp:attachment":[{"href":"https:\/\/roveyayinevi.com.tr\/index.php\/wp-json\/wp\/v2\/media?parent=761025"}],"wp:term":[{"taxonomy":"product_brand","embeddable":true,"href":"https:\/\/roveyayinevi.com.tr\/index.php\/wp-json\/wp\/v2\/product_brand?post=761025"},{"taxonomy":"product_cat","embeddable":true,"href":"https:\/\/roveyayinevi.com.tr\/index.php\/wp-json\/wp\/v2\/product_cat?post=761025"},{"taxonomy":"product_tag","embeddable":true,"href":"https:\/\/roveyayinevi.com.tr\/index.php\/wp-json\/wp\/v2\/product_tag?post=761025"}],"curies":[{"name":"wp","href":"https:\/\/api.w.org\/{rel}","templated":true}]}}