{"id":761024,"date":"2025-08-28T09:24:38","date_gmt":"2025-08-28T06:24:38","guid":{"rendered":"https:\/\/roveyayinevi.com.tr\/index.php\/urun\/mescid-i-aksa-ve-cocuk\/"},"modified":"2026-04-16T03:13:39","modified_gmt":"2026-04-16T00:13:39","slug":"mescid-i-aksa-ve-cocuk","status":"publish","type":"product","link":"https:\/\/roveyayinevi.com.tr\/index.php\/urun\/mescid-i-aksa-ve-cocuk\/","title":{"rendered":"Mescid-i Aksa ve \u00c7ocuk"},"content":{"rendered":"<p>Haydi \u00e7ocuklar Mescid-i Aksa&#8217;y\u0131 e\u011flenerek \u00f6\u011frenelim.Mescidi Aksa neresidir? \u0130\u00e7inde neler vard\u0131r? Orada \u00e7ocuklar neler yapar?Bu sorular\u0131n cevaplar\u0131n\u0131 Mescidi Aksa&#8217;n\u0131n dilinden okuyal\u0131m. Mescidi Aksa&#8217;y\u0131 yak\u0131ndan tan\u0131yal\u0131m.Mescidi Aksa b\u00f6lgesinde neler var, ara bul etkinlikleriyle inceleyelim. Kitab\u0131n i\u00e7indeki &#8220;\u00c7\u0131kartmalar\u0131\u201d Mescid-i Aksa&#8217;y\u0131 tan\u0131mas\u0131n\u0131 istedi\u011finiz arkada\u015flar\u0131n\u0131zla da payla\u015fabilirsiniz.  Bu g\u00fczel yolculu\u011fa birlikte \u00e7\u0131kal\u0131m.<\/p>\n","protected":false},"excerpt":{"rendered":"<p>Haydi \u00e7ocuklar Mescid-i Aksa&#8217;y\u0131 e\u011flenerek \u00f6\u011frenelim.Mescidi Aksa neresidir? \u0130\u00e7inde neler vard\u0131r? Orada \u00e7ocuklar neler yapar?Bu sorular\u0131n cevaplar\u0131n\u0131 Mescidi Aksa&#8217;n\u0131n dilinden okuyal\u0131m. Mescidi Aksa&#8217;y\u0131 yak\u0131ndan tan\u0131yal\u0131m.Mescidi Aksa<span class=\"excerpt-hellip\"> [\u2026]<\/span><\/p>\n","protected":false},"featured_media":0,"template":"","meta":{"_monsterinsights_skip_tracking":false,"_monsterinsights_sitenote_active":false,"_monsterinsights_sitenote_note":"","_monsterinsights_sitenote_category":0},"product_brand":[],"product_cat":[12644,12274],"product_tag":[],"class_list":{"0":"post-761024","1":"product","2":"type-product","3":"status-publish","5":"product_cat-boyama-kitaplari","6":"product_cat-cocuk-ve-genclik-kitaplari","7":"pa_cilt-ciltsiz","8":"pa_tur-kitap","9":"pa_yayinevi-gulce-kitap","10":"pa_yazar-sevval-tiryaki","12":"first","13":"instock","14":"sale","15":"shipping-taxable","16":"purchasable","17":"product-type-simple"},"_links":{"self":[{"href":"https:\/\/roveyayinevi.com.tr\/index.php\/wp-json\/wp\/v2\/product\/761024","targetHints":{"allow":["GET"]}}],"collection":[{"href":"https:\/\/roveyayinevi.com.tr\/index.php\/wp-json\/wp\/v2\/product"}],"about":[{"href":"https:\/\/roveyayinevi.com.tr\/index.php\/wp-json\/wp\/v2\/types\/product"}],"wp:attachment":[{"href":"https:\/\/roveyayinevi.com.tr\/index.php\/wp-json\/wp\/v2\/media?parent=761024"}],"wp:term":[{"taxonomy":"product_brand","embeddable":true,"href":"https:\/\/roveyayinevi.com.tr\/index.php\/wp-json\/wp\/v2\/product_brand?post=761024"},{"taxonomy":"product_cat","embeddable":true,"href":"https:\/\/roveyayinevi.com.tr\/index.php\/wp-json\/wp\/v2\/product_cat?post=761024"},{"taxonomy":"product_tag","embeddable":true,"href":"https:\/\/roveyayinevi.com.tr\/index.php\/wp-json\/wp\/v2\/product_tag?post=761024"}],"curies":[{"name":"wp","href":"https:\/\/api.w.org\/{rel}","templated":true}]}}