{"id":761016,"date":"2025-08-28T09:24:24","date_gmt":"2025-08-28T06:24:24","guid":{"rendered":"https:\/\/roveyayinevi.com.tr\/index.php\/urun\/eyvah-isler-karisti-gururlu-ispanak-havali-makarnaya-karsi\/"},"modified":"2026-04-16T03:13:39","modified_gmt":"2026-04-16T00:13:39","slug":"eyvah-isler-karisti-gururlu-ispanak-havali-makarnaya-karsi","status":"publish","type":"product","link":"https:\/\/roveyayinevi.com.tr\/index.php\/urun\/eyvah-isler-karisti-gururlu-ispanak-havali-makarnaya-karsi\/","title":{"rendered":"Eyvah \u0130\u015fler Kar\u0131\u015ft\u0131 &#8211; Gururlu Ispanak Haval\u0131 Makarnaya Kar\u015f\u0131"},"content":{"rendered":"<p>Bir sabah d\u00fcnyan\u0131n hi\u00e7bir yerinde sebze olmad\u0131\u011f\u0131 fark edildi. Bilim insanlar\u0131, sebzelere ne oldu\u011funu \u00e7\u00f6zmeye \u00e7al\u0131\u015f\u0131yor. Anneler ve pazarc\u0131lar peri\u015fan. Ancak ne\u015fe i\u00e7inde halay \u00e7eken \u00e7ocuklar\u0131n mutlulu\u011fu g\u00f6zlerden ka\u00e7m\u0131yor.Sebzeler neden bir anda ortadan kayboldu? Ispanak Lili\u2019nin tad\u0131n\u0131 kim ka\u00e7\u0131rd\u0131? Makarna Gino, Ispanak Lili ve arkada\u015flar\u0131n\u0131 geri d\u00f6nd\u00fcrmeyi ba\u015farabilecek mi? Gino ve Lili\u2019nin s\u0131ra d\u0131\u015f\u0131 ser\u00fcveni seni hem g\u00fcld\u00fcrecek hem de d\u00fc\u015f\u00fcnd\u00fcrecek. Haz\u0131rsan ba\u015flayal\u0131m!<\/p>\n","protected":false},"excerpt":{"rendered":"<p>Bir sabah d\u00fcnyan\u0131n hi\u00e7bir yerinde sebze olmad\u0131\u011f\u0131 fark edildi. Bilim insanlar\u0131, sebzelere ne oldu\u011funu \u00e7\u00f6zmeye \u00e7al\u0131\u015f\u0131yor. Anneler ve pazarc\u0131lar peri\u015fan. Ancak ne\u015fe i\u00e7inde halay \u00e7eken \u00e7ocuklar\u0131n<span class=\"excerpt-hellip\"> [\u2026]<\/span><\/p>\n","protected":false},"featured_media":0,"template":"","meta":{"_monsterinsights_skip_tracking":false,"_monsterinsights_sitenote_active":false,"_monsterinsights_sitenote_note":"","_monsterinsights_sitenote_category":0},"product_brand":[],"product_cat":[12274,12284],"product_tag":[],"class_list":{"0":"post-761016","1":"product","2":"type-product","3":"status-publish","5":"product_cat-cocuk-ve-genclik-kitaplari","6":"product_cat-hikayeler","7":"pa_cilt-ciltsiz","8":"pa_tur-kitap","9":"pa_yayinevi-timas-cocuk","10":"pa_yazar-omur-uzel","12":"first","13":"instock","14":"sale","15":"shipping-taxable","16":"purchasable","17":"product-type-simple"},"_links":{"self":[{"href":"https:\/\/roveyayinevi.com.tr\/index.php\/wp-json\/wp\/v2\/product\/761016","targetHints":{"allow":["GET"]}}],"collection":[{"href":"https:\/\/roveyayinevi.com.tr\/index.php\/wp-json\/wp\/v2\/product"}],"about":[{"href":"https:\/\/roveyayinevi.com.tr\/index.php\/wp-json\/wp\/v2\/types\/product"}],"wp:attachment":[{"href":"https:\/\/roveyayinevi.com.tr\/index.php\/wp-json\/wp\/v2\/media?parent=761016"}],"wp:term":[{"taxonomy":"product_brand","embeddable":true,"href":"https:\/\/roveyayinevi.com.tr\/index.php\/wp-json\/wp\/v2\/product_brand?post=761016"},{"taxonomy":"product_cat","embeddable":true,"href":"https:\/\/roveyayinevi.com.tr\/index.php\/wp-json\/wp\/v2\/product_cat?post=761016"},{"taxonomy":"product_tag","embeddable":true,"href":"https:\/\/roveyayinevi.com.tr\/index.php\/wp-json\/wp\/v2\/product_tag?post=761016"}],"curies":[{"name":"wp","href":"https:\/\/api.w.org\/{rel}","templated":true}]}}