{"id":761011,"date":"2025-08-28T09:24:16","date_gmt":"2025-08-28T06:24:16","guid":{"rendered":"https:\/\/roveyayinevi.com.tr\/index.php\/urun\/fil-necati-2\/"},"modified":"2026-04-16T03:13:39","modified_gmt":"2026-04-16T00:13:39","slug":"fil-necati-2","status":"publish","type":"product","link":"https:\/\/roveyayinevi.com.tr\/index.php\/urun\/fil-necati-2\/","title":{"rendered":"Fil Necati 2"},"content":{"rendered":"<p>\u201cMerhaba arkada\u015flar, ben Fil Necati! E\u011flence ve maceran\u0131n kalbi burada at\u0131yor. Benimle maceraya at\u0131lmaya haz\u0131r m\u0131s\u0131n\u0131z?\u201d   Fil Necati, sihirli bir anahtar\u0131n pe\u015finden s\u00fcr\u00fcklenerek gizemli bir yolculu\u011fa \u00e7\u0131k\u0131yor. Anahtar\u0131n a\u00e7t\u0131\u011f\u0131 kap\u0131lar, beklenmedik maceralara, komik anlara yol a\u00e7\u0131yor. Karakterimiz, sihirli anahtar\u0131yla birlikte \u00e7e\u015fitli kap\u0131lar\u0131 deneyerek hayat\u0131n gizemlerini ke\u015ffederken, yan\u0131nda ona e\u015flik edenlerle birlikte b\u00fcy\u00fck bir maceraya ad\u0131m at\u0131yor. Ancak bu yolculuk sadece fiziksel kap\u0131lar\u0131n ard\u0131ndaki s\u0131rlar\u0131 de\u011fil, ayn\u0131 zamanda kendi i\u00e7indeki kap\u0131lar\u0131 da a\u00e7maya y\u00f6nelik bir ke\u015fif ser\u00fcveni haline geliyor. <\/p>\n","protected":false},"excerpt":{"rendered":"<p>\u201cMerhaba arkada\u015flar, ben Fil Necati! E\u011flence ve maceran\u0131n kalbi burada at\u0131yor. Benimle maceraya at\u0131lmaya haz\u0131r m\u0131s\u0131n\u0131z?\u201d Fil Necati, sihirli bir anahtar\u0131n pe\u015finden s\u00fcr\u00fcklenerek gizemli bir yolculu\u011fa<span class=\"excerpt-hellip\"> [\u2026]<\/span><\/p>\n","protected":false},"featured_media":0,"template":"","meta":{"_monsterinsights_skip_tracking":false,"_monsterinsights_sitenote_active":false,"_monsterinsights_sitenote_note":"","_monsterinsights_sitenote_category":0},"product_brand":[],"product_cat":[12274,12284],"product_tag":[],"class_list":{"0":"post-761011","1":"product","2":"type-product","3":"status-publish","5":"product_cat-cocuk-ve-genclik-kitaplari","6":"product_cat-hikayeler","7":"pa_cilt-ciltsiz","8":"pa_tur-kitap","9":"pa_yayinevi-eksik-parca-yayinlari","10":"pa_yazar-varol-yasaroglu","12":"first","13":"instock","14":"sale","15":"shipping-taxable","16":"purchasable","17":"product-type-simple"},"_links":{"self":[{"href":"https:\/\/roveyayinevi.com.tr\/index.php\/wp-json\/wp\/v2\/product\/761011","targetHints":{"allow":["GET"]}}],"collection":[{"href":"https:\/\/roveyayinevi.com.tr\/index.php\/wp-json\/wp\/v2\/product"}],"about":[{"href":"https:\/\/roveyayinevi.com.tr\/index.php\/wp-json\/wp\/v2\/types\/product"}],"wp:attachment":[{"href":"https:\/\/roveyayinevi.com.tr\/index.php\/wp-json\/wp\/v2\/media?parent=761011"}],"wp:term":[{"taxonomy":"product_brand","embeddable":true,"href":"https:\/\/roveyayinevi.com.tr\/index.php\/wp-json\/wp\/v2\/product_brand?post=761011"},{"taxonomy":"product_cat","embeddable":true,"href":"https:\/\/roveyayinevi.com.tr\/index.php\/wp-json\/wp\/v2\/product_cat?post=761011"},{"taxonomy":"product_tag","embeddable":true,"href":"https:\/\/roveyayinevi.com.tr\/index.php\/wp-json\/wp\/v2\/product_tag?post=761011"}],"curies":[{"name":"wp","href":"https:\/\/api.w.org\/{rel}","templated":true}]}}