{"id":761010,"date":"2025-08-28T09:24:14","date_gmt":"2025-08-28T06:24:14","guid":{"rendered":"https:\/\/roveyayinevi.com.tr\/index.php\/urun\/fil-necati-1\/"},"modified":"2026-04-16T03:13:39","modified_gmt":"2026-04-16T00:13:39","slug":"fil-necati-1","status":"publish","type":"product","link":"https:\/\/roveyayinevi.com.tr\/index.php\/urun\/fil-necati-1\/","title":{"rendered":"Fil Necati 1"},"content":{"rendered":"<p>\u201cMerhaba arkada\u015flar, ben Fil Necati! E\u011flence ve maceran\u0131n kalbi burada at\u0131yor. Benimle maceraya at\u0131lmaya haz\u0131r m\u0131s\u0131n\u0131z?\u201d   Fil Necati, s\u0131radan bir g\u00fcn\u00fcn ard\u0131ndan kap\u0131s\u0131n\u0131 \u00e7alan gizemli bir hediye ile beklenmedik bir maceraya at\u0131l\u0131r. Sivri k\u00f6\u015feleri dikenlere benzeyen ve g\u00f6z al\u0131c\u0131 sar\u0131 kurdelesiyle dikkat \u00e7eken minik hediye kutusu, Fil Necati&#8217;yi kap\u0131s\u0131n\u0131n d\u0131\u015f\u0131na \u00e7\u0131kar\u0131r ve onu bilinmeyen bir yolculu\u011fa s\u00fcr\u00fckler. Fil Necati ve mahalle sakinleri, bu beklenmedik hediyenin pe\u015finden giderek, unutulmaz bir ser\u00fcvenin i\u00e7ine s\u00fcr\u00fcklenirler. Bu hik\u00e2ye, s\u0131rad\u0131\u015f\u0131 bir hediye ile ba\u015flayan ve ger\u00e7ek dostlu\u011fun g\u00fcc\u00fcn\u00fc ke\u015ffeden bir yolculu\u011fu anlat\u0131yor. <\/p>\n","protected":false},"excerpt":{"rendered":"<p>\u201cMerhaba arkada\u015flar, ben Fil Necati! E\u011flence ve maceran\u0131n kalbi burada at\u0131yor. Benimle maceraya at\u0131lmaya haz\u0131r m\u0131s\u0131n\u0131z?\u201d Fil Necati, s\u0131radan bir g\u00fcn\u00fcn ard\u0131ndan kap\u0131s\u0131n\u0131 \u00e7alan gizemli bir<span class=\"excerpt-hellip\"> [\u2026]<\/span><\/p>\n","protected":false},"featured_media":0,"template":"","meta":{"_monsterinsights_skip_tracking":false,"_monsterinsights_sitenote_active":false,"_monsterinsights_sitenote_note":"","_monsterinsights_sitenote_category":0},"product_brand":[],"product_cat":[12274,12284],"product_tag":[],"class_list":{"0":"post-761010","1":"product","2":"type-product","3":"status-publish","5":"product_cat-cocuk-ve-genclik-kitaplari","6":"product_cat-hikayeler","7":"pa_cilt-ciltsiz","8":"pa_tur-kitap","9":"pa_yayinevi-eksik-parca-yayinlari","10":"pa_yazar-varol-yasaroglu","12":"first","13":"instock","14":"sale","15":"shipping-taxable","16":"purchasable","17":"product-type-simple"},"_links":{"self":[{"href":"https:\/\/roveyayinevi.com.tr\/index.php\/wp-json\/wp\/v2\/product\/761010","targetHints":{"allow":["GET"]}}],"collection":[{"href":"https:\/\/roveyayinevi.com.tr\/index.php\/wp-json\/wp\/v2\/product"}],"about":[{"href":"https:\/\/roveyayinevi.com.tr\/index.php\/wp-json\/wp\/v2\/types\/product"}],"wp:attachment":[{"href":"https:\/\/roveyayinevi.com.tr\/index.php\/wp-json\/wp\/v2\/media?parent=761010"}],"wp:term":[{"taxonomy":"product_brand","embeddable":true,"href":"https:\/\/roveyayinevi.com.tr\/index.php\/wp-json\/wp\/v2\/product_brand?post=761010"},{"taxonomy":"product_cat","embeddable":true,"href":"https:\/\/roveyayinevi.com.tr\/index.php\/wp-json\/wp\/v2\/product_cat?post=761010"},{"taxonomy":"product_tag","embeddable":true,"href":"https:\/\/roveyayinevi.com.tr\/index.php\/wp-json\/wp\/v2\/product_tag?post=761010"}],"curies":[{"name":"wp","href":"https:\/\/api.w.org\/{rel}","templated":true}]}}