{"id":761008,"date":"2025-08-28T09:24:11","date_gmt":"2025-08-28T06:24:11","guid":{"rendered":"https:\/\/roveyayinevi.com.tr\/index.php\/urun\/asi-ates\/"},"modified":"2026-04-16T03:13:39","modified_gmt":"2026-04-16T00:13:39","slug":"asi-ates","status":"publish","type":"product","link":"https:\/\/roveyayinevi.com.tr\/index.php\/urun\/asi-ates\/","title":{"rendered":"Asi Ate\u015f"},"content":{"rendered":"<p>Kurara, Haru\u2019ya ula\u015fmay\u0131 ve onu kurtarmay\u0131 ba\u015fard\u0131 ancak bu tahmin etti\u011finden de zor oldu. Prenses\u2019in elinden sa\u011f kurtulsalar bile Prenses, onlar i\u00e7in h\u00e2l\u00e2 bir tehdit unsuru ve nefesini enselerinde hissettiriyor. Prenses\u2019in onlar i\u00e7in yeni bir plan\u0131 oldu\u011fundan emin olan ekip, ka\u00e7mak i\u00e7in yeni tan\u0131\u015ft\u0131klar\u0131 bir \u015fikigamiyle yolculu\u011fa \u00e7\u0131k\u0131yor ancak tan\u0131mad\u0131klar\u0131 bir \u015fikigamiye ne kadar g\u00fcvenebilirler? \u015eikigamileri \u00f6zg\u00fcr k\u0131lmay\u0131 akl\u0131na koymu\u015f olan Kurara, bunu ba\u015farmak i\u00e7in yola \u00e7\u0131k\u0131yor. En yak\u0131n arkada\u015f\u0131 Haru, onu bu yoldan d\u00f6nd\u00fcrmeye \u00e7al\u0131\u015fsa da Kurara bildi\u011fini okumaya devam ediyor. Kurara\u2019n\u0131n ula\u015fmas\u0131 gereken \u015fikigami Suzaku, onun akl\u0131ndaki sorulara cevap olabilecek mi?<\/p>\n","protected":false},"excerpt":{"rendered":"<p>Kurara, Haru\u2019ya ula\u015fmay\u0131 ve onu kurtarmay\u0131 ba\u015fard\u0131 ancak bu tahmin etti\u011finden de zor oldu. Prenses\u2019in elinden sa\u011f kurtulsalar bile Prenses, onlar i\u00e7in h\u00e2l\u00e2 bir tehdit unsuru<span class=\"excerpt-hellip\"> [\u2026]<\/span><\/p>\n","protected":false},"featured_media":0,"template":"","meta":{"_monsterinsights_skip_tracking":false,"_monsterinsights_sitenote_active":false,"_monsterinsights_sitenote_note":"","_monsterinsights_sitenote_category":0},"product_brand":[],"product_cat":[12291,14777],"product_tag":[],"class_list":{"0":"post-761008","1":"product","2":"type-product","3":"status-publish","5":"product_cat-edebiyat","6":"product_cat-fantastik","7":"pa_cilt-ciltsiz","8":"pa_tur-kitap","9":"pa_yayinevi-genc-timas","10":"pa_yazar-ann-sei-lin","12":"first","13":"instock","14":"sale","15":"shipping-taxable","16":"purchasable","17":"product-type-simple"},"_links":{"self":[{"href":"https:\/\/roveyayinevi.com.tr\/index.php\/wp-json\/wp\/v2\/product\/761008","targetHints":{"allow":["GET"]}}],"collection":[{"href":"https:\/\/roveyayinevi.com.tr\/index.php\/wp-json\/wp\/v2\/product"}],"about":[{"href":"https:\/\/roveyayinevi.com.tr\/index.php\/wp-json\/wp\/v2\/types\/product"}],"wp:attachment":[{"href":"https:\/\/roveyayinevi.com.tr\/index.php\/wp-json\/wp\/v2\/media?parent=761008"}],"wp:term":[{"taxonomy":"product_brand","embeddable":true,"href":"https:\/\/roveyayinevi.com.tr\/index.php\/wp-json\/wp\/v2\/product_brand?post=761008"},{"taxonomy":"product_cat","embeddable":true,"href":"https:\/\/roveyayinevi.com.tr\/index.php\/wp-json\/wp\/v2\/product_cat?post=761008"},{"taxonomy":"product_tag","embeddable":true,"href":"https:\/\/roveyayinevi.com.tr\/index.php\/wp-json\/wp\/v2\/product_tag?post=761008"}],"curies":[{"name":"wp","href":"https:\/\/api.w.org\/{rel}","templated":true}]}}