{"id":761007,"date":"2025-08-28T09:24:09","date_gmt":"2025-08-28T06:24:09","guid":{"rendered":"https:\/\/roveyayinevi.com.tr\/index.php\/urun\/yanlis-alarm-komik-gelecek-tahminleri\/"},"modified":"2026-04-16T03:13:39","modified_gmt":"2026-04-16T00:13:39","slug":"yanlis-alarm-komik-gelecek-tahminleri","status":"publish","type":"product","link":"https:\/\/roveyayinevi.com.tr\/index.php\/urun\/yanlis-alarm-komik-gelecek-tahminleri\/","title":{"rendered":"Yanl\u0131\u015f Alarm &#8211; Komik Gelecek Tahminleri"},"content":{"rendered":"<p>Tarihe damga vurmu\u015f isimlerin inan\u0131lmaz &#8216;yan\u0131lma&#8217; hik\u00e2yelerini okumaya haz\u0131r m\u0131s\u0131n\u0131z? Bu benzersiz kitapta, tarihin en parlak zek\u00e2lar\u0131n\u0131n \u00f6ng\u00f6r\u00fclerinin bile ne kadar isabetsiz olabilece\u011fini g\u00f6receksiniz! Einstein\u2019dan Steve Jobs\u2019a, tarihin en etkileyici fig\u00fcrlerinin, kendi alanlar\u0131nda d\u00e2hi olsalar da, gelece\u011fi nas\u0131l yanl\u0131\u015f tahmin ettiklerini ve bu tahminlerin \u015fa\u015f\u0131rt\u0131c\u0131 hik\u00e2yelerini okuyacak, bilimsel geli\u015fmelerin h\u0131z\u0131na hayret edeceksiniz. Haydi, tarihin bu \u015fa\u015f\u0131rt\u0131c\u0131 yanl\u0131\u015f tahminlerine birlikte dalal\u0131m ve gelece\u011fi \u015fekillendirmek i\u00e7in kendi hayal g\u00fcc\u00fcm\u00fcz\u00fc kullanal\u0131m!<\/p>\n","protected":false},"excerpt":{"rendered":"<p>Tarihe damga vurmu\u015f isimlerin inan\u0131lmaz &#8216;yan\u0131lma&#8217; hik\u00e2yelerini okumaya haz\u0131r m\u0131s\u0131n\u0131z? Bu benzersiz kitapta, tarihin en parlak zek\u00e2lar\u0131n\u0131n \u00f6ng\u00f6r\u00fclerinin bile ne kadar isabetsiz olabilece\u011fini g\u00f6receksiniz! Einstein\u2019dan Steve<span class=\"excerpt-hellip\"> [\u2026]<\/span><\/p>\n","protected":false},"featured_media":0,"template":"","meta":{"_monsterinsights_skip_tracking":false,"_monsterinsights_sitenote_active":false,"_monsterinsights_sitenote_note":"","_monsterinsights_sitenote_category":0},"product_brand":[],"product_cat":[13829,12274],"product_tag":[],"class_list":{"0":"post-761007","1":"product","2":"type-product","3":"status-publish","5":"product_cat-bilimsel-kitaplar","6":"product_cat-cocuk-ve-genclik-kitaplari","7":"pa_cilt-ciltsiz","8":"pa_tur-kitap","9":"pa_yayinevi-eglenceli-bilgi-yayinlari","10":"pa_yazar-yasar-bayraktar","12":"first","13":"instock","14":"sale","15":"shipping-taxable","16":"purchasable","17":"product-type-simple"},"_links":{"self":[{"href":"https:\/\/roveyayinevi.com.tr\/index.php\/wp-json\/wp\/v2\/product\/761007","targetHints":{"allow":["GET"]}}],"collection":[{"href":"https:\/\/roveyayinevi.com.tr\/index.php\/wp-json\/wp\/v2\/product"}],"about":[{"href":"https:\/\/roveyayinevi.com.tr\/index.php\/wp-json\/wp\/v2\/types\/product"}],"wp:attachment":[{"href":"https:\/\/roveyayinevi.com.tr\/index.php\/wp-json\/wp\/v2\/media?parent=761007"}],"wp:term":[{"taxonomy":"product_brand","embeddable":true,"href":"https:\/\/roveyayinevi.com.tr\/index.php\/wp-json\/wp\/v2\/product_brand?post=761007"},{"taxonomy":"product_cat","embeddable":true,"href":"https:\/\/roveyayinevi.com.tr\/index.php\/wp-json\/wp\/v2\/product_cat?post=761007"},{"taxonomy":"product_tag","embeddable":true,"href":"https:\/\/roveyayinevi.com.tr\/index.php\/wp-json\/wp\/v2\/product_tag?post=761007"}],"curies":[{"name":"wp","href":"https:\/\/api.w.org\/{rel}","templated":true}]}}