{"id":761006,"date":"2025-08-28T09:24:08","date_gmt":"2025-08-28T06:24:08","guid":{"rendered":"https:\/\/roveyayinevi.com.tr\/index.php\/urun\/mercan-resiflerinin-otesi\/"},"modified":"2026-04-16T03:13:39","modified_gmt":"2026-04-16T00:13:39","slug":"mercan-resiflerinin-otesi","status":"publish","type":"product","link":"https:\/\/roveyayinevi.com.tr\/index.php\/urun\/mercan-resiflerinin-otesi\/","title":{"rendered":"Mercan Resiflerinin \u00d6tesi"},"content":{"rendered":"<p>T\u00fcrkiye\u2019de art\u0131k bir klasik haline gelen Su \u00dcst\u00fcne Yaz\u0131 Yazmak kitab\u0131n\u0131n yazar\u0131 Muhyiddin \u015eek\u00fbr Mercan Resiflerinin \u00d6tesi ile \u201cSufi G\u00fcnl\u00fckleri\u201d serisine devam ediyor.Yazar her zamanki gibi yine \u0130lahi Rahmet\u2019in hayat\u0131n her an\u0131na n\u00fcfuz edi\u015fini ve g\u00fcndelik hayat\u0131n i\u00e7ine gizlenmi\u015f ir\u015fadlar\u0131 fark etmeye dair dikkatli bak\u0131\u015f\u0131yla ayr\u0131nt\u0131 gibi g\u00f6r\u00fcnen i\u015faretlerin pe\u015fine d\u00fc\u015f\u00fcyor. Yirmi birinci y\u00fczy\u0131lda ya\u015faman\u0131n en b\u00fcy\u00fck a\u00e7mazlar\u0131ndan olan dikkat da\u011f\u0131n\u0131kl\u0131\u011f\u0131yla ilgili incelikli uyar\u0131larda bulunuyor. Ama bunu tasavvufi metinlerde pek de s\u0131k rastlamad\u0131\u011f\u0131m\u0131z bir bi\u00e7imde bazen bir televizyon program\u0131, bazen The Matrix gibi k\u00fclt bir film, bazen de g\u00fcn i\u00e7inde son derece ola\u011fan bi\u00e7imde kar\u015f\u0131m\u0131za \u00e7\u0131kan \u201cKaf Da\u011f\u0131\u2019ndan gelen bir ku\u015f\u201d \u00fczerinden resmediyor. Ve b\u00fct\u00fcn bu i\u015faretlerin ki\u015finin kendi ger\u00e7e\u011fine ve nefsine kar\u015f\u0131 son derece d\u00fcr\u00fcst ama ayn\u0131 zamanda \u00fcmitli bir yerden bakarak nas\u0131l okunabilece\u011fi konusunda \u015fefkatli bir el uzat\u0131yor.Muhyiddin \u015eek\u00fbr\u2019u bizlerle tan\u0131\u015ft\u0131ran Ay\u015fe \u015easa, \u0130bn Arab\u00ee\u2019den ilhamla, \u201cMucizeler bir kere ba\u015flad\u0131 m\u0131 bitmek bilmez,\u201d diyordu. Muhyiddin \u015eek\u00fbr da \u201cO\u2019nun iyili\u011finin kalbe i\u015fleyi\u015fi o kadar berrak ve keskindir ki buna nail olan kimse, ilahi rahmeti tatt\u0131\u011f\u0131n\u0131 kesin ve \u015f\u00fcphesiz olarak bilir,\u201d diyerek dik yoku\u015flar\u0131n ayn\u0131 zamanda ola\u011fan\u00fcst\u00fc f\u0131rsatlar da bar\u0131nd\u0131rd\u0131\u011f\u0131n\u0131 hat\u0131rlat\u0131yor. D\u00fcnya denilen suretler \u00e2lemi ile mercan resifleri aras\u0131nda benzerlik kuran \u015eek\u00fbr, g\u00f6r\u00fcnenin \u00f6tesinde u\u00e7suz bucaks\u0131z bir hakikat denizi oldu\u011funu f\u0131s\u0131ld\u0131yor.\u0130r\u015fad\u0131m ilerledik\u00e7e, kalbim Allah\u2019\u0131n c\u00f6mertli\u011fi kar\u015f\u0131s\u0131nda \u015f\u00fckranla doldu. O&#8217;nun yard\u0131m\u0131n\u0131n d\u00fcnyeviden uhreviye her y\u00f6nden ve her seviyede geldi\u011fini g\u00f6r\u00fcyordum. En nihayetinde \u201canlamam\u0131za\u201d ve b\u00f6ylece \u00f6zg\u00fcrle\u015ferek ger\u00e7ekten ya\u015famaya ba\u015flamam\u0131za yard\u0131m eden Rahmetinin ne kadar bol oldu\u011funu g\u00f6r\u00fcyordum. Bu \u00e2lem, aray\u0131\u015fta olan her birimiz i\u00e7in ola\u011fan\u00fcst\u00fc f\u0131rsatlar sunar.<\/p>\n","protected":false},"excerpt":{"rendered":"<p>T\u00fcrkiye\u2019de art\u0131k bir klasik haline gelen Su \u00dcst\u00fcne Yaz\u0131 Yazmak kitab\u0131n\u0131n yazar\u0131 Muhyiddin \u015eek\u00fbr Mercan Resiflerinin \u00d6tesi ile \u201cSufi G\u00fcnl\u00fckleri\u201d serisine devam ediyor.Yazar her zamanki gibi<span class=\"excerpt-hellip\"> [\u2026]<\/span><\/p>\n","protected":false},"featured_media":0,"template":"","meta":{"_monsterinsights_skip_tracking":false,"_monsterinsights_sitenote_active":false,"_monsterinsights_sitenote_note":"","_monsterinsights_sitenote_category":0},"product_brand":[],"product_cat":[12718,12719,15238],"product_tag":[],"class_list":{"0":"post-761006","1":"product","2":"type-product","3":"status-publish","5":"product_cat-din","6":"product_cat-islam","7":"product_cat-tasavvuf","8":"pa_cilt-ciltsiz","9":"pa_tur-kitap","10":"pa_yayinevi-sufi-kitap","11":"pa_yazar-muhyiddin-sekur","13":"first","14":"instock","15":"sale","16":"shipping-taxable","17":"purchasable","18":"product-type-simple"},"_links":{"self":[{"href":"https:\/\/roveyayinevi.com.tr\/index.php\/wp-json\/wp\/v2\/product\/761006","targetHints":{"allow":["GET"]}}],"collection":[{"href":"https:\/\/roveyayinevi.com.tr\/index.php\/wp-json\/wp\/v2\/product"}],"about":[{"href":"https:\/\/roveyayinevi.com.tr\/index.php\/wp-json\/wp\/v2\/types\/product"}],"wp:attachment":[{"href":"https:\/\/roveyayinevi.com.tr\/index.php\/wp-json\/wp\/v2\/media?parent=761006"}],"wp:term":[{"taxonomy":"product_brand","embeddable":true,"href":"https:\/\/roveyayinevi.com.tr\/index.php\/wp-json\/wp\/v2\/product_brand?post=761006"},{"taxonomy":"product_cat","embeddable":true,"href":"https:\/\/roveyayinevi.com.tr\/index.php\/wp-json\/wp\/v2\/product_cat?post=761006"},{"taxonomy":"product_tag","embeddable":true,"href":"https:\/\/roveyayinevi.com.tr\/index.php\/wp-json\/wp\/v2\/product_tag?post=761006"}],"curies":[{"name":"wp","href":"https:\/\/api.w.org\/{rel}","templated":true}]}}