{"id":761003,"date":"2025-08-28T09:24:05","date_gmt":"2025-08-28T06:24:05","guid":{"rendered":"https:\/\/roveyayinevi.com.tr\/index.php\/urun\/egemenlik-uzerine\/"},"modified":"2026-04-16T03:13:39","modified_gmt":"2026-04-16T00:13:39","slug":"egemenlik-uzerine","status":"publish","type":"product","link":"https:\/\/roveyayinevi.com.tr\/index.php\/urun\/egemenlik-uzerine\/","title":{"rendered":"Egemenlik \u00dczerine"},"content":{"rendered":"<p>Bodin siyasal d\u00fc\u015f\u00fcnce tarihine \u201cegemenlik\u201d kavram\u0131n\u0131 hediye etmesi ile bilinir. Politik arenaya bug\u00fcnden bakt\u0131\u011f\u0131m\u0131zda egemenlik mefhumundan uzak bir y\u00f6netim erkini tahayy\u00fcl edemez ve Bodin\u2019in katk\u0131s\u0131n\u0131n ne oldu\u011funu tam olarak idrak edemeyebiliriz. Oysa kilisenin ve feodal siyasi yap\u0131lar\u0131n h\u00e2kimiyeti alt\u0131nda ge\u00e7en Orta \u00c7a\u011f boyunca Avrupa\u2019da monark\u0131n\/h\u00fck\u00fcmdar\u0131n iktidar\u0131 mutlak olmaktan uzakt\u0131r. Modern ulus-devletlerin bir \u00f6nceki safhas\u0131 olan mutlak\u0131yet\u00e7i devletlerin ortaya \u00e7\u0131k\u0131\u015f\u0131nda Bodin\u2019in kavramsalla\u015ft\u0131rd\u0131\u011f\u0131 egemenlik d\u00fc\u015f\u00fcncesi \u00f6nemli ve ideolojik bir rol oynam\u0131\u015f, kamu hukukunun bilimsel bir disiplin haline gelmesine yard\u0131mc\u0131 olmu\u015ftur.Egemenli\u011fin b\u00f6l\u00fcnemezli\u011fi ve erkin h\u00fck\u00fcmdarda temerk\u00fcz etmesinin devletin asli ko\u015fulu oldu\u011fu fikri, bug\u00fcnden bakt\u0131\u011f\u0131m\u0131zda uygulanamaz derecede kat\u0131 ve mutlak\u0131yet\u00e7i g\u00f6r\u00fcnse de sonraki y\u00fczy\u0131llar\u0131n anayasal ve idari tart\u0131\u015fmalar\u0131na zemin haz\u0131rlam\u0131\u015f ve kuvvetler ayr\u0131l\u0131\u011f\u0131, hukuk devleti, sivil toplum, insan haklar\u0131 gibi egemenli\u011fe ili\u015fkin istisnai hallere dair tart\u0131\u015fmalara da alan a\u00e7m\u0131\u015ft\u0131r.Cambridge \u00dcniversitesi Yay\u0131nlar\u0131n\u0131n Bat\u0131 Siyaset D\u00fc\u015f\u00fcncesi Klasikleri serisinde yer alan ve Reha Kulda\u015fl\u0131 \u00e7evirisiyle T\u00fcrk\u00e7eye kazand\u0131r\u0131lan Egemenlik \u00dczerine, Bodin\u2019in ba\u015fyap\u0131t\u0131 olan Devletin Alt\u0131 Kitab\u0131\u2019n\u0131n d\u00f6rt b\u00f6l\u00fcm\u00fcnden olu\u015fmakta ve modern bir siyasal kavram olan egemenli\u011fin kurumsalla\u015fma tarihi \u00fczerine nitelikli bir tart\u0131\u015fma sunmaktad\u0131r.<\/p>\n","protected":false},"excerpt":{"rendered":"<p>Bodin siyasal d\u00fc\u015f\u00fcnce tarihine \u201cegemenlik\u201d kavram\u0131n\u0131 hediye etmesi ile bilinir. Politik arenaya bug\u00fcnden bakt\u0131\u011f\u0131m\u0131zda egemenlik mefhumundan uzak bir y\u00f6netim erkini tahayy\u00fcl edemez ve Bodin\u2019in katk\u0131s\u0131n\u0131n ne<span class=\"excerpt-hellip\"> [\u2026]<\/span><\/p>\n","protected":false},"featured_media":0,"template":"","meta":{"_monsterinsights_skip_tracking":false,"_monsterinsights_sitenote_active":false,"_monsterinsights_sitenote_note":"","_monsterinsights_sitenote_category":0},"product_brand":[],"product_cat":[12388,15536],"product_tag":[],"class_list":{"0":"post-761003","1":"product","2":"type-product","3":"status-publish","5":"product_cat-felsefe","6":"product_cat-siyaset-felsefesi","7":"pa_cilt-ciltsiz","8":"pa_tur-kitap","9":"pa_yayinevi-timas-akademi-yayinlari","10":"pa_yazar-jean-bodin","12":"first","13":"instock","14":"sale","15":"shipping-taxable","16":"purchasable","17":"product-type-simple"},"_links":{"self":[{"href":"https:\/\/roveyayinevi.com.tr\/index.php\/wp-json\/wp\/v2\/product\/761003","targetHints":{"allow":["GET"]}}],"collection":[{"href":"https:\/\/roveyayinevi.com.tr\/index.php\/wp-json\/wp\/v2\/product"}],"about":[{"href":"https:\/\/roveyayinevi.com.tr\/index.php\/wp-json\/wp\/v2\/types\/product"}],"wp:attachment":[{"href":"https:\/\/roveyayinevi.com.tr\/index.php\/wp-json\/wp\/v2\/media?parent=761003"}],"wp:term":[{"taxonomy":"product_brand","embeddable":true,"href":"https:\/\/roveyayinevi.com.tr\/index.php\/wp-json\/wp\/v2\/product_brand?post=761003"},{"taxonomy":"product_cat","embeddable":true,"href":"https:\/\/roveyayinevi.com.tr\/index.php\/wp-json\/wp\/v2\/product_cat?post=761003"},{"taxonomy":"product_tag","embeddable":true,"href":"https:\/\/roveyayinevi.com.tr\/index.php\/wp-json\/wp\/v2\/product_tag?post=761003"}],"curies":[{"name":"wp","href":"https:\/\/api.w.org\/{rel}","templated":true}]}}