{"id":761002,"date":"2025-08-28T09:24:04","date_gmt":"2025-08-28T06:24:04","guid":{"rendered":"https:\/\/roveyayinevi.com.tr\/index.php\/urun\/osmanli-imparatorlugu\/"},"modified":"2026-04-16T03:13:39","modified_gmt":"2026-04-16T00:13:39","slug":"osmanli-imparatorlugu","status":"publish","type":"product","link":"https:\/\/roveyayinevi.com.tr\/index.php\/urun\/osmanli-imparatorlugu\/","title":{"rendered":"Osmanl\u0131 \u0130mparatorlu\u011fu"},"content":{"rendered":"<p>Osmanl\u0131 \u0130mparatorlu\u011fu uygarl\u0131k tarihinin ba\u015flang\u0131c\u0131ndan bu yana Ortado\u011fu ve Akdeniz\u2019e egemen olan b\u00fcy\u00fck imparatorluklar\u0131n sonuncusudur. Ve \u0130slam tarihi boyunca kurulan imparatorluklar\u0131n da\u2026 Osmanl\u0131 \u0130mparatorlu\u011fu, 1300\u2019lerde bir Ge\u00e7 Orta \u00c7a\u011f beyli\u011fi olarak kuruldu. Zaman i\u00e7inde, Avrupa, Asya ve Afrika k\u0131talar\u0131nda geni\u015f bir co\u011frafi alan\u0131 kapsayacak \u015fekilde geni\u015fledi. Birinci D\u00fcnya Sava\u015f\u0131 sonuna kadar s\u00fcren 600 y\u0131ll\u0131k varl\u0131\u011f\u0131 boyunca erken modern ve modern d\u00f6nemlerin ko\u015fullar\u0131na uyum sa\u011flamaya \u00e7al\u0131\u015farak birka\u00e7 b\u00fcy\u00fck d\u00f6n\u00fc\u015f\u00fcm ge\u00e7irdi.Osmanl\u0131 \u0130mparatorlu\u011fu: Yeni Bir Tarih, Osmanl\u0131 tarihini ba\u015ftan sona bir b\u00fct\u00fcn h\u00e2linde ele alarak, tek ciltte ve nispeten k\u0131sa bir \u015fekilde \u00f6zetliyor. 14. y\u00fczy\u0131l\u0131n sonlar\u0131ndan 20. y\u00fczy\u0131l\u0131n ba\u015flar\u0131na kadar ba\u015fl\u0131ca siyasi, diplomatik ve asker\u00ee olaylar ile sosyal, ekonomik, mali, idari ve hukuki yap\u0131lar\u0131 ve kurumlar\u0131 konu ediniyor. Osmanl\u0131 Devleti\u2019ni bir imparatorluk olarak ele alan bu kitap, s\u00fcreklilikler ve de\u011fi\u015fimler ile bunlar\u0131 belirleyen dinamikleri anla(t)maya \u00e7al\u0131\u015f\u0131yor. Bu ba\u011flamda, Osmanl\u0131 emperyal sistemine, siyasi-idari ve sosyo-ekonomik s\u00fcre\u00e7ler ile imparatorluktaki \u00e7e\u015fitli akt\u00f6rlerin rollerine \u0131\u015f\u0131k tutuyor.Osmanl\u0131 imparatorluk sistemini izah ederken Ortado\u011fu devlet gelene\u011findeki \u2018Adalet Dairesi\u2019 \u00e7er\u00e7evesini kullanan \u00e7al\u0131\u015fma, son b\u00f6l\u00fcmde \u00fc\u00e7 soruya cevap ar\u0131yor: Di\u011fer imparatorluklara k\u0131yasla Osmanl\u0131 \u0130mparatorlu\u011fu\u2019nun d\u00fcnya tarihindeki yeri nedir? Osmanl\u0131 \u0130mparatorlu\u011fu\u2019nun uzun \u00f6m\u00fcrl\u00fc olmas\u0131n\u0131 sa\u011flayan fakt\u00f6rler nelerdir? Ve Osmanl\u0131 \u0130mparatorlu\u011fu\u2019nun ard\u0131l devletlerdeki tart\u0131\u015fmal\u0131 miras\u0131 nas\u0131l de\u011ferlendirilebilir? Kitap boyunca bir dizi \u00e7er\u00e7eve metin, tablo, harita ve g\u00f6rselin yan\u0131 s\u0131ra her b\u00f6l\u00fcm\u00fcn sonunda bir okuma listesi ile ilgili b\u00f6l\u00fcmlerin ba\u015f\u0131nda \u00f6nemli tarih ve olaylar\u0131 i\u00e7eren kronolojilere yer veriliyor.Osmanl\u0131 \u0130mparatorlu\u011fu: Yeni Bir Tarih, bu kompleks imparatorlu\u011fu y\u00fczy\u0131llar boyunca ayakta tutan akt\u00f6rler, s\u00fcre\u00e7ler, yap\u0131lar ve kurumlar\u0131 anlamak i\u00e7in bir rehber niteli\u011finde\u2026<\/p>\n","protected":false},"excerpt":{"rendered":"<p>Osmanl\u0131 \u0130mparatorlu\u011fu uygarl\u0131k tarihinin ba\u015flang\u0131c\u0131ndan bu yana Ortado\u011fu ve Akdeniz\u2019e egemen olan b\u00fcy\u00fck imparatorluklar\u0131n sonuncusudur. Ve \u0130slam tarihi boyunca kurulan imparatorluklar\u0131n da\u2026 Osmanl\u0131 \u0130mparatorlu\u011fu, 1300\u2019lerde bir<span class=\"excerpt-hellip\"> [\u2026]<\/span><\/p>\n","protected":false},"featured_media":0,"template":"","meta":{"_monsterinsights_skip_tracking":false,"_monsterinsights_sitenote_active":false,"_monsterinsights_sitenote_note":"","_monsterinsights_sitenote_category":0},"product_brand":[],"product_cat":[13517,12304],"product_tag":[],"class_list":{"0":"post-761002","1":"product","2":"type-product","3":"status-publish","5":"product_cat-osmanli-tarihi","6":"product_cat-tarih","7":"pa_cilt-ciltsiz","8":"pa_tur-kitap","9":"pa_yayinevi-timas-yayinlari","10":"pa_yazar-gokhan-cetinsaya","12":"first","13":"instock","14":"sale","15":"shipping-taxable","16":"purchasable","17":"product-type-simple"},"_links":{"self":[{"href":"https:\/\/roveyayinevi.com.tr\/index.php\/wp-json\/wp\/v2\/product\/761002","targetHints":{"allow":["GET"]}}],"collection":[{"href":"https:\/\/roveyayinevi.com.tr\/index.php\/wp-json\/wp\/v2\/product"}],"about":[{"href":"https:\/\/roveyayinevi.com.tr\/index.php\/wp-json\/wp\/v2\/types\/product"}],"wp:attachment":[{"href":"https:\/\/roveyayinevi.com.tr\/index.php\/wp-json\/wp\/v2\/media?parent=761002"}],"wp:term":[{"taxonomy":"product_brand","embeddable":true,"href":"https:\/\/roveyayinevi.com.tr\/index.php\/wp-json\/wp\/v2\/product_brand?post=761002"},{"taxonomy":"product_cat","embeddable":true,"href":"https:\/\/roveyayinevi.com.tr\/index.php\/wp-json\/wp\/v2\/product_cat?post=761002"},{"taxonomy":"product_tag","embeddable":true,"href":"https:\/\/roveyayinevi.com.tr\/index.php\/wp-json\/wp\/v2\/product_tag?post=761002"}],"curies":[{"name":"wp","href":"https:\/\/api.w.org\/{rel}","templated":true}]}}